{"id":13273,"date":"2024-10-17T17:07:30","date_gmt":"2024-10-17T16:07:30","guid":{"rendered":"https:\/\/gettaxi.ch\/?page_id=13273"},"modified":"2024-11-21T14:41:01","modified_gmt":"2024-11-21T13:41:01","slug":"blogs","status":"publish","type":"page","link":"https:\/\/gettaxi.ch\/de\/blogs\/","title":{"rendered":"Blogs"},"content":{"rendered":"\t\t<div data-elementor-type=\"wp-page\" data-elementor-id=\"13273\" class=\"elementor elementor-13273\">\n\t\t\t\t\t\t<section class=\"elementor-section elementor-top-section elementor-element elementor-element-24fd84a elementor-section-height-min-height elementor-section-boxed elementor-section-height-default elementor-section-items-middle\" data-id=\"24fd84a\" data-element_type=\"section\" data-e-type=\"section\" data-settings=\"{&quot;background_background&quot;:&quot;classic&quot;}\">\n\t\t\t\t\t\t\t<div class=\"elementor-background-overlay\"><\/div>\n\t\t\t\t\t\t\t<div class=\"elementor-container elementor-column-gap-default\">\n\t\t\t\t\t<div class=\"elementor-column elementor-col-100 elementor-top-column elementor-element elementor-element-4ad1666\" data-id=\"4ad1666\" data-element_type=\"column\" data-e-type=\"column\">\n\t\t\t<div class=\"elementor-widget-wrap elementor-element-populated\">\n\t\t\t\t\t\t<div class=\"elementor-element elementor-element-0a400ac elementor-widget elementor-widget-heading\" data-id=\"0a400ac\" data-element_type=\"widget\" data-e-type=\"widget\" data-widget_type=\"heading.default\">\n\t\t\t\t<div class=\"elementor-widget-container\">\n\t\t\t\t\t<h1 class=\"elementor-heading-title elementor-size-default\">Blog<\/h1>\t\t\t\t<\/div>\n\t\t\t\t<\/div>\n\t\t\t\t\t<\/div>\n\t\t<\/div>\n\t\t\t\t\t<\/div>\n\t\t<\/section>\n\t\t\t\t<section class=\"elementor-section elementor-top-section elementor-element elementor-element-ddd6e86 elementor-section-boxed elementor-section-height-default elementor-section-height-default\" data-id=\"ddd6e86\" data-element_type=\"section\" data-e-type=\"section\">\n\t\t\t\t\t\t<div class=\"elementor-container elementor-column-gap-default\">\n\t\t\t\t\t<div class=\"elementor-column elementor-col-100 elementor-top-column elementor-element elementor-element-afb6351\" data-id=\"afb6351\" data-element_type=\"column\" data-e-type=\"column\">\n\t\t\t<div class=\"elementor-widget-wrap elementor-element-populated\">\n\t\t\t\t\t\t<div class=\"elementor-element elementor-element-b1bffd5 elementor-widget elementor-widget-ucaddon_post_blocks\" data-id=\"b1bffd5\" data-element_type=\"widget\" data-e-type=\"widget\" data-widget_type=\"ucaddon_post_blocks.default\">\n\t\t\t\t<div class=\"elementor-widget-container\">\n\t\t\t\t\t\n<!-- start Post Blocks -->\n<style>\/* widget: Post Blocks *\/\n\n#uc_post_blocks_elementor_b1bffd5 {\n    display:grid;\n\tgrid-template-columns: repeat(3, 1fr);\n}\n#uc_post_blocks_elementor_b1bffd5 .ue_post_blocks_box\n{\n  overflow:hidden;\n}\n\n#uc_post_blocks_elementor_b1bffd5 .ue_post_blocks_image\n{\n  overflow:hidden;\n}\n#uc_post_blocks_elementor_b1bffd5 .ue_post_blocks_image img\n{\n  object-fit: cover;\n  object-position:center center;\n  width:100%;\n  display:block;\n}\n#uc_post_blocks_elementor_b1bffd5 .ue_post_blocks_link a\n{\n  display:inline-block;\n  text-decoration:none;\n  text-align:center;\n}\n\n #uc_post_blocks_elementor_b1bffd5 .ue_post_blocks_box img\n{\n  transition:0.5s;\n}\n #uc_post_blocks_elementor_b1bffd5 .ue_post_blocks_box:hover img\n{\n  transform:scale(1.1,1.1);\n}\n\n@media screen and (max-width: 800px) {\n  #uc_post_blocks_elementor_b1bffd5 {\n  grid-template-columns: repeat(2, 1fr);\n  }\n}\n\n@media screen and (max-width: 420px) {\n   #uc_post_blocks_elementor_b1bffd5 {\n  grid-template-columns: repeat(1, 1fr);\n   }\n}\n\n<\/style>\n\n<div id=\"uc_post_blocks_elementor_b1bffd5\" class=\"ue_post_blocks\">\n    <div class=\"ue_post_blocks_box\" style=\"text-align:left;\">\n    <div class=\"ue_post_blocks_image\">\n    <a href=\"https:\/\/gettaxi.ch\/de\/%f0%9f%93%88-ameliorez-lexperience-client-avecdes-services-de-depannage-optimises\/\" style=\"display:block;\"><img decoding=\"async\" src=\"https:\/\/gettaxi.ch\/wp-content\/uploads\/2021\/05\/Gettaxi-profil.jpg\"><\/a>\n  <\/div>\n    <div class=\"ue_post_blocks_content\">\n    <div class=\"ue_post_blocks_title\"><a href=\"https:\/\/gettaxi.ch\/de\/%f0%9f%93%88-ameliorez-lexperience-client-avecdes-services-de-depannage-optimises\/\">\ud83d\udcc8 Am\u00e9liorez l\u2019exp\u00e9rience client avec des services de d\u00e9pannage optimis\u00e9s<\/a><\/div>    <div class=\"ue_post_blocks_date\">08 November 2024<\/div>    <div class=\"ue_post_blocks_text\">Dans le monde dynamique de l&amp;#8217;assurance automobile, offrir une exp\u00e9rience client exceptionnelle...<\/div>    <div class=\"ue_post_blocks_link\"><a href=\"https:\/\/gettaxi.ch\/de\/%f0%9f%93%88-ameliorez-lexperience-client-avecdes-services-de-depannage-optimises\/\">Read More<\/a><\/div>  <\/div>\n<\/div>\n<div class=\"ue_post_blocks_box\" style=\"text-align:left;\">\n    <div class=\"ue_post_blocks_image\">\n    <a href=\"https:\/\/gettaxi.ch\/de\/%f0%9f%92%a1-pourquoi-gettaxi-est-le-choix-deconfiance-pour-le-depannage\/\" style=\"display:block;\"><img decoding=\"async\" src=\"https:\/\/gettaxi.ch\/wp-content\/uploads\/2024\/11\/taxi-images-7.webp\"><\/a>\n  <\/div>\n    <div class=\"ue_post_blocks_content\">\n    <div class=\"ue_post_blocks_title\"><a href=\"https:\/\/gettaxi.ch\/de\/%f0%9f%92%a1-pourquoi-gettaxi-est-le-choix-deconfiance-pour-le-depannage\/\">\ud83d\udca1 Pourquoi GetTaxi est le choix de confiance pour le d\u00e9pannage<\/a><\/div>    <div class=\"ue_post_blocks_date\">08 November 2024<\/div>    <div class=\"ue_post_blocks_text\">Dans le monde moderne, o\u00f9 tout va si vite, les automobilistes ont besoin d&amp;#8217;un partenaire fiable...<\/div>    <div class=\"ue_post_blocks_link\"><a href=\"https:\/\/gettaxi.ch\/de\/%f0%9f%92%a1-pourquoi-gettaxi-est-le-choix-deconfiance-pour-le-depannage\/\">Read More<\/a><\/div>  <\/div>\n<\/div>\n<div class=\"ue_post_blocks_box\" style=\"text-align:left;\">\n    <div class=\"ue_post_blocks_image\">\n    <a href=\"https:\/\/gettaxi.ch\/de\/%f0%9f%a7%ad-taxi-urgent-avec-gettaxi-lasolution-pour-vos-clients-en-panne\/\" style=\"display:block;\"><img decoding=\"async\" src=\"https:\/\/gettaxi.ch\/wp-content\/uploads\/2024\/11\/taxi-images-1-scaled.jpeg\"><\/a>\n  <\/div>\n    <div class=\"ue_post_blocks_content\">\n    <div class=\"ue_post_blocks_title\"><a href=\"https:\/\/gettaxi.ch\/de\/%f0%9f%a7%ad-taxi-urgent-avec-gettaxi-lasolution-pour-vos-clients-en-panne\/\">Taxi urgent avec GetTaxi : La solution pour vos clients en panne<\/a><\/div>    <div class=\"ue_post_blocks_date\">08 November 2024<\/div>    <div class=\"ue_post_blocks_text\">\u00a0Taxi urgent avec GetTaxi? Dans le monde de l&amp;#8217;assurance automobile et des services de d\u00e9pannage,...<\/div>    <div class=\"ue_post_blocks_link\"><a href=\"https:\/\/gettaxi.ch\/de\/%f0%9f%a7%ad-taxi-urgent-avec-gettaxi-lasolution-pour-vos-clients-en-panne\/\">Read More<\/a><\/div>  <\/div>\n<\/div>\n<div class=\"ue_post_blocks_box\" style=\"text-align:left;\">\n    <div class=\"ue_post_blocks_image\">\n    <a href=\"https:\/\/gettaxi.ch\/de\/%e2%9a%99%ef%b8%8f-assistance-taxi-gettaxi-optimisez-le-service-pour-vos-clients\/\" style=\"display:block;\"><img decoding=\"async\" src=\"https:\/\/gettaxi.ch\/wp-content\/uploads\/2024\/11\/taxi-images-6.webp\"><\/a>\n  <\/div>\n    <div class=\"ue_post_blocks_content\">\n    <div class=\"ue_post_blocks_title\"><a href=\"https:\/\/gettaxi.ch\/de\/%e2%9a%99%ef%b8%8f-assistance-taxi-gettaxi-optimisez-le-service-pour-vos-clients\/\">Assistance Taxi GetTaxi :Optimisez le Service pour Vos Clients<\/a><\/div>    <div class=\"ue_post_blocks_date\">08 November 2024<\/div>    <div class=\"ue_post_blocks_text\">Introduction\n\n\nDans le monde d&amp;#8217;aujourd&amp;#8217;hui, o\u00f9 l&amp;#8217;efficacit\u00e9 et la rapidit\u00e9 sont essentielles,...<\/div>    <div class=\"ue_post_blocks_link\"><a href=\"https:\/\/gettaxi.ch\/de\/%e2%9a%99%ef%b8%8f-assistance-taxi-gettaxi-optimisez-le-service-pour-vos-clients\/\">Read More<\/a><\/div>  <\/div>\n<\/div>\n<div class=\"ue_post_blocks_box\" style=\"text-align:left;\">\n    <div class=\"ue_post_blocks_image\">\n    <a href=\"https:\/\/gettaxi.ch\/de\/%f0%9f%93%9e-simplifiez-le-depannage-de-vosclients-reservez-un-taxi-avec-gettaxi\/\" style=\"display:block;\"><img decoding=\"async\" src=\"https:\/\/gettaxi.ch\/wp-content\/uploads\/2024\/11\/taxi-images-3-scaled.jpeg\"><\/a>\n  <\/div>\n    <div class=\"ue_post_blocks_content\">\n    <div class=\"ue_post_blocks_title\"><a href=\"https:\/\/gettaxi.ch\/de\/%f0%9f%93%9e-simplifiez-le-depannage-de-vosclients-reservez-un-taxi-avec-gettaxi\/\">Simplifiez le d\u00e9pannage de vos clients : R\u00e9servez un taxi avec des GetTaxi<\/a><\/div>    <div class=\"ue_post_blocks_date\">08 November 2024<\/div>    <div class=\"ue_post_blocks_text\">Simplifiez le d\u00e9pannage de vos clients? Les assureurs, les propri\u00e9taires de voitures et les services...<\/div>    <div class=\"ue_post_blocks_link\"><a href=\"https:\/\/gettaxi.ch\/de\/%f0%9f%93%9e-simplifiez-le-depannage-de-vosclients-reservez-un-taxi-avec-gettaxi\/\">Read More<\/a><\/div>  <\/div>\n<\/div>\n<div class=\"ue_post_blocks_box\" style=\"text-align:left;\">\n    <div class=\"ue_post_blocks_image\">\n    <a href=\"https:\/\/gettaxi.ch\/de\/%f0%9f%9a%95-gettaxi-transfert-rapide-et-fiablepour-le-depannage\/\" style=\"display:block;\"><img decoding=\"async\" src=\"https:\/\/gettaxi.ch\/wp-content\/uploads\/ac_assets\/uc_article_grid_style_six\/\/no-image.png\"><\/a>\n  <\/div>\n    <div class=\"ue_post_blocks_content\">\n    <div class=\"ue_post_blocks_title\"><a href=\"https:\/\/gettaxi.ch\/de\/%f0%9f%9a%95-gettaxi-transfert-rapide-et-fiablepour-le-depannage\/\">\ud83d\ude95GetTaxi : Transfert rapide et fiable pour le d\u00e9pannage<\/a><\/div>    <div class=\"ue_post_blocks_date\">08 November 2024<\/div>    <div class=\"ue_post_blocks_text\">\ud83d\ude95GetTaxi \u00a0? Dans un monde o\u00f9 le temps est pr\u00e9cieux et o\u00f9 chaque minute compte, pouvoir compter surun...<\/div>    <div class=\"ue_post_blocks_link\"><a href=\"https:\/\/gettaxi.ch\/de\/%f0%9f%9a%95-gettaxi-transfert-rapide-et-fiablepour-le-depannage\/\">Read More<\/a><\/div>  <\/div>\n<\/div>\n<div class=\"ue_post_blocks_box\" style=\"text-align:left;\">\n    <div class=\"ue_post_blocks_image\">\n    <a href=\"https:\/\/gettaxi.ch\/de\/how-does-our-reservation-service-worktaxi-for-car-repair\/\" style=\"display:block;\"><img decoding=\"async\" src=\"https:\/\/gettaxi.ch\/wp-content\/uploads\/2024\/11\/taxi-images-4.webp\"><\/a>\n  <\/div>\n    <div class=\"ue_post_blocks_content\">\n    <div class=\"ue_post_blocks_title\"><a href=\"https:\/\/gettaxi.ch\/de\/how-does-our-reservation-service-worktaxi-for-car-repair\/\">How does our reservation service work?taxi for car repair?<\/a><\/div>    <div class=\"ue_post_blocks_date\">08 November 2024<\/div>    <div class=\"ue_post_blocks_text\">\u00c9tape 1 : Acc\u00e9der \u00e0 notre plateforme intuitive\n\n\nR\u00e9paration de voiture? Tout commence par un acc\u00e8s facile...<\/div>    <div class=\"ue_post_blocks_link\"><a href=\"https:\/\/gettaxi.ch\/de\/how-does-our-reservation-service-worktaxi-for-car-repair\/\">Read More<\/a><\/div>  <\/div>\n<\/div>\n<div class=\"ue_post_blocks_box\" style=\"text-align:left;\">\n    <div class=\"ue_post_blocks_image\">\n    <a href=\"https:\/\/gettaxi.ch\/de\/book-a-taxi-with-gettaxi\/\" style=\"display:block;\"><img decoding=\"async\" src=\"https:\/\/gettaxi.ch\/wp-content\/uploads\/ac_assets\/uc_article_grid_style_six\/\/no-image.png\"><\/a>\n  <\/div>\n    <div class=\"ue_post_blocks_content\">\n    <div class=\"ue_post_blocks_title\"><a href=\"https:\/\/gettaxi.ch\/de\/book-a-taxi-with-gettaxi\/\">Book a taxi with GetTaxi foryour customers are down<\/a><\/div>    <div class=\"ue_post_blocks_date\">08 November 2024<\/div>    <div class=\"ue_post_blocks_text\">R\u00e9servez un taxi avec GetTaxi? En tant que professionnel de l&amp;#8217;assurance, vous savez mieux que quiconque...<\/div>    <div class=\"ue_post_blocks_link\"><a href=\"https:\/\/gettaxi.ch\/de\/book-a-taxi-with-gettaxi\/\">Read More<\/a><\/div>  <\/div>\n<\/div>\n<div class=\"ue_post_blocks_box\" style=\"text-align:left;\">\n    <div class=\"ue_post_blocks_image\">\n    <a href=\"https:\/\/gettaxi.ch\/de\/comment-gettaxi-transforme-le-depannage-devoiture-%f0%9f%9a%80\/\" style=\"display:block;\"><img decoding=\"async\" src=\"https:\/\/gettaxi.ch\/wp-content\/uploads\/ac_assets\/uc_article_grid_style_six\/\/no-image.png\"><\/a>\n  <\/div>\n    <div class=\"ue_post_blocks_content\">\n    <div class=\"ue_post_blocks_title\"><a href=\"https:\/\/gettaxi.ch\/de\/comment-gettaxi-transforme-le-depannage-devoiture-%f0%9f%9a%80\/\">Comment GetTaxi transforme le d\u00e9pannage de voiture \ud83d\ude80<\/a><\/div>    <div class=\"ue_post_blocks_date\">08 November 2024<\/div>    <div class=\"ue_post_blocks_text\">Innovation technologique\n\n\nComment GetTaxi transforme? Nos technologies avanc\u00e9es nous permettent de vous...<\/div>    <div class=\"ue_post_blocks_link\"><a href=\"https:\/\/gettaxi.ch\/de\/comment-gettaxi-transforme-le-depannage-devoiture-%f0%9f%9a%80\/\">Read More<\/a><\/div>  <\/div>\n<\/div>\n<div class=\"ue_post_blocks_box\" style=\"text-align:left;\">\n    <div class=\"ue_post_blocks_image\">\n    <a href=\"https:\/\/gettaxi.ch\/de\/%f0%9f%9a%97-gettaxi-le-choix-ideal-pour-ledepannage-de-voiture\/\" style=\"display:block;\"><img decoding=\"async\" src=\"https:\/\/gettaxi.ch\/wp-content\/uploads\/2024\/11\/taxi-images-2.jpg\"><\/a>\n  <\/div>\n    <div class=\"ue_post_blocks_content\">\n    <div class=\"ue_post_blocks_title\"><a href=\"https:\/\/gettaxi.ch\/de\/%f0%9f%9a%97-gettaxi-le-choix-ideal-pour-ledepannage-de-voiture\/\">\ud83d\ude97 GetTaxi : Le choix id\u00e9al pour led\u00e9pannage de voiture<\/a><\/div>    <div class=\"ue_post_blocks_date\">08 November 2024<\/div>    <div class=\"ue_post_blocks_text\">Dans le monde d&amp;#8217;aujourd&amp;#8217;hui, la mobilit\u00e9 est essentielle (\ud83d\ude97-GetTaxi). Que vous soyez un professionnel...<\/div>    <div class=\"ue_post_blocks_link\"><a href=\"https:\/\/gettaxi.ch\/de\/%f0%9f%9a%97-gettaxi-le-choix-ideal-pour-ledepannage-de-voiture\/\">Read More<\/a><\/div>  <\/div>\n<\/div>\n\n<\/div>\n<!-- end Post Blocks --><div class='uc-posts-pagination'><span aria-label=\"Seite 1\" aria-current=\"page\" class=\"page-numbers current\">1<\/span>\n<a aria-label=\"Seite 2\" class=\"page-numbers\" href=\"https:\/\/gettaxi.ch\/de\/blogs\/2\/\">2<\/a>\n<a aria-label=\"Seite 3\" class=\"page-numbers\" href=\"https:\/\/gettaxi.ch\/de\/blogs\/3\/\">3<\/a><\/div>\t\t\t\t<\/div>\n\t\t\t\t<\/div>\n\t\t\t\t\t<\/div>\n\t\t<\/div>\n\t\t\t\t\t<\/div>\n\t\t<\/section>\n\t\t\t\t<\/div>\n\t\t","protected":false},"excerpt":{"rendered":"<p>Blog \ud83d\udcc8 Am\u00e9liorez l\u2019exp\u00e9rience client avecdes services de d\u00e9pannage optimis\u00e9s 08 November 2024 Dans le monde dynamique de l&amp;#8217;assurance automobile, offrir une exp\u00e9rience client exceptionnelle&#8230; Read More \ud83d\udca1 Pourquoi GetTaxi est le choix deconfiance pour le d\u00e9pannage 08 November 2024 Dans le monde moderne, o\u00f9 tout va si vite, les automobilistes ont besoin d&amp;#8217;un partenaire &hellip;<\/p>\n<p class=\"read-more\"> <a class=\"\" href=\"https:\/\/gettaxi.ch\/de\/blogs\/\"> <span class=\"screen-reader-text\">Blogs<\/span> Weiterlesen &raquo;<\/a><\/p>\n","protected":false},"author":2,"featured_media":0,"parent":0,"menu_order":0,"comment_status":"closed","ping_status":"closed","template":"","meta":{"om_disable_all_campaigns":false,"_mi_skip_tracking":false,"site-sidebar-layout":"no-sidebar","site-content-layout":"page-builder","ast-global-header-display":"","ast-main-header-display":"","ast-hfb-above-header-display":"","ast-hfb-below-header-display":"","ast-hfb-mobile-header-display":"","site-post-title":"disabled","ast-breadcrumbs-content":"","ast-featured-img":"disabled","footer-sml-layout":"","theme-transparent-header-meta":"","adv-header-id-meta":"","stick-header-meta":"","header-above-stick-meta":"","header-main-stick-meta":"","header-below-stick-meta":"","_glsr_average":0,"_glsr_ranking":0,"_glsr_reviews":0,"footnotes":""},"class_list":["post-13273","page","type-page","status-publish","hentry"],"yoast_head":"<!-- This site is optimized with the Yoast SEO Premium plugin v19.5 (Yoast SEO v26.8) - https:\/\/yoast.com\/product\/yoast-seo-premium-wordpress\/ -->\n<title>Taxi Lausanne Bolg: Tips, News &amp; Travel Guides<\/title>\n<meta name=\"description\" content=\"Stay updated with the Taxi Lausanne Blog! Discover travel tips, local news, and insights about taxi services in Lausanne.\" \/>\n<meta name=\"robots\" content=\"index, follow, max-snippet:-1, max-image-preview:large, max-video-preview:-1\" \/>\n<link rel=\"canonical\" href=\"https:\/\/gettaxi.ch\/de\/blogs\/\" \/>\n<meta property=\"og:locale\" content=\"de_DE\" \/>\n<meta property=\"og:type\" content=\"article\" \/>\n<meta property=\"og:title\" content=\"Blogs\" \/>\n<meta property=\"og:description\" content=\"Blog \ud83d\udcc8 Am\u00e9liorez l\u2019exp\u00e9rience client avecdes services de d\u00e9pannage optimis\u00e9s 08 November 2024 Dans le monde dynamique de l&#8217;assurance automobile,\" \/>\n<meta property=\"og:url\" content=\"https:\/\/gettaxi.ch\/de\/blogs\/\" \/>\n<meta property=\"og:site_name\" content=\"Get Taxi\" \/>\n<meta property=\"article:publisher\" content=\"https:\/\/www.facebook.com\/gettaxi.ch\/\" \/>\n<meta property=\"article:modified_time\" content=\"2024-11-21T13:41:01+00:00\" \/>\n<meta property=\"og:image\" content=\"https:\/\/gettaxi.ch\/wp-content\/uploads\/2021\/05\/Gettaxi-profil.jpg\" \/>\n<meta name=\"twitter:card\" content=\"summary_large_image\" \/>\n<meta name=\"twitter:label1\" content=\"Gesch\u00e4tzte Lesezeit\" \/>\n\t<meta name=\"twitter:data1\" content=\"4\u00a0Minuten\" \/>\n<script type=\"application\/ld+json\" class=\"yoast-schema-graph\">{\"@context\":\"https:\/\/schema.org\",\"@graph\":[{\"@type\":\"WebPage\",\"@id\":\"https:\/\/gettaxi.ch\/de\/blogs\/\",\"url\":\"https:\/\/gettaxi.ch\/de\/blogs\/\",\"name\":\"Taxi Lausanne Bolg: Tips, News & Travel Guides\",\"isPartOf\":{\"@id\":\"https:\/\/gettaxi.ch\/#website\"},\"primaryImageOfPage\":{\"@id\":\"https:\/\/gettaxi.ch\/de\/blogs\/#primaryimage\"},\"image\":{\"@id\":\"https:\/\/gettaxi.ch\/de\/blogs\/#primaryimage\"},\"thumbnailUrl\":\"https:\/\/gettaxi.ch\/wp-content\/uploads\/2021\/05\/Gettaxi-profil.jpg\",\"datePublished\":\"2024-10-17T16:07:30+00:00\",\"dateModified\":\"2024-11-21T13:41:01+00:00\",\"description\":\"Stay updated with the Taxi Lausanne Blog! Discover travel tips, local news, and insights about taxi services in Lausanne.\",\"breadcrumb\":{\"@id\":\"https:\/\/gettaxi.ch\/de\/blogs\/#breadcrumb\"},\"inLanguage\":\"de\",\"potentialAction\":[{\"@type\":\"ReadAction\",\"target\":[\"https:\/\/gettaxi.ch\/de\/blogs\/\"]}]},{\"@type\":\"ImageObject\",\"inLanguage\":\"de\",\"@id\":\"https:\/\/gettaxi.ch\/de\/blogs\/#primaryimage\",\"url\":\"https:\/\/gettaxi.ch\/wp-content\/uploads\/2021\/05\/Gettaxi-profil.jpg\",\"contentUrl\":\"https:\/\/gettaxi.ch\/wp-content\/uploads\/2021\/05\/Gettaxi-profil.jpg\"},{\"@type\":\"BreadcrumbList\",\"@id\":\"https:\/\/gettaxi.ch\/de\/blogs\/#breadcrumb\",\"itemListElement\":[{\"@type\":\"ListItem\",\"position\":1,\"name\":\"Home\",\"item\":\"https:\/\/gettaxi.ch\/de\/\"},{\"@type\":\"ListItem\",\"position\":2,\"name\":\"Blogs\"}]},{\"@type\":\"WebSite\",\"@id\":\"https:\/\/gettaxi.ch\/#website\",\"url\":\"https:\/\/gettaxi.ch\/\",\"name\":\"Get Taxi - CH\",\"description\":\"Get the Relaxed Feeling\",\"publisher\":{\"@id\":\"https:\/\/gettaxi.ch\/#organization\"},\"alternateName\":\"Airport Transfers | Taxi Geneva Airport | Taxi Lausanne\",\"potentialAction\":[{\"@type\":\"SearchAction\",\"target\":{\"@type\":\"EntryPoint\",\"urlTemplate\":\"https:\/\/gettaxi.ch\/?s={search_term_string}\"},\"query-input\":{\"@type\":\"PropertyValueSpecification\",\"valueRequired\":true,\"valueName\":\"search_term_string\"}}],\"inLanguage\":\"de\"},{\"@type\":\"Organization\",\"@id\":\"https:\/\/gettaxi.ch\/#organization\",\"name\":\"Get Taxi\",\"alternateName\":\"Airport Transfers and Fast Taxi Service\",\"url\":\"https:\/\/gettaxi.ch\/\",\"logo\":{\"@type\":\"ImageObject\",\"inLanguage\":\"de\",\"@id\":\"https:\/\/gettaxi.ch\/#\/schema\/logo\/image\/\",\"url\":\"https:\/\/gettaxi.ch\/wp-content\/uploads\/2021\/05\/2-1.png\",\"contentUrl\":\"https:\/\/gettaxi.ch\/wp-content\/uploads\/2021\/05\/2-1.png\",\"width\":1563,\"height\":1563,\"caption\":\"Get Taxi\"},\"image\":{\"@id\":\"https:\/\/gettaxi.ch\/#\/schema\/logo\/image\/\"},\"sameAs\":[\"https:\/\/www.facebook.com\/gettaxi.ch\/\",\"https:\/\/instagram.com\/gettaxi_ch\/\"]}]}<\/script>\n<!-- \/ Yoast SEO Premium plugin. -->","yoast_head_json":{"title":"Taxi Lausanne Bolg: Tips, News & Travel Guides","description":"Stay updated with the Taxi Lausanne Blog! Discover travel tips, local news, and insights about taxi services in Lausanne.","robots":{"index":"index","follow":"follow","max-snippet":"max-snippet:-1","max-image-preview":"max-image-preview:large","max-video-preview":"max-video-preview:-1"},"canonical":"https:\/\/gettaxi.ch\/de\/blogs\/","og_locale":"de_DE","og_type":"article","og_title":"Blogs","og_description":"Blog \ud83d\udcc8 Am\u00e9liorez l\u2019exp\u00e9rience client avecdes services de d\u00e9pannage optimis\u00e9s 08 November 2024 Dans le monde dynamique de l&amp;#8217;assurance automobile,","og_url":"https:\/\/gettaxi.ch\/de\/blogs\/","og_site_name":"Get Taxi","article_publisher":"https:\/\/www.facebook.com\/gettaxi.ch\/","article_modified_time":"2024-11-21T13:41:01+00:00","og_image":[{"url":"https:\/\/gettaxi.ch\/wp-content\/uploads\/2021\/05\/Gettaxi-profil.jpg","type":"","width":"","height":""}],"twitter_card":"summary_large_image","twitter_misc":{"Gesch\u00e4tzte Lesezeit":"4\u00a0Minuten"},"schema":{"@context":"https:\/\/schema.org","@graph":[{"@type":"WebPage","@id":"https:\/\/gettaxi.ch\/de\/blogs\/","url":"https:\/\/gettaxi.ch\/de\/blogs\/","name":"Taxi Lausanne Bolg: Tips, News & Travel Guides","isPartOf":{"@id":"https:\/\/gettaxi.ch\/#website"},"primaryImageOfPage":{"@id":"https:\/\/gettaxi.ch\/de\/blogs\/#primaryimage"},"image":{"@id":"https:\/\/gettaxi.ch\/de\/blogs\/#primaryimage"},"thumbnailUrl":"https:\/\/gettaxi.ch\/wp-content\/uploads\/2021\/05\/Gettaxi-profil.jpg","datePublished":"2024-10-17T16:07:30+00:00","dateModified":"2024-11-21T13:41:01+00:00","description":"Stay updated with the Taxi Lausanne Blog! Discover travel tips, local news, and insights about taxi services in Lausanne.","breadcrumb":{"@id":"https:\/\/gettaxi.ch\/de\/blogs\/#breadcrumb"},"inLanguage":"de","potentialAction":[{"@type":"ReadAction","target":["https:\/\/gettaxi.ch\/de\/blogs\/"]}]},{"@type":"ImageObject","inLanguage":"de","@id":"https:\/\/gettaxi.ch\/de\/blogs\/#primaryimage","url":"https:\/\/gettaxi.ch\/wp-content\/uploads\/2021\/05\/Gettaxi-profil.jpg","contentUrl":"https:\/\/gettaxi.ch\/wp-content\/uploads\/2021\/05\/Gettaxi-profil.jpg"},{"@type":"BreadcrumbList","@id":"https:\/\/gettaxi.ch\/de\/blogs\/#breadcrumb","itemListElement":[{"@type":"ListItem","position":1,"name":"Home","item":"https:\/\/gettaxi.ch\/de\/"},{"@type":"ListItem","position":2,"name":"Blogs"}]},{"@type":"WebSite","@id":"https:\/\/gettaxi.ch\/#website","url":"https:\/\/gettaxi.ch\/","name":"Get Taxi - CH","description":"Get the Relaxed Feeling","publisher":{"@id":"https:\/\/gettaxi.ch\/#organization"},"alternateName":"Airport Transfers | Taxi Geneva Airport | Taxi Lausanne","potentialAction":[{"@type":"SearchAction","target":{"@type":"EntryPoint","urlTemplate":"https:\/\/gettaxi.ch\/?s={search_term_string}"},"query-input":{"@type":"PropertyValueSpecification","valueRequired":true,"valueName":"search_term_string"}}],"inLanguage":"de"},{"@type":"Organization","@id":"https:\/\/gettaxi.ch\/#organization","name":"Get Taxi","alternateName":"Airport Transfers and Fast Taxi Service","url":"https:\/\/gettaxi.ch\/","logo":{"@type":"ImageObject","inLanguage":"de","@id":"https:\/\/gettaxi.ch\/#\/schema\/logo\/image\/","url":"https:\/\/gettaxi.ch\/wp-content\/uploads\/2021\/05\/2-1.png","contentUrl":"https:\/\/gettaxi.ch\/wp-content\/uploads\/2021\/05\/2-1.png","width":1563,"height":1563,"caption":"Get Taxi"},"image":{"@id":"https:\/\/gettaxi.ch\/#\/schema\/logo\/image\/"},"sameAs":["https:\/\/www.facebook.com\/gettaxi.ch\/","https:\/\/instagram.com\/gettaxi_ch\/"]}]}},"jetpack_sharing_enabled":true,"_links":{"self":[{"href":"https:\/\/gettaxi.ch\/de\/wp-json\/wp\/v2\/pages\/13273","targetHints":{"allow":["GET"]}}],"collection":[{"href":"https:\/\/gettaxi.ch\/de\/wp-json\/wp\/v2\/pages"}],"about":[{"href":"https:\/\/gettaxi.ch\/de\/wp-json\/wp\/v2\/types\/page"}],"author":[{"embeddable":true,"href":"https:\/\/gettaxi.ch\/de\/wp-json\/wp\/v2\/users\/2"}],"replies":[{"embeddable":true,"href":"https:\/\/gettaxi.ch\/de\/wp-json\/wp\/v2\/comments?post=13273"}],"version-history":[{"count":13,"href":"https:\/\/gettaxi.ch\/de\/wp-json\/wp\/v2\/pages\/13273\/revisions"}],"predecessor-version":[{"id":13975,"href":"https:\/\/gettaxi.ch\/de\/wp-json\/wp\/v2\/pages\/13273\/revisions\/13975"}],"wp:attachment":[{"href":"https:\/\/gettaxi.ch\/de\/wp-json\/wp\/v2\/media?parent=13273"}],"curies":[{"name":"wp","href":"https:\/\/api.w.org\/{rel}","templated":true}]}}