{"id":18709,"date":"2026-05-13T16:24:44","date_gmt":"2026-05-13T14:24:44","guid":{"rendered":"https:\/\/gettaxi.ch\/?page_id=18709"},"modified":"2026-05-13T16:35:59","modified_gmt":"2026-05-13T14:35:59","slug":"allgemeine-geschaftsbedingungen","status":"publish","type":"page","link":"https:\/\/gettaxi.ch\/de\/conditions-generales-de-vente\/","title":{"rendered":"Allgemeine Gesch\u00e4ftsbedingungen (AGB)"},"content":{"rendered":"<div data-elementor-type=\"wp-page\" data-elementor-id=\"18709\" class=\"elementor elementor-18709\" data-elementor-post-type=\"page\">\n\t\t\t\t\t\t<section class=\"elementor-section elementor-top-section elementor-element elementor-element-3e23f98 elementor-section-height-min-height elementor-section-boxed elementor-section-height-default elementor-section-items-middle\" data-id=\"3e23f98\" data-element_type=\"section\" data-e-type=\"section\" data-settings=\"{&quot;background_background&quot;:&quot;classic&quot;}\">\n\t\t\t\t\t\t<div class=\"elementor-container elementor-column-gap-default\">\n\t\t\t\t\t<div class=\"elementor-column elementor-col-100 elementor-top-column elementor-element elementor-element-0457364\" data-id=\"0457364\" data-element_type=\"column\" data-e-type=\"column\">\n\t\t\t<div class=\"elementor-widget-wrap elementor-element-populated\">\n\t\t\t\t\t\t<div class=\"elementor-element elementor-element-eb05960 elementor-widget elementor-widget-heading\" data-id=\"eb05960\" data-element_type=\"widget\" data-e-type=\"widget\" data-widget_type=\"heading.default\">\n\t\t\t\t<div class=\"elementor-widget-container\">\n\t\t\t\t\t<h1 class=\"elementor-heading-title elementor-size-default\">Allgemeine Gesch\u00e4ftsbedingungen - Get Taxi Lausanne<\/h1>\t\t\t\t<\/div>\n\t\t\t\t<\/div>\n\t\t\t\t\t<\/div>\n\t\t<\/div>\n\t\t\t\t\t<\/div>\n\t\t<\/section>\n\t\t\t\t<section class=\"elementor-section elementor-top-section elementor-element elementor-element-6f6abac elementor-section-boxed elementor-section-height-default elementor-section-height-default\" data-id=\"6f6abac\" data-element_type=\"section\" data-e-type=\"section\">\n\t\t\t\t\t\t<div class=\"elementor-container elementor-column-gap-default\">\n\t\t\t\t\t<div class=\"elementor-column elementor-col-100 elementor-top-column elementor-element elementor-element-45e0db8\" data-id=\"45e0db8\" data-element_type=\"column\" data-e-type=\"column\">\n\t\t\t<div class=\"elementor-widget-wrap elementor-element-populated\">\n\t\t\t\t\t\t<div class=\"elementor-element elementor-element-28fbc20 elementor-widget elementor-widget-text-editor\" data-id=\"28fbc20\" data-element_type=\"widget\" data-e-type=\"widget\" data-widget_type=\"text-editor.default\">\n\t\t\t\t<div class=\"elementor-widget-container\">\n\t\t\t\t\t\t\t\t\t<h2>1. Identifikation des Unternehmens<\/h2><p>GetTaxi S\u00e0rl, ein in der Schweiz eingetragenes Unternehmen mit Sitz in Avenue du Grey 76, 1018 Lausanne, Schweiz.<\/p><p>Registrierungsnummer: CHE-175.974.286<\/p><p>E-Mail: info@gettaxi.ch<\/p><p>Telefon: +41 21 624 00 00<\/p><p>Website : <a href=\"https:\/\/gettaxi.ch\/de\/\">https:\/\/gettaxi.ch<\/a><\/p><h2>2. Definitionen<\/h2><p><strong>GetTaxi<\/strong> : bezeichnet GetTaxi S\u00e0rl, das Unternehmen, das Transportdienstleistungen \u00fcber Online- oder Telefonbuchungen anbietet, indem es Fahrzeuge mit Fahrern zur Verf\u00fcgung stellt.<br \/><strong>Kunde<\/strong> : bezeichnet jede nat\u00fcrliche oder juristische Person, die die Dienste von GetTaxi nutzt, um ein Fahrzeug f\u00fcr die Bef\u00f6rderung von Passagieren oder Gep\u00e4ck zu buchen.<\/p><h2>3. Zweck und Anwendungsbereich<\/h2><p>Die vorliegenden Allgemeinen Gesch\u00e4ftsbedingungen (AGB) und Allgemeinen Nutzungsbedingungen (ANB) gelten f\u00fcr alle Dienstleistungen, die GetTaxi \u00fcber seine Website, seine mobile App und per Telefon anbietet. Sie umfassen :<\/p><p>Die Verkaufsbedingungen f\u00fcr die von GetTaxi angebotenen Transportdienstleistungen.<br \/>Die Nutzungsbedingungen f\u00fcr die digitale Plattform GetTaxi.<\/p><p>Durch die Nutzung der Dienste von GetTaxi akzeptiert der Kunde diese AGB und UGC vorbehaltlos.<\/p><h2>4. Zugang und Nutzung der Plattform<\/h2><h3>4.1 Zugang zur Website und zur Anwendung<\/h3><p>Der Zugang zur GetTaxi-Plattform (Website und mobile Anwendung) ist kostenlos. F\u00fcr einige Dienste, wie z. B. die Buchung von Fahrten, ist jedoch die Angabe pers\u00f6nlicher Informationen erforderlich, um ein Benutzerkonto einzurichten.<\/p><p>Der Kunde verpflichtet sich, genaue und aktuelle Informationen anzugeben. GetTaxi \u00fcbernimmt keine Verantwortung f\u00fcr eine betr\u00fcgerische Nutzung der Dienste.<\/p><h3>4.2 Erstellung eines Kontos<\/h3><p>Der Kunde kann ein Konto erstellen, indem er die erforderlichen Informationen (Name, Vorname, Telefonnummer, E-Mail-Adresse) eingibt. Wenn der Kunde eine Fahrt bucht, ohne ein Konto einzurichten, kann GetTaxi anhand der w\u00e4hrend des Buchungsvorgangs angegebenen Informationen ein Konto generieren.<\/p><h3>4.3 Pflichten des Klienten<\/h3><p>Der Kunde verpflichtet sich, die Dienstleistungen von GetTaxi in \u00dcbereinstimmung mit dem Gesetz und der \u00f6ffentlichen Ordnung und ohne betr\u00fcgerische Absichten zu nutzen. Verst\u00f6\u00dfe f\u00fchren zur Aussetzung oder K\u00fcndigung des Benutzerkontos.<\/p><h2>5. Angebotene Dienste<\/h2><p>GetTaxi bietet folgende Dienstleistungen an:<\/p><p><strong>Sofortige Reservierung<\/strong> : Der Kunde kann ein in Echtzeit verf\u00fcgbares Fahrzeug buchen.<br \/><strong>Im Voraus buchen<\/strong> : Der Kunde kann ein Fahrzeug f\u00fcr eine Fahrt zu einem bestimmten Datum und einer bestimmten Uhrzeit buchen.<br \/><strong>Vordefinierte Pakete<\/strong> : F\u00fcr bestimmte Strecken gelten feste oder Sondertarife, je nach den auf der Website oder in der App angezeigten Angeboten.<\/p><p><strong>Verf\u00fcgbare Fahrzeugkategorien<\/strong><\/p><p>Der Kunde kann je nach Bedarf ein Fahrzeug aus den folgenden Kategorien ausw\u00e4hlen:<\/p><p>Sparsame Limousine - Kapazit\u00e4t: 3 Passagiere, 2 Gep\u00e4ckst\u00fccke<br \/>Minivan - Kapazit\u00e4t: 4 Passagiere, 3 Gep\u00e4ckst\u00fccke<br \/>Grand Van - Kapazit\u00e4t: 7 Passagiere, 7 Gep\u00e4ckst\u00fccke<br \/>Premium Limousine - Kapazit\u00e4t: 3 Passagiere, 2 Gep\u00e4ckst\u00fccke<br \/>Van X Large - Kapazit\u00e4t: 8 Passagiere, 8 Gep\u00e4ckst\u00fccke<\/p><p><strong>Zus\u00e4tzliche Optionen verf\u00fcgbar<\/strong><\/p><p>Alle zus\u00e4tzlichen Optionen m\u00fcssen mindestens 24 Stunden im Voraus gebucht werden. Bei sofortigen Buchungen kann GetTaxi die Verf\u00fcgbarkeit dieser Optionen nicht garantieren.<\/p><p>R\u00fcckw\u00e4rts gerichteter Babysitz (0-12 Monate): 15,00 CHF pro Fahrt<br \/>Nach vorne gerichteter Kindersitz (1-4 Jahre): 15,00 CHF pro Fahrt<br \/>In Fahrtrichtung gerichteter Kindersitz (5-11 Jahre): 15,00 CHF pro Fahrt<br \/>Zus\u00e4tzliche Ski-\/Snowboardtasche: 10,00 CHF pro Tasche<\/p><p>(Jede Buchung umfasst bereits 2 Gep\u00e4ckst\u00fccke. Zus\u00e4tzliches Gep\u00e4ck wird extra berechnet, wobei maximal 8 Gep\u00e4ckst\u00fccke pro Fahrzeug erlaubt sind).<\/p><p>Zus\u00e4tzliches Gep\u00e4ckst\u00fcck: 5,00 CHF pro Gep\u00e4ckst\u00fcck<\/p><p>Wenn die Anzahl der Gep\u00e4ckst\u00fccke die Kapazit\u00e4t des Fahrzeugs \u00fcbersteigt und kein Platz f\u00fcr zus\u00e4tzliches Gep\u00e4ck vorhanden ist, muss der Kunde ein zus\u00e4tzliches Fahrzeug buchen, um das \u00fcbersch\u00fcssige Gep\u00e4ck zu transportieren.<\/p><h2>6. Preisgestaltung und Bezahlung<\/h2><h3>6.1 Berechnung des Tarifs<\/h3><p>Der Preis der Fahrten wird berechnet nach :<\/p><p>Der ausgew\u00e4hlte Fahrzeugtyp.<br \/>Die gesch\u00e4tzte Entfernung und Dauer der Fahrt.<br \/>Alle zum Zeitpunkt der Buchung geltenden Werbeaktionen oder Rabatte.<\/p><p>Der Endpreis wird immer vor der Best\u00e4tigung angezeigt. Nach der Best\u00e4tigung ist dieser Preis fest und kann nicht mehr ge\u00e4ndert werden.<\/p><h3>6.2 Zahlungsmittel<\/h3><p>Der Kunde kann mit den folgenden Mitteln bezahlen:<\/p><p>Kreditkarte (Visa, Mastercard, etc.)<br \/>Twint<br \/>PayPal<br \/>Bargeld (bei sofortiger Buchung).<br \/>Rechnung (nur f\u00fcr Unternehmen mit einem genehmigten Konto).<\/p><h2>7. Rechnungsstellung und Zahlungsbedingungen f\u00fcr Unternehmen<\/h2><p>Unternehmen, die von der Rechnungsstellung profitieren, m\u00fcssen ihre Rechnungen innerhalb von 7 Tagen nach dem Ausstellungsdatum begleichen. Wird die Rechnung nicht innerhalb dieser Frist beglichen, gilt das folgende Verfahren :<\/p><p><strong>Erste Mahnung<\/strong> : Wenn die Zahlung nicht innerhalb von 7 Tagen nach dem F\u00e4lligkeitsdatum erfolgt, wird eine erste Mahnung mit einer Geb\u00fchr von 10 CHF verschickt. Der Kunde hat dann eine weitere Frist von 7 Tagen, um die Rechnung zu begleichen.<br \/><strong>Zweite Mahnung<\/strong> : Wenn die Zahlung nach dieser zweiten Frist immer noch nicht erfolgt ist, wird eine zweite Mahnung mit einer zus\u00e4tzlichen Geb\u00fchr von 10 CHF verschickt. Dem Kunden wird eine letzte Frist von 7 Tagen einger\u00e4umt, um die Zahlung zu leisten.<br \/><strong>Klage vor Gericht<\/strong> : Wenn die Zahlung nach der zweiten Mahnung nicht erfolgt, beh\u00e4lt sich GetTaxi das Recht vor, rechtliche Schritte nach Schweizer Recht einzuleiten. Alle Kosten im Zusammenhang mit diesen Gerichtsverfahren gehen zu Lasten des Kunden.<\/p><h2>8. Ausf\u00fchrung des Dienstes<\/h2><h3>8.1 \u00dcbernahme und Verz\u00f6gerungen<\/h3><p>Bei Sofortbuchungen wird die Verf\u00fcgbarkeit des Fahrers dem Kunden zum Zeitpunkt der Buchung mitgeteilt. Bei Vorausbuchungen erscheint der Fahrer zur vereinbarten Zeit. Eine Wartezeit von 10 Minuten ist im Grundpreis inbegriffen. Nach Ablauf dieser Zeit wird eine zus\u00e4tzliche Wartezeitgeb\u00fchr von 1 CHF pro Minute erhoben.<\/p><h3>8.2 Unvorhergesehene Verz\u00f6gerungen<\/h3><p>GetTaxi haftet nicht f\u00fcr Versp\u00e4tungen, die durch au\u00dfergew\u00f6hnliche Umst\u00e4nde (Verkehr, Wetterbedingungen, Unf\u00e4lle) verursacht werden. Im Falle einer Versp\u00e4tung des Fahrers wird der Kunde so schnell wie m\u00f6glich dar\u00fcber informiert.<\/p><h2>9. Stornierung und \u00c4nderung von Buchungen<\/h2><h3>9.1 Stornierungspolitik<\/h3><p>Stornierung mehr als 24 Stunden vor der Fahrt: kostenlose Stornierung.<br \/>Stornierung zwischen 12 und 24 Stunden vor der Fahrt: 50 % des Tarifs wird berechnet.<br \/>Stornierung weniger als 12 Stunden vor der Fahrt oder bei Nichterscheinen: 100 % des Tarifs werden berechnet.<\/p><h3>9.2 \u00c4nderungen<\/h3><p>Umbuchungen k\u00f6nnen je nach Verf\u00fcgbarkeit bis zu 12 Stunden vor dem geplanten Abflug vorgenommen werden. \u00c4nderungen nach dieser Frist bed\u00fcrfen der Genehmigung durch GetTaxi und k\u00f6nnen zus\u00e4tzliche Geb\u00fchren nach sich ziehen.<\/p><h2>10. Recht auf Widerruf<\/h2><p>Gem\u00e4\u00df den geltenden gesetzlichen Bestimmungen besteht f\u00fcr Bef\u00f6rderungsleistungen kein Widerrufsrecht. Daher gilt die Buchung nach ihrer Best\u00e4tigung als verbindlich.<\/p><h2>11. Verantwortung<\/h2><h3>11.1 Haftung von GetTaxi<\/h3><p>GetTaxi verpflichtet sich, einen qualitativ hochwertigen Service anzubieten. GetTaxi kann jedoch nicht f\u00fcr Versp\u00e4tungen oder Stornierungen haftbar gemacht werden, die durch Umst\u00e4nde verursacht werden, die au\u00dferhalb seiner Kontrolle liegen (h\u00f6here Gewalt, Wetterbedingungen, Unf\u00e4lle usw.).<\/p><h3>11.2 Verantwortung des Klienten<\/h3><p>Der Kunde ist f\u00fcr alle Sch\u00e4den am Fahrzeug verantwortlich, die w\u00e4hrend der Fahrt entstehen. Im Falle eines Schadens stellt GetTaxi dem Kunden die Reparaturkosten in Rechnung.<\/p><h2>12. Geistiges Eigentum<\/h2><p>Alle Elemente auf der Website und der Anwendung von GetTaxi (Texte, Grafiken, Logos, Bilder, Videos) sind durch die Gesetze zum Schutz geistigen Eigentums gesch\u00fctzt. Jede nicht genehmigte Nutzung dieser Elemente ist strengstens untersagt und setzt den Zuwiderhandelnden einer strafrechtlichen Verfolgung aus.<\/p><h2>13. Streitigkeiten und anwendbares Recht<\/h2><p>Die vorliegenden Allgemeinen Gesch\u00e4fts- und Nutzungsbedingungen unterliegen dem Schweizer Recht. Im Falle einer Streitigkeit, die sich aus der Nutzung der Dienstleistungen von GetTaxi ergibt, werden die Parteien versuchen, die Streitigkeit g\u00fctlich beizulegen. Sollte keine Einigung erzielt werden, wird die Streitigkeit der ausschlie\u00dflichen Gerichtsbarkeit der Gerichte des Kantons Waadt, Schweiz, unterstellt.<\/p><h2>14. \u00c4nderung der Allgemeinen Gesch\u00e4ftsbedingungen<\/h2><p>GetTaxi beh\u00e4lt sich das Recht vor, die vorliegenden Allgemeinen Gesch\u00e4fts- und Nutzungsbedingungen jederzeit zu \u00e4ndern. Alle \u00c4nderungen werden auf der Website und in der mobilen Anwendung ver\u00f6ffentlicht. Die \u00c4nderungen treten unmittelbar nach ihrer Ver\u00f6ffentlichung in Kraft. Wenn der Kunde die neuen Bedingungen nicht akzeptiert, kann er die Nutzung der Dienstleistungen von GetTaxi einstellen.<\/p><h2>15. Datenschutz und Vertraulichkeit<\/h2><h3>15.1 Erhebung und Verarbeitung von Daten<\/h3><p>GetTaxi sammelt und verarbeitet die pers\u00f6nlichen Daten des Kunden in \u00dcbereinstimmung mit den Schweizer Datenschutzgesetzen und, sofern anwendbar, der Allgemeinen Datenschutzverordnung (DSGVO) f\u00fcr europ\u00e4ische Kunden. Zu den erfassten Daten geh\u00f6ren die w\u00e4hrend des Buchungsprozesses angegebenen Informationen (Vor- und Nachname, Telefonnummer, E-Mail-Adresse).<\/p><h3>15.2 Zweck der Datenverarbeitung<\/h3><p>Die gesammelten Daten werden verwendet, um :<\/p><p>Bearbeiten Sie die Buchungen von Fahrten.<br \/>Mit der Sch\u00fclerin\/dem Sch\u00fcler \u00fcber Dienstleistungen und Updates kommunizieren.<br \/>Verbesserung der von GetTaxi angebotenen Dienstleistungen.<\/p><h3>15.3 Rechte des Klienten<\/h3><p>Der Kunde hat das Recht, auf seine pers\u00f6nlichen Daten zuzugreifen, sie zu berichtigen, zu l\u00f6schen und der Verarbeitung zu widersprechen. Diese Rechte k\u00f6nnen ausge\u00fcbt werden, indem GetTaxi unter der in Abschnitt 1 angegebenen E-Mail-Adresse kontaktiert wird.<\/p><h2>16. Cookie-Richtlinie<\/h2><p>GetTaxi verwendet Cookies, um das Surferlebnis auf seiner Website zu verbessern und zu Analysezwecken (Messung der Besucherzahlen). Der Kunde kann seinen Browser so konfigurieren, dass er Cookies blockiert oder l\u00f6scht. Es kann jedoch sein, dass bestimmte Funktionen der Website nicht mehr verf\u00fcgbar sind, wenn Cookies deaktiviert sind.<\/p>\t\t\t\t\t\t\t\t<\/div>\n\t\t\t\t<\/div>\n\t\t\t\t\t<\/div>\n\t\t<\/div>\n\t\t\t\t\t<\/div>\n\t\t<\/section>\n\t\t\t\t<\/div>","protected":false},"excerpt":{"rendered":"<p>Allgemeine Gesch\u00e4ftsbedingungen - Get Taxi Lausanne 1. Identifizierung des Unternehmens GetTaxi S\u00e0rl, ein in der Schweiz eingetragenes Unternehmen mit Sitz in Avenue du Grey 76, 1018 Lausanne, Schweiz. Registrierungsnummer: CHE-175.974.286 Email: info@gettaxi.ch Telefon: +41 21 624 00 00 Website: https:\/\/gettaxi.ch 2. Definitionen GetTaxi: [...].<\/p>","protected":false},"author":2,"featured_media":0,"parent":0,"menu_order":0,"comment_status":"closed","ping_status":"closed","template":"","meta":{"site-sidebar-layout":"no-sidebar","site-content-layout":"","ast-site-content-layout":"full-width-container","site-content-style":"unboxed","site-sidebar-style":"unboxed","ast-global-header-display":"","ast-banner-title-visibility":"","ast-main-header-display":"","ast-hfb-above-header-display":"","ast-hfb-below-header-display":"","ast-hfb-mobile-header-display":"","site-post-title":"disabled","ast-breadcrumbs-content":"","ast-featured-img":"","footer-sml-layout":"","ast-disable-related-posts":"","theme-transparent-header-meta":"default","adv-header-id-meta":"","stick-header-meta":"","header-above-stick-meta":"","header-main-stick-meta":"","header-below-stick-meta":"","astra-migrate-meta-layouts":"set","ast-page-background-enabled":"default","ast-page-background-meta":{"desktop":{"background-color":"","background-image":"","background-repeat":"repeat","background-position":"center center","background-size":"auto","background-attachment":"scroll","background-type":"","background-media":"","overlay-type":"","overlay-color":"","overlay-opacity":"","overlay-gradient":""},"tablet":{"background-color":"","background-image":"","background-repeat":"repeat","background-position":"center center","background-size":"auto","background-attachment":"scroll","background-type":"","background-media":"","overlay-type":"","overlay-color":"","overlay-opacity":"","overlay-gradient":""},"mobile":{"background-color":"","background-image":"","background-repeat":"repeat","background-position":"center center","background-size":"auto","background-attachment":"scroll","background-type":"","background-media":"","overlay-type":"","overlay-color":"","overlay-opacity":"","overlay-gradient":""}},"ast-content-background-meta":{"desktop":{"background-color":"var(--ast-global-color-5)","background-image":"","background-repeat":"repeat","background-position":"center center","background-size":"auto","background-attachment":"scroll","background-type":"","background-media":"","overlay-type":"","overlay-color":"","overlay-opacity":"","overlay-gradient":""},"tablet":{"background-color":"var(--ast-global-color-5)","background-image":"","background-repeat":"repeat","background-position":"center center","background-size":"auto","background-attachment":"scroll","background-type":"","background-media":"","overlay-type":"","overlay-color":"","overlay-opacity":"","overlay-gradient":""},"mobile":{"background-color":"var(--ast-global-color-5)","background-image":"","background-repeat":"repeat","background-position":"center center","background-size":"auto","background-attachment":"scroll","background-type":"","background-media":"","overlay-type":"","overlay-color":"","overlay-opacity":"","overlay-gradient":""}},"footnotes":""},"class_list":["post-18709","page","type-page","status-publish","hentry"],"yoast_head":"<!-- This site is optimized with the Yoast SEO Premium plugin v27.5 (Yoast SEO v27.6) - https:\/\/yoast.com\/product\/yoast-seo-premium-wordpress\/ -->\n<title>Conditions G\u00e9n\u00e9rales de Vente | Get Taxi Lausanne<\/title>\n<meta name=\"description\" content=\"Conditions g\u00e9n\u00e9rales de vente et d&#039;utilisation des services Get Taxi \u00e0 Lausanne. R\u00e9servations, paiements, annulations, responsabilit\u00e9s. Document l\u00e9gal.\" \/>\n<meta name=\"robots\" content=\"noindex, follow\" \/>\n<meta property=\"og:locale\" content=\"de_DE\" \/>\n<meta property=\"og:type\" content=\"article\" \/>\n<meta property=\"og:title\" content=\"Conditions g\u00e9n\u00e9rales de vente (CGV)\" \/>\n<meta property=\"og:description\" content=\"Conditions g\u00e9n\u00e9rales de vente - Get Taxi Lausanne 1. Identification de la soci\u00e9t\u00e9 GetTaxi S\u00e0rl, soci\u00e9t\u00e9 immatricul\u00e9e en Suisse, dont le si\u00e8ge social est\" \/>\n<meta property=\"og:url\" content=\"https:\/\/gettaxi.ch\/de\/allgemeine-geschaftsbedingungen\/\" \/>\n<meta property=\"og:site_name\" content=\"Get Taxi\" \/>\n<meta property=\"article:publisher\" content=\"https:\/\/www.facebook.com\/gettaxi.ch\/\" \/>\n<meta property=\"article:modified_time\" content=\"2026-05-13T14:35:59+00:00\" \/>\n<meta property=\"og:image\" content=\"https:\/\/gettaxi.ch\/wp-content\/uploads\/2021\/05\/SITE-GETTAXI.jpg\" \/>\n\t<meta property=\"og:image:width\" content=\"1200\" \/>\n\t<meta property=\"og:image:height\" content=\"675\" \/>\n\t<meta property=\"og:image:type\" content=\"image\/jpeg\" \/>\n<meta name=\"twitter:card\" content=\"summary_large_image\" \/>\n<meta name=\"twitter:label1\" content=\"Gesch\u00e4tzte Lesezeit\" \/>\n\t<meta name=\"twitter:data1\" content=\"8\u00a0Minuten\" \/>\n<script type=\"application\/ld+json\" class=\"yoast-schema-graph\">{\"@context\":\"https:\\\/\\\/schema.org\",\"@graph\":[{\"@type\":\"WebPage\",\"@id\":\"https:\\\/\\\/gettaxi.ch\\\/conditions-generales-de-vente\\\/\",\"url\":\"https:\\\/\\\/gettaxi.ch\\\/conditions-generales-de-vente\\\/\",\"name\":\"Conditions G\u00e9n\u00e9rales de Vente | Get Taxi Lausanne\",\"isPartOf\":{\"@id\":\"https:\\\/\\\/gettaxi.ch\\\/#website\"},\"datePublished\":\"2026-05-13T14:24:44+00:00\",\"dateModified\":\"2026-05-13T14:35:59+00:00\",\"description\":\"Conditions g\u00e9n\u00e9rales de vente et d'utilisation des services Get Taxi \u00e0 Lausanne. R\u00e9servations, paiements, annulations, responsabilit\u00e9s. Document l\u00e9gal.\",\"breadcrumb\":{\"@id\":\"https:\\\/\\\/gettaxi.ch\\\/conditions-generales-de-vente\\\/#breadcrumb\"},\"inLanguage\":\"de-CH\",\"potentialAction\":[{\"@type\":\"ReadAction\",\"target\":[\"https:\\\/\\\/gettaxi.ch\\\/conditions-generales-de-vente\\\/\"]}]},{\"@type\":\"BreadcrumbList\",\"@id\":\"https:\\\/\\\/gettaxi.ch\\\/conditions-generales-de-vente\\\/#breadcrumb\",\"itemListElement\":[{\"@type\":\"ListItem\",\"position\":1,\"name\":\"Home\",\"item\":\"https:\\\/\\\/gettaxi.ch\\\/\"},{\"@type\":\"ListItem\",\"position\":2,\"name\":\"Conditions g\u00e9n\u00e9rales de vente (CGV)\",\"item\":\"https:\\\/\\\/gettaxi.ch\\\/de\\\/conditions-generales-de-vente\\\/\"}]},{\"@type\":\"WebSite\",\"@id\":\"https:\\\/\\\/gettaxi.ch\\\/#website\",\"url\":\"https:\\\/\\\/gettaxi.ch\\\/\",\"name\":\"Get Taxi - CH\",\"description\":\"R\u00e9servation de taxi ou chauffeur priv\u00e9 \u00e0 Lausanne, Gen\u00e8ve et partout en Suisse\",\"publisher\":{\"@id\":\"https:\\\/\\\/gettaxi.ch\\\/#organization\"},\"alternateName\":\"Taxi Lausanne - chauffeurs priv\u00e9 - Transfert a\u00e9roport Gen\u00e8ve\",\"potentialAction\":[{\"@type\":\"SearchAction\",\"target\":{\"@type\":\"EntryPoint\",\"urlTemplate\":\"https:\\\/\\\/gettaxi.ch\\\/?s={search_term_string}\"},\"query-input\":{\"@type\":\"PropertyValueSpecification\",\"valueRequired\":true,\"valueName\":\"search_term_string\"}}],\"inLanguage\":\"de-CH\"},{\"@type\":\"Organization\",\"@id\":\"https:\\\/\\\/gettaxi.ch\\\/#organization\",\"name\":\"Get Taxi\",\"alternateName\":\"Taxi \u00e0 Lausanne, transfert et chauffeurs priv\u00e9s\",\"url\":\"https:\\\/\\\/gettaxi.ch\\\/\",\"logo\":{\"@type\":\"ImageObject\",\"inLanguage\":\"de-CH\",\"@id\":\"https:\\\/\\\/gettaxi.ch\\\/#\\\/schema\\\/logo\\\/image\\\/\",\"url\":\"https:\\\/\\\/gettaxi.ch\\\/wp-content\\\/uploads\\\/2021\\\/05\\\/cropped-cropped-cropped-Sans-titre.png\",\"contentUrl\":\"https:\\\/\\\/gettaxi.ch\\\/wp-content\\\/uploads\\\/2021\\\/05\\\/cropped-cropped-cropped-Sans-titre.png\",\"width\":512,\"height\":512,\"caption\":\"Get Taxi\"},\"image\":{\"@id\":\"https:\\\/\\\/gettaxi.ch\\\/#\\\/schema\\\/logo\\\/image\\\/\"},\"sameAs\":[\"https:\\\/\\\/www.facebook.com\\\/gettaxi.ch\\\/\",\"https:\\\/\\\/instagram.com\\\/gettaxi_ch\\\/\"],\"publishingPrinciples\":\"https:\\\/\\\/gettaxi.ch\\\/politique-de-confidentialite\\\/\",\"correctionsPolicy\":\"https:\\\/\\\/gettaxi.ch\\\/politique-de-confidentialite\\\/\",\"ethicsPolicy\":\"https:\\\/\\\/gettaxi.ch\\\/politique-de-confidentialite\\\/\",\"diversityPolicy\":\"https:\\\/\\\/gettaxi.ch\\\/politique-de-confidentialite\\\/\"}]}<\/script>\n<!-- \/ Yoast SEO Premium plugin. -->","yoast_head_json":{"title":"Allgemeine Gesch\u00e4ftsbedingungen | Get Taxi Lausanne","description":"Allgemeine Gesch\u00e4ftsbedingungen f\u00fcr den Verkauf und die Nutzung der Dienstleistungen von Get Taxi in Lausanne. Reservierungen, Zahlungen, Stornierungen, Haftung. Rechtliches Dokument.","robots":{"index":"noindex","follow":"follow"},"og_locale":"de_DE","og_type":"article","og_title":"Conditions g\u00e9n\u00e9rales de vente (CGV)","og_description":"Conditions g\u00e9n\u00e9rales de vente - Get Taxi Lausanne 1. Identification de la soci\u00e9t\u00e9 GetTaxi S\u00e0rl, soci\u00e9t\u00e9 immatricul\u00e9e en Suisse, dont le si\u00e8ge social est","og_url":"https:\/\/gettaxi.ch\/de\/allgemeine-geschaftsbedingungen\/","og_site_name":"Get Taxi","article_publisher":"https:\/\/www.facebook.com\/gettaxi.ch\/","article_modified_time":"2026-05-13T14:35:59+00:00","og_image":[{"width":1200,"height":675,"url":"https:\/\/gettaxi.ch\/wp-content\/uploads\/2021\/05\/SITE-GETTAXI.jpg","type":"image\/jpeg"}],"twitter_card":"summary_large_image","twitter_misc":{"Gesch\u00e4tzte Lesezeit":"8\u00a0Minuten"},"schema":{"@context":"https:\/\/schema.org","@graph":[{"@type":"WebPage","@id":"https:\/\/gettaxi.ch\/conditions-generales-de-vente\/","url":"https:\/\/gettaxi.ch\/conditions-generales-de-vente\/","name":"Allgemeine Gesch\u00e4ftsbedingungen | Get Taxi Lausanne","isPartOf":{"@id":"https:\/\/gettaxi.ch\/#website"},"datePublished":"2026-05-13T14:24:44+00:00","dateModified":"2026-05-13T14:35:59+00:00","description":"Allgemeine Gesch\u00e4ftsbedingungen f\u00fcr den Verkauf und die Nutzung der Dienstleistungen von Get Taxi in Lausanne. Reservierungen, Zahlungen, Stornierungen, Haftung. Rechtliches Dokument.","breadcrumb":{"@id":"https:\/\/gettaxi.ch\/conditions-generales-de-vente\/#breadcrumb"},"inLanguage":"de-CH","potentialAction":[{"@type":"ReadAction","target":["https:\/\/gettaxi.ch\/conditions-generales-de-vente\/"]}]},{"@type":"BreadcrumbList","@id":"https:\/\/gettaxi.ch\/conditions-generales-de-vente\/#breadcrumb","itemListElement":[{"@type":"ListItem","position":1,"name":"Home","item":"https:\/\/gettaxi.ch\/"},{"@type":"ListItem","position":2,"name":"Conditions g\u00e9n\u00e9rales de vente (CGV)","item":"https:\/\/gettaxi.ch\/de\/conditions-generales-de-vente\/"}]},{"@type":"WebSite","@id":"https:\/\/gettaxi.ch\/#website","url":"https:\/\/gettaxi.ch\/","name":"Get Taxi - CH","description":"Reservierung von Taxis oder Privatfahrern in Lausanne, Genf und der ganzen Schweiz","publisher":{"@id":"https:\/\/gettaxi.ch\/#organization"},"alternateName":"Taxi Lausanne - chauffeurs priv\u00e9 - Transfert a\u00e9roport Gen\u00e8ve","potentialAction":[{"@type":"SearchAction","target":{"@type":"EntryPoint","urlTemplate":"https:\/\/gettaxi.ch\/?s={search_term_string}"},"query-input":{"@type":"PropertyValueSpecification","valueRequired":true,"valueName":"search_term_string"}}],"inLanguage":"de-CH"},{"@type":"Organization","@id":"https:\/\/gettaxi.ch\/#organization","name":"Get Taxi","alternateName":"Taxi \u00e0 Lausanne, transfert et chauffeurs priv\u00e9s","url":"https:\/\/gettaxi.ch\/","logo":{"@type":"ImageObject","inLanguage":"de-CH","@id":"https:\/\/gettaxi.ch\/#\/schema\/logo\/image\/","url":"https:\/\/gettaxi.ch\/wp-content\/uploads\/2021\/05\/cropped-cropped-cropped-Sans-titre.png","contentUrl":"https:\/\/gettaxi.ch\/wp-content\/uploads\/2021\/05\/cropped-cropped-cropped-Sans-titre.png","width":512,"height":512,"caption":"Get Taxi"},"image":{"@id":"https:\/\/gettaxi.ch\/#\/schema\/logo\/image\/"},"sameAs":["https:\/\/www.facebook.com\/gettaxi.ch\/","https:\/\/instagram.com\/gettaxi_ch\/"],"publishingPrinciples":"https:\/\/gettaxi.ch\/politique-de-confidentialite\/","correctionsPolicy":"https:\/\/gettaxi.ch\/politique-de-confidentialite\/","ethicsPolicy":"https:\/\/gettaxi.ch\/politique-de-confidentialite\/","diversityPolicy":"https:\/\/gettaxi.ch\/politique-de-confidentialite\/"}]}},"_links":{"self":[{"href":"https:\/\/gettaxi.ch\/de\/wp-json\/wp\/v2\/pages\/18709","targetHints":{"allow":["GET"]}}],"collection":[{"href":"https:\/\/gettaxi.ch\/de\/wp-json\/wp\/v2\/pages"}],"about":[{"href":"https:\/\/gettaxi.ch\/de\/wp-json\/wp\/v2\/types\/page"}],"author":[{"embeddable":true,"href":"https:\/\/gettaxi.ch\/de\/wp-json\/wp\/v2\/users\/2"}],"replies":[{"embeddable":true,"href":"https:\/\/gettaxi.ch\/de\/wp-json\/wp\/v2\/comments?post=18709"}],"version-history":[{"count":17,"href":"https:\/\/gettaxi.ch\/de\/wp-json\/wp\/v2\/pages\/18709\/revisions"}],"predecessor-version":[{"id":18731,"href":"https:\/\/gettaxi.ch\/de\/wp-json\/wp\/v2\/pages\/18709\/revisions\/18731"}],"wp:attachment":[{"href":"https:\/\/gettaxi.ch\/de\/wp-json\/wp\/v2\/media?parent=18709"}],"curies":[{"name":"wp","href":"https:\/\/api.w.org\/{rel}","templated":true}]}}