{"id":3293,"date":"2021-06-16T18:29:27","date_gmt":"2021-06-16T18:29:27","guid":{"rendered":"https:\/\/gettaxi.ch\/?page_id=3293"},"modified":"2026-05-13T16:32:34","modified_gmt":"2026-05-13T14:32:34","slug":"datenschutz","status":"publish","type":"page","link":"https:\/\/gettaxi.ch\/de\/politique-de-confidentialite\/","title":{"rendered":"Datenschutzrichtlinie"},"content":{"rendered":"<div data-elementor-type=\"wp-page\" data-elementor-id=\"3293\" class=\"elementor elementor-3293\" data-elementor-post-type=\"page\">\n\t\t\t\t\t\t<section class=\"elementor-section elementor-top-section elementor-element elementor-element-3e23f98 elementor-section-height-min-height elementor-section-boxed elementor-section-height-default elementor-section-items-middle\" data-id=\"3e23f98\" data-element_type=\"section\" data-e-type=\"section\" data-settings=\"{&quot;background_background&quot;:&quot;classic&quot;}\">\n\t\t\t\t\t\t<div class=\"elementor-container elementor-column-gap-default\">\n\t\t\t\t\t<div class=\"elementor-column elementor-col-100 elementor-top-column elementor-element elementor-element-0457364\" data-id=\"0457364\" data-element_type=\"column\" data-e-type=\"column\">\n\t\t\t<div class=\"elementor-widget-wrap elementor-element-populated\">\n\t\t\t\t\t\t<div class=\"elementor-element elementor-element-eb05960 elementor-widget elementor-widget-heading\" data-id=\"eb05960\" data-element_type=\"widget\" data-e-type=\"widget\" data-widget_type=\"heading.default\">\n\t\t\t\t<div class=\"elementor-widget-container\">\n\t\t\t\t\t<h1 class=\"elementor-heading-title elementor-size-default\">Datenschutzrichtlinie<\/h1>\t\t\t\t<\/div>\n\t\t\t\t<\/div>\n\t\t\t\t\t<\/div>\n\t\t<\/div>\n\t\t\t\t\t<\/div>\n\t\t<\/section>\n\t\t\t\t<section class=\"elementor-section elementor-top-section elementor-element elementor-element-6f6abac elementor-section-boxed elementor-section-height-default elementor-section-height-default\" data-id=\"6f6abac\" data-element_type=\"section\" data-e-type=\"section\">\n\t\t\t\t\t\t<div class=\"elementor-container elementor-column-gap-default\">\n\t\t\t\t\t<div class=\"elementor-column elementor-col-100 elementor-top-column elementor-element elementor-element-45e0db8\" data-id=\"45e0db8\" data-element_type=\"column\" data-e-type=\"column\">\n\t\t\t<div class=\"elementor-widget-wrap elementor-element-populated\">\n\t\t\t\t\t\t<div class=\"elementor-element elementor-element-28fbc20 elementor-widget elementor-widget-text-editor\" data-id=\"28fbc20\" data-element_type=\"widget\" data-e-type=\"widget\" data-widget_type=\"text-editor.default\">\n\t\t\t\t<div class=\"elementor-widget-container\">\n\t\t\t\t\t\t\t\t\t<p>Bei <a href=\"https:\/\/gettaxi.ch\/de\/\">GetTaxi.ch<\/a>, Eine unserer h\u00f6chsten Priorit\u00e4ten ist die Privatsph\u00e4re unserer Besucher. Die vorliegende Datenschutzerkl\u00e4rung beschreibt, welche Arten von Informationen GetTaxi.ch sammelt und speichert und wie wir sie verwenden.<\/p><p>Wenn Sie weitere Fragen haben oder mehr Informationen \u00fcber unsere Datenschutzrichtlinie erhalten m\u00f6chten, z\u00f6gern Sie nicht, uns zu kontaktieren.<\/p><p>Diese Datenschutzrichtlinie gilt nur f\u00fcr unsere Online-Aktivit\u00e4ten und ist f\u00fcr Besucher unserer Website in Bezug auf die Informationen g\u00fcltig, die sie teilen und\/oder die GetTaxi.ch sammelt. Diese Richtlinie gilt nicht f\u00fcr Informationen, die offline oder \u00fcber andere Kan\u00e4le als diese Website gesammelt werden.<\/p><h2>Zustimmung<\/h2><p>Durch die Nutzung unserer Website erkl\u00e4ren Sie sich hiermit mit unserer Datenschutzrichtlinie einverstanden und akzeptieren deren Bedingungen.<\/p><h2>Informationen, die wir sammeln<\/h2><p>Die personenbezogenen Daten, um deren Angabe wir Sie bitten, sowie die Gr\u00fcnde, warum wir sie von Ihnen verlangen, werden Ihnen zu dem Zeitpunkt, an dem wir Sie um die Angabe dieser Daten bitten, klar und deutlich erl\u00e4utert.<\/p><p>Wenn Sie uns direkt kontaktieren, erhalten wir m\u00f6glicherweise zus\u00e4tzliche Informationen \u00fcber Sie, wie z. B. Ihren Namen, Ihre E-Mail-Adresse, Ihre Telefonnummer, den Inhalt der Nachricht und\/oder Anh\u00e4nge, die Sie uns m\u00f6glicherweise senden, sowie alle anderen Informationen, die Sie freiwillig angeben.<\/p><p>Wenn Sie ein Konto einrichten, fragen wir Sie m\u00f6glicherweise nach Ihren Kontaktdaten, einschlie\u00dflich Ihres Namens, des Namens Ihres Unternehmens, Ihrer Postanschrift, Ihrer E-Mail-Adresse und Ihrer Telefonnummer.<\/p><h2>Wie wir Ihre Informationen verwenden<\/h2><p>Wir verwenden die von uns gesammelten Informationen auf verschiedene Weise, unter anderem um :<\/p><p>Bereitstellung, Betrieb und Pflege unserer Website<br \/>Verbesserung, Personalisierung und Weiterentwicklung unserer Website<br \/>zu verstehen und zu analysieren, wie Sie unsere Website nutzen<br \/>Entwicklung neuer Produkte, Dienstleistungen, Funktionen und Optionen<br \/>mit Ihnen entweder direkt oder \u00fcber unsere Partner zu kommunizieren, insbesondere f\u00fcr den Kundenservice, um Ihnen Aktualisierungen und andere Informationen in Bezug auf die Website zukommen zu lassen, sowie f\u00fcr Marketing- und Werbezwecke<br \/>Ihnen E-Mails schicken<br \/>Betrug erkennen und verhindern<\/p><h2>Protokolldateien<\/h2><p>GetTaxi.ch befolgt ein Standardverfahren zur Verwendung von Protokolldateien. Diese Dateien zeichnen Besucher auf, wenn sie Websites besuchen. Alle Hosting-Unternehmen tun dies, und es ist Teil der Analyse der Hosting-Dienste. Zu den von den Protokolldateien erfassten Informationen geh\u00f6ren IP-Adressen (Internet Protocol), Browsertyp, Internetdienstanbieter (ISP), Zeitstempel, Verweis- und Ausstiegsseiten sowie m\u00f6glicherweise die Anzahl der Klicks. Diese Informationen sind nicht mit pers\u00f6nlich identifizierbaren Daten verkn\u00fcpft. Sie werden verwendet, um Trends zu analysieren, die Website zu verwalten, die Bewegungen der Nutzer auf der Website zu verfolgen und demografische Informationen zu sammeln.<\/p><h2>Cookies und Web Beacons<\/h2><p>Wie jede andere Website verwendet auch GetTaxi.ch \u00abCookies\u00bb. Diese Cookies werden verwendet, um Informationen zu speichern, einschlie\u00dflich der Pr\u00e4ferenzen der Besucher und der Seiten unserer Website, auf die sie zugegriffen haben oder die sie sich angesehen haben. Diese Informationen werden verwendet, um die Benutzererfahrung zu optimieren, indem der Inhalt unserer Webseite auf der Grundlage des Browsertyps der Besucher und\/oder anderer Informationen angepasst wird.<\/p><p>Weitere allgemeine Informationen zu Cookies finden Sie unter \u00abWas sind Cookies\u00bb.<\/p><h2>Datenschutzrichtlinien von Werbepartnern<\/h2><p>In dieser Liste k\u00f6nnen Sie die Datenschutzbestimmungen der einzelnen Werbepartner von GetTaxi.ch finden.<\/p><p>Drittanbieter-Werbeserver oder Werbenetzwerke verwenden in ihren jeweiligen Werbeanzeigen und Links, die auf GetTaxi.ch erscheinen, Technologien wie Cookies, JavaScript oder Web Beacons, die direkt an den Browser des Nutzers gesendet werden. Sie erhalten automatisch Ihre IP-Adresse, wenn dies geschieht. Diese Technologien werden verwendet, um die Wirksamkeit ihrer Werbekampagnen zu messen und\/oder um die Werbeinhalte, die Sie auf den von Ihnen besuchten Websites sehen, zu personalisieren.<\/p><p>Bitte beachten Sie, dass GetTaxi.ch keinen Zugriff auf und keine Kontrolle \u00fcber diese Cookies hat, die von Drittanbieter-Werbetreibenden verwendet werden.<\/p><h2>Datenschutzrichtlinien von Dritten<\/h2><p>Die Datenschutzrichtlinie von GetTaxi.ch gilt nicht f\u00fcr andere Werbetreibende oder Webseiten. Wir empfehlen Ihnen daher, die jeweiligen Datenschutzrichtlinien dieser Drittanbieter-Werbeserver zu konsultieren, um detailliertere Informationen zu erhalten. Dazu k\u00f6nnen auch deren Praktiken und Anweisungen geh\u00f6ren, wie Sie bestimmte Optionen ablehnen k\u00f6nnen.<\/p><p>Sie k\u00f6nnen sich \u00fcber die Optionen Ihres Browsers daf\u00fcr entscheiden, Cookies zu deaktivieren. Weitere Informationen zur Verwaltung von Cookies mit bestimmten Webbrowsern finden Sie auf den jeweiligen Webseiten der Browser.<\/p><h2>CCPA Datenschutzrechte (Meine pers\u00f6nlichen Informationen nicht verkaufen)<\/h2><p>Nach dem CCPA haben kalifornische Verbraucher unter anderem das Recht :<\/p><p>Ein Unternehmen, das personenbezogene Daten eines Verbrauchers sammelt, auffordern, die Kategorien und spezifischen Elemente der personenbezogenen Daten, die es \u00fcber den Verbraucher gesammelt hat, offen zu legen.<\/p><p>Ein Unternehmen auffordern, alle von ihm gesammelten personenbezogenen Daten \u00fcber ihn zu l\u00f6schen.<\/p><p>Ein Unternehmen, das die pers\u00f6nlichen Daten eines Verbrauchers verkauft, auffordern, diese Daten nicht zu verkaufen.<\/p><p>Wenn Sie eine Anfrage stellen, haben wir einen Monat Zeit, um Ihnen zu antworten. Wenn Sie eines dieser Rechte aus\u00fcben m\u00f6chten, setzen Sie sich bitte mit uns in Verbindung.<\/p><h2>Datenschutzrechte DSGVO<\/h2><p>Wir m\u00f6chten sicherstellen, dass Sie \u00fcber alle Ihre Rechte im Bereich des Datenschutzes vollst\u00e4ndig informiert sind. Jeder Nutzer hat die folgenden Rechte:<\/p><p>Das Recht auf Zugang - Sie haben das Recht, Kopien Ihrer pers\u00f6nlichen Daten anzufordern. Wir k\u00f6nnen Ihnen daf\u00fcr eine geringe Geb\u00fchr berechnen.<\/p><p>Das Recht auf Berichtigung - Sie haben das Recht, zu verlangen, dass wir Informationen, die Sie f\u00fcr unrichtig halten, korrigieren. Sie haben auch das Recht zu verlangen, dass wir Informationen, die Sie f\u00fcr unvollst\u00e4ndig halten, vervollst\u00e4ndigen.<\/p><p>Das Recht auf L\u00f6schung - Sie haben das Recht, unter bestimmten Bedingungen zu verlangen, dass wir Ihre personenbezogenen Daten l\u00f6schen.<\/p><p>Das Recht, die Verarbeitung einzuschr\u00e4nken - Sie haben das Recht, unter bestimmten Bedingungen zu verlangen, dass wir die Verarbeitung Ihrer personenbezogenen Daten einschr\u00e4nken.<\/p><p>Das Recht, der Verarbeitung zu widersprechen - Unter bestimmten Bedingungen haben Sie das Recht, der Verarbeitung Ihrer personenbezogenen Daten zu widersprechen.<\/p><p>Das Recht auf Daten\u00fcbertragbarkeit - Sie haben das Recht, unter bestimmten Bedingungen zu verlangen, dass wir die von uns gesammelten Daten an eine andere Organisation oder direkt an Sie \u00fcbertragen.<\/p><p>Wenn Sie eine Anfrage stellen, haben wir einen Monat Zeit, um Ihnen zu antworten. Wenn Sie eines dieser Rechte aus\u00fcben m\u00f6chten, setzen Sie sich bitte mit uns in Verbindung.<\/p><h2>Informationen \u00fcber Kinder<\/h2><p>Ein weiterer Teil unserer Priorit\u00e4t betrifft die Hinzuf\u00fcgung von Schutz f\u00fcr Kinder bei der Nutzung des Internets. Wir ermutigen Eltern und Erziehungsberechtigte, ihre Online-Aktivit\u00e4ten zu beobachten, sich daran zu beteiligen und\/oder sie zu \u00fcberwachen und zu lenken.<\/p><p>GetTaxi.ch sammelt nicht wissentlich pers\u00f6nlich identifizierbare Informationen von Kindern unter 13 Jahren. Wenn Sie glauben, dass Ihr Kind solche Informationen auf unserer Website angegeben hat, empfehlen wir Ihnen dringend, sich sofort mit uns in Verbindung zu setzen, und wir werden uns bem\u00fchen, diese Informationen schnell aus unseren Unterlagen zu entfernen.<\/p>\t\t\t\t\t\t\t\t<\/div>\n\t\t\t\t<\/div>\n\t\t\t\t\t<\/div>\n\t\t<\/div>\n\t\t\t\t\t<\/div>\n\t\t<\/section>\n\t\t\t\t<\/div>","protected":false},"excerpt":{"rendered":"<p>Datenschutzrichtlinie Bei GetTaxi.ch ist der Schutz der Privatsph\u00e4re unserer Besucher eine unserer h\u00f6chsten Priorit\u00e4ten. In dieser Datenschutzrichtlinie wird beschrieben, welche Arten von Informationen GetTaxi.ch sammelt und speichert und wie wir sie verwenden. Wenn Sie weitere Fragen haben oder mehr Informationen \u00fcber unsere Politik [...] erhalten m\u00f6chten<\/p>","protected":false},"author":2,"featured_media":0,"parent":0,"menu_order":0,"comment_status":"closed","ping_status":"closed","template":"","meta":{"site-sidebar-layout":"no-sidebar","site-content-layout":"page-builder","ast-site-content-layout":"full-width-container","site-content-style":"unboxed","site-sidebar-style":"unboxed","ast-global-header-display":"","ast-banner-title-visibility":"","ast-main-header-display":"","ast-hfb-above-header-display":"","ast-hfb-below-header-display":"","ast-hfb-mobile-header-display":"","site-post-title":"disabled","ast-breadcrumbs-content":"","ast-featured-img":"disabled","footer-sml-layout":"","ast-disable-related-posts":"","theme-transparent-header-meta":"default","adv-header-id-meta":"","stick-header-meta":"","header-above-stick-meta":"","header-main-stick-meta":"","header-below-stick-meta":"","astra-migrate-meta-layouts":"set","ast-page-background-enabled":"default","ast-page-background-meta":{"desktop":{"background-color":"","background-image":"","background-repeat":"repeat","background-position":"center center","background-size":"auto","background-attachment":"scroll","background-type":"","background-media":"","overlay-type":"","overlay-color":"","overlay-opacity":"","overlay-gradient":""},"tablet":{"background-color":"","background-image":"","background-repeat":"repeat","background-position":"center center","background-size":"auto","background-attachment":"scroll","background-type":"","background-media":"","overlay-type":"","overlay-color":"","overlay-opacity":"","overlay-gradient":""},"mobile":{"background-color":"","background-image":"","background-repeat":"repeat","background-position":"center center","background-size":"auto","background-attachment":"scroll","background-type":"","background-media":"","overlay-type":"","overlay-color":"","overlay-opacity":"","overlay-gradient":""}},"ast-content-background-meta":{"desktop":{"background-color":"var(--ast-global-color-5)","background-image":"","background-repeat":"repeat","background-position":"center center","background-size":"auto","background-attachment":"scroll","background-type":"","background-media":"","overlay-type":"","overlay-color":"","overlay-opacity":"","overlay-gradient":""},"tablet":{"background-color":"var(--ast-global-color-5)","background-image":"","background-repeat":"repeat","background-position":"center center","background-size":"auto","background-attachment":"scroll","background-type":"","background-media":"","overlay-type":"","overlay-color":"","overlay-opacity":"","overlay-gradient":""},"mobile":{"background-color":"var(--ast-global-color-5)","background-image":"","background-repeat":"repeat","background-position":"center center","background-size":"auto","background-attachment":"scroll","background-type":"","background-media":"","overlay-type":"","overlay-color":"","overlay-opacity":"","overlay-gradient":""}},"footnotes":""},"class_list":["post-3293","page","type-page","status-publish","hentry"],"yoast_head":"<!-- This site is optimized with the Yoast SEO Premium plugin v27.5 (Yoast SEO v27.6) - https:\/\/yoast.com\/product\/yoast-seo-premium-wordpress\/ -->\n<title>Politique de Confidentialit\u00e9 - Get Taxi Lausanne<\/title>\n<meta name=\"description\" content=\"Politique de confidentialit\u00e9 de Get Taxi : utilisation de vos donn\u00e9es personnelles, cookies, vos droits RGPD. Engagement de confidentialit\u00e9 totale.\" \/>\n<meta name=\"robots\" content=\"noindex, follow\" \/>\n<meta property=\"og:locale\" content=\"de_DE\" \/>\n<meta property=\"og:type\" content=\"article\" \/>\n<meta property=\"og:title\" content=\"Politique de confidentialit\u00e9\" \/>\n<meta property=\"og:description\" content=\"Politique de Confidentialit\u00e9 Chez GetTaxi.ch, l&#039;une de nos principales priorit\u00e9s est la confidentialit\u00e9 de nos visiteurs. Le pr\u00e9sent document de Politique\" \/>\n<meta property=\"og:url\" content=\"https:\/\/gettaxi.ch\/de\/datenschutz\/\" \/>\n<meta property=\"og:site_name\" content=\"Get Taxi\" \/>\n<meta property=\"article:publisher\" content=\"https:\/\/www.facebook.com\/gettaxi.ch\/\" \/>\n<meta property=\"article:modified_time\" content=\"2026-05-13T14:32:34+00:00\" \/>\n<meta property=\"og:image\" content=\"https:\/\/gettaxi.ch\/wp-content\/uploads\/2021\/05\/SITE-GETTAXI.jpg\" \/>\n\t<meta property=\"og:image:width\" content=\"1200\" \/>\n\t<meta property=\"og:image:height\" content=\"675\" \/>\n\t<meta property=\"og:image:type\" content=\"image\/jpeg\" \/>\n<meta name=\"twitter:card\" content=\"summary_large_image\" \/>\n<meta name=\"twitter:label1\" content=\"Gesch\u00e4tzte Lesezeit\" \/>\n\t<meta name=\"twitter:data1\" content=\"6\u00a0Minuten\" \/>\n<script type=\"application\/ld+json\" class=\"yoast-schema-graph\">{\"@context\":\"https:\\\/\\\/schema.org\",\"@graph\":[{\"@type\":\"WebPage\",\"@id\":\"https:\\\/\\\/gettaxi.ch\\\/politique-de-confidentialite\\\/\",\"url\":\"https:\\\/\\\/gettaxi.ch\\\/politique-de-confidentialite\\\/\",\"name\":\"Politique de Confidentialit\u00e9 - Get Taxi Lausanne\",\"isPartOf\":{\"@id\":\"https:\\\/\\\/gettaxi.ch\\\/#website\"},\"datePublished\":\"2021-06-16T18:29:27+00:00\",\"dateModified\":\"2026-05-13T14:32:34+00:00\",\"description\":\"Politique de confidentialit\u00e9 de Get Taxi : utilisation de vos donn\u00e9es personnelles, cookies, vos droits RGPD. Engagement de confidentialit\u00e9 totale.\",\"breadcrumb\":{\"@id\":\"https:\\\/\\\/gettaxi.ch\\\/politique-de-confidentialite\\\/#breadcrumb\"},\"inLanguage\":\"de-CH\",\"potentialAction\":[{\"@type\":\"ReadAction\",\"target\":[\"https:\\\/\\\/gettaxi.ch\\\/politique-de-confidentialite\\\/\"]}]},{\"@type\":\"BreadcrumbList\",\"@id\":\"https:\\\/\\\/gettaxi.ch\\\/politique-de-confidentialite\\\/#breadcrumb\",\"itemListElement\":[{\"@type\":\"ListItem\",\"position\":1,\"name\":\"Home\",\"item\":\"https:\\\/\\\/gettaxi.ch\\\/\"},{\"@type\":\"ListItem\",\"position\":2,\"name\":\"Politique de confidentialit\u00e9\",\"item\":\"https:\\\/\\\/gettaxi.ch\\\/de\\\/politique-de-confidentialite\\\/\"}]},{\"@type\":\"WebSite\",\"@id\":\"https:\\\/\\\/gettaxi.ch\\\/#website\",\"url\":\"https:\\\/\\\/gettaxi.ch\\\/\",\"name\":\"Get Taxi - CH\",\"description\":\"R\u00e9servation de taxi ou chauffeur priv\u00e9 \u00e0 Lausanne, Gen\u00e8ve et partout en Suisse\",\"publisher\":{\"@id\":\"https:\\\/\\\/gettaxi.ch\\\/#organization\"},\"alternateName\":\"Taxi Lausanne - chauffeurs priv\u00e9 - Transfert a\u00e9roport Gen\u00e8ve\",\"potentialAction\":[{\"@type\":\"SearchAction\",\"target\":{\"@type\":\"EntryPoint\",\"urlTemplate\":\"https:\\\/\\\/gettaxi.ch\\\/?s={search_term_string}\"},\"query-input\":{\"@type\":\"PropertyValueSpecification\",\"valueRequired\":true,\"valueName\":\"search_term_string\"}}],\"inLanguage\":\"de-CH\"},{\"@type\":\"Organization\",\"@id\":\"https:\\\/\\\/gettaxi.ch\\\/#organization\",\"name\":\"Get Taxi\",\"alternateName\":\"Taxi \u00e0 Lausanne, transfert et chauffeurs priv\u00e9s\",\"url\":\"https:\\\/\\\/gettaxi.ch\\\/\",\"logo\":{\"@type\":\"ImageObject\",\"inLanguage\":\"de-CH\",\"@id\":\"https:\\\/\\\/gettaxi.ch\\\/#\\\/schema\\\/logo\\\/image\\\/\",\"url\":\"https:\\\/\\\/gettaxi.ch\\\/wp-content\\\/uploads\\\/2021\\\/05\\\/cropped-cropped-cropped-Sans-titre.png\",\"contentUrl\":\"https:\\\/\\\/gettaxi.ch\\\/wp-content\\\/uploads\\\/2021\\\/05\\\/cropped-cropped-cropped-Sans-titre.png\",\"width\":512,\"height\":512,\"caption\":\"Get Taxi\"},\"image\":{\"@id\":\"https:\\\/\\\/gettaxi.ch\\\/#\\\/schema\\\/logo\\\/image\\\/\"},\"sameAs\":[\"https:\\\/\\\/www.facebook.com\\\/gettaxi.ch\\\/\",\"https:\\\/\\\/instagram.com\\\/gettaxi_ch\\\/\"],\"publishingPrinciples\":\"https:\\\/\\\/gettaxi.ch\\\/politique-de-confidentialite\\\/\",\"correctionsPolicy\":\"https:\\\/\\\/gettaxi.ch\\\/politique-de-confidentialite\\\/\",\"ethicsPolicy\":\"https:\\\/\\\/gettaxi.ch\\\/politique-de-confidentialite\\\/\",\"diversityPolicy\":\"https:\\\/\\\/gettaxi.ch\\\/politique-de-confidentialite\\\/\"}]}<\/script>\n<!-- \/ Yoast SEO Premium plugin. -->","yoast_head_json":{"title":"Datenschutzrichtlinie - Get Taxi Lausanne","description":"Datenschutzrichtlinie von Get Taxi: Nutzung Ihrer pers\u00f6nlichen Daten, Cookies, Ihre Rechte DSGVO. Verpflichtung zu vollst\u00e4ndiger Vertraulichkeit.","robots":{"index":"noindex","follow":"follow"},"og_locale":"de_DE","og_type":"article","og_title":"Politique de confidentialit\u00e9","og_description":"Politique de Confidentialit\u00e9 Chez GetTaxi.ch, l'une de nos principales priorit\u00e9s est la confidentialit\u00e9 de nos visiteurs. Le pr\u00e9sent document de Politique","og_url":"https:\/\/gettaxi.ch\/de\/datenschutz\/","og_site_name":"Get Taxi","article_publisher":"https:\/\/www.facebook.com\/gettaxi.ch\/","article_modified_time":"2026-05-13T14:32:34+00:00","og_image":[{"width":1200,"height":675,"url":"https:\/\/gettaxi.ch\/wp-content\/uploads\/2021\/05\/SITE-GETTAXI.jpg","type":"image\/jpeg"}],"twitter_card":"summary_large_image","twitter_misc":{"Gesch\u00e4tzte Lesezeit":"6\u00a0Minuten"},"schema":{"@context":"https:\/\/schema.org","@graph":[{"@type":"WebPage","@id":"https:\/\/gettaxi.ch\/politique-de-confidentialite\/","url":"https:\/\/gettaxi.ch\/politique-de-confidentialite\/","name":"Datenschutzrichtlinie - Get Taxi Lausanne","isPartOf":{"@id":"https:\/\/gettaxi.ch\/#website"},"datePublished":"2021-06-16T18:29:27+00:00","dateModified":"2026-05-13T14:32:34+00:00","description":"Datenschutzrichtlinie von Get Taxi: Nutzung Ihrer pers\u00f6nlichen Daten, Cookies, Ihre Rechte DSGVO. Verpflichtung zu vollst\u00e4ndiger Vertraulichkeit.","breadcrumb":{"@id":"https:\/\/gettaxi.ch\/politique-de-confidentialite\/#breadcrumb"},"inLanguage":"de-CH","potentialAction":[{"@type":"ReadAction","target":["https:\/\/gettaxi.ch\/politique-de-confidentialite\/"]}]},{"@type":"BreadcrumbList","@id":"https:\/\/gettaxi.ch\/politique-de-confidentialite\/#breadcrumb","itemListElement":[{"@type":"ListItem","position":1,"name":"Home","item":"https:\/\/gettaxi.ch\/"},{"@type":"ListItem","position":2,"name":"Politique de confidentialit\u00e9","item":"https:\/\/gettaxi.ch\/de\/politique-de-confidentialite\/"}]},{"@type":"WebSite","@id":"https:\/\/gettaxi.ch\/#website","url":"https:\/\/gettaxi.ch\/","name":"Get Taxi - CH","description":"Reservierung von Taxis oder Privatfahrern in Lausanne, Genf und der ganzen Schweiz","publisher":{"@id":"https:\/\/gettaxi.ch\/#organization"},"alternateName":"Taxi Lausanne - chauffeurs priv\u00e9 - Transfert a\u00e9roport Gen\u00e8ve","potentialAction":[{"@type":"SearchAction","target":{"@type":"EntryPoint","urlTemplate":"https:\/\/gettaxi.ch\/?s={search_term_string}"},"query-input":{"@type":"PropertyValueSpecification","valueRequired":true,"valueName":"search_term_string"}}],"inLanguage":"de-CH"},{"@type":"Organization","@id":"https:\/\/gettaxi.ch\/#organization","name":"Get Taxi","alternateName":"Taxi \u00e0 Lausanne, transfert et chauffeurs priv\u00e9s","url":"https:\/\/gettaxi.ch\/","logo":{"@type":"ImageObject","inLanguage":"de-CH","@id":"https:\/\/gettaxi.ch\/#\/schema\/logo\/image\/","url":"https:\/\/gettaxi.ch\/wp-content\/uploads\/2021\/05\/cropped-cropped-cropped-Sans-titre.png","contentUrl":"https:\/\/gettaxi.ch\/wp-content\/uploads\/2021\/05\/cropped-cropped-cropped-Sans-titre.png","width":512,"height":512,"caption":"Get Taxi"},"image":{"@id":"https:\/\/gettaxi.ch\/#\/schema\/logo\/image\/"},"sameAs":["https:\/\/www.facebook.com\/gettaxi.ch\/","https:\/\/instagram.com\/gettaxi_ch\/"],"publishingPrinciples":"https:\/\/gettaxi.ch\/politique-de-confidentialite\/","correctionsPolicy":"https:\/\/gettaxi.ch\/politique-de-confidentialite\/","ethicsPolicy":"https:\/\/gettaxi.ch\/politique-de-confidentialite\/","diversityPolicy":"https:\/\/gettaxi.ch\/politique-de-confidentialite\/"}]}},"_links":{"self":[{"href":"https:\/\/gettaxi.ch\/de\/wp-json\/wp\/v2\/pages\/3293","targetHints":{"allow":["GET"]}}],"collection":[{"href":"https:\/\/gettaxi.ch\/de\/wp-json\/wp\/v2\/pages"}],"about":[{"href":"https:\/\/gettaxi.ch\/de\/wp-json\/wp\/v2\/types\/page"}],"author":[{"embeddable":true,"href":"https:\/\/gettaxi.ch\/de\/wp-json\/wp\/v2\/users\/2"}],"replies":[{"embeddable":true,"href":"https:\/\/gettaxi.ch\/de\/wp-json\/wp\/v2\/comments?post=3293"}],"version-history":[{"count":16,"href":"https:\/\/gettaxi.ch\/de\/wp-json\/wp\/v2\/pages\/3293\/revisions"}],"predecessor-version":[{"id":18724,"href":"https:\/\/gettaxi.ch\/de\/wp-json\/wp\/v2\/pages\/3293\/revisions\/18724"}],"wp:attachment":[{"href":"https:\/\/gettaxi.ch\/de\/wp-json\/wp\/v2\/media?parent=3293"}],"curies":[{"name":"wp","href":"https:\/\/api.w.org\/{rel}","templated":true}]}}