{"id":14075,"date":"2021-05-13T08:38:29","date_gmt":"2021-05-13T07:38:29","guid":{"rendered":"https:\/\/gettaxi.ch\/transfert-aeroportuaire\/"},"modified":"2024-11-22T03:26:38","modified_gmt":"2024-11-22T02:26:38","slug":"transfert-aeroportuaire","status":"publish","type":"page","link":"https:\/\/gettaxi.ch\/fr\/transfert-aeroportuaire\/","title":{"rendered":"Transfert a\u00e9roportuaire"},"content":{"rendered":"\t\t<div data-elementor-type=\"wp-page\" data-elementor-id=\"14075\" class=\"elementor elementor-14075 elementor-1881\">\n\t\t\t\t\t\t<section class=\"elementor-section elementor-top-section elementor-element elementor-element-f684c47 elementor-section-height-min-height elementor-section-boxed elementor-section-height-default elementor-section-items-middle\" data-id=\"f684c47\" data-element_type=\"section\" data-e-type=\"section\" data-settings=\"{&quot;background_background&quot;:&quot;classic&quot;}\">\n\t\t\t\t\t\t\t<div class=\"elementor-background-overlay\"><\/div>\n\t\t\t\t\t\t\t<div class=\"elementor-container elementor-column-gap-default\">\n\t\t\t\t\t<div class=\"elementor-column elementor-col-100 elementor-top-column elementor-element elementor-element-fd0e984\" data-id=\"fd0e984\" data-element_type=\"column\" data-e-type=\"column\">\n\t\t\t<div class=\"elementor-widget-wrap elementor-element-populated\">\n\t\t\t\t\t\t<div class=\"elementor-element elementor-element-fea3a1a elementor-widget elementor-widget-heading\" data-id=\"fea3a1a\" data-element_type=\"widget\" data-e-type=\"widget\" data-widget_type=\"heading.default\">\n\t\t\t\t<div class=\"elementor-widget-container\">\n\t\t\t\t\t<h1 class=\"elementor-heading-title elementor-size-default\">Transfert a\u00e9roportuaire<\/h1>\t\t\t\t<\/div>\n\t\t\t\t<\/div>\n\t\t\t\t\t<\/div>\n\t\t<\/div>\n\t\t\t\t\t<\/div>\n\t\t<\/section>\n\t\t\t\t<section class=\"elementor-section elementor-top-section elementor-element elementor-element-4336f60 elementor-section-boxed elementor-section-height-default elementor-section-height-default\" data-id=\"4336f60\" data-element_type=\"section\" data-e-type=\"section\">\n\t\t\t\t\t\t<div class=\"elementor-container elementor-column-gap-default\">\n\t\t\t\t\t<div class=\"elementor-column elementor-col-50 elementor-top-column elementor-element elementor-element-75107d8\" data-id=\"75107d8\" data-element_type=\"column\" data-e-type=\"column\">\n\t\t\t<div class=\"elementor-widget-wrap elementor-element-populated\">\n\t\t\t\t\t\t<div class=\"elementor-element elementor-element-293df18 elementor-widget elementor-widget-text-editor\" data-id=\"293df18\" data-element_type=\"widget\" data-e-type=\"widget\" data-widget_type=\"text-editor.default\">\n\t\t\t\t<div class=\"elementor-widget-container\">\n\t\t\t\t\t\t\t\t\t<p>Taxi Lausanne Geneve Aeroport? Nous fournissons un service fiable de transport de passagers depuis l&rsquo;a\u00e9roport international de <a href=\"https:\/\/www.gva.ch\/en\/\" target=\"_blank\" rel=\"noopener\">Gen\u00e8ve<\/a> et les h\u00f4tels.<\/p><p><a href=\"https:\/\/gettaxi.ch\/fr\/notre-flotte\/\">Dans notre flotte<\/a>, il y a des voitures neuves et confortables, ainsi que des chauffeurs professionnels qui vous conduiront rapidement et en toute s\u00e9curit\u00e9 \u00e0 votre destination !<\/p>\t\t\t\t\t\t\t\t<\/div>\n\t\t\t\t<\/div>\n\t\t\t\t\t<\/div>\n\t\t<\/div>\n\t\t\t\t<div class=\"elementor-column elementor-col-50 elementor-top-column elementor-element elementor-element-e881ddf\" data-id=\"e881ddf\" data-element_type=\"column\" data-e-type=\"column\">\n\t\t\t<div class=\"elementor-widget-wrap elementor-element-populated\">\n\t\t\t\t\t\t<div class=\"elementor-element elementor-element-e84f8b8 elementor-widget elementor-widget-image\" data-id=\"e84f8b8\" data-element_type=\"widget\" data-e-type=\"widget\" data-widget_type=\"image.default\">\n\t\t\t\t<div class=\"elementor-widget-container\">\n\t\t\t\t\t\t\t\t\t\t\t\t\t\t\t<img fetchpriority=\"high\" decoding=\"async\" width=\"1024\" height=\"1024\" src=\"https:\/\/gettaxi.ch\/wp-content\/uploads\/2024\/11\/taxi-lausanne-geneve-aeroport-1024x1024.jpg\" class=\"attachment-large size-large wp-image-14415\" alt=\"taxi lausanne geneve aeroport\" srcset=\"https:\/\/gettaxi.ch\/wp-content\/uploads\/2024\/11\/taxi-lausanne-geneve-aeroport-1024x1024.jpg 1024w, https:\/\/gettaxi.ch\/wp-content\/uploads\/2024\/11\/taxi-lausanne-geneve-aeroport-300x300.jpg 300w, https:\/\/gettaxi.ch\/wp-content\/uploads\/2024\/11\/taxi-lausanne-geneve-aeroport-150x150.jpg 150w, https:\/\/gettaxi.ch\/wp-content\/uploads\/2024\/11\/taxi-lausanne-geneve-aeroport-768x768.jpg 768w, https:\/\/gettaxi.ch\/wp-content\/uploads\/2024\/11\/taxi-lausanne-geneve-aeroport-1536x1536.jpg 1536w, https:\/\/gettaxi.ch\/wp-content\/uploads\/2024\/11\/taxi-lausanne-geneve-aeroport-306x306.jpg 306w, https:\/\/gettaxi.ch\/wp-content\/uploads\/2024\/11\/taxi-lausanne-geneve-aeroport-533x533.jpg 533w, https:\/\/gettaxi.ch\/wp-content\/uploads\/2024\/11\/taxi-lausanne-geneve-aeroport-600x600.jpg 600w, https:\/\/gettaxi.ch\/wp-content\/uploads\/2024\/11\/taxi-lausanne-geneve-aeroport-100x100.jpg 100w, https:\/\/gettaxi.ch\/wp-content\/uploads\/2024\/11\/taxi-lausanne-geneve-aeroport.jpg 2000w\" sizes=\"(max-width: 1024px) 100vw, 1024px\" \/>\t\t\t\t\t\t\t\t\t\t\t\t\t\t\t<\/div>\n\t\t\t\t<\/div>\n\t\t\t\t\t<\/div>\n\t\t<\/div>\n\t\t\t\t\t<\/div>\n\t\t<\/section>\n\t\t\t\t<\/div>\n\t\t","protected":false},"excerpt":{"rendered":"<p>Transfert a\u00e9roportuaire Taxi Lausanne Geneve Aeroport? Nous fournissons un service fiable de transport de passagers depuis l&rsquo;a\u00e9roport international de Gen\u00e8ve et les h\u00f4tels. Dans notre flotte, il y a des voitures neuves et confortables, ainsi que des chauffeurs professionnels qui vous conduiront rapidement et en toute s\u00e9curit\u00e9 \u00e0 votre destination !<\/p>\n","protected":false},"author":2,"featured_media":0,"parent":0,"menu_order":0,"comment_status":"closed","ping_status":"closed","template":"","meta":{"om_disable_all_campaigns":false,"_mi_skip_tracking":false,"site-sidebar-layout":"no-sidebar","site-content-layout":"page-builder","ast-global-header-display":"","ast-main-header-display":"","ast-hfb-above-header-display":"","ast-hfb-below-header-display":"","ast-hfb-mobile-header-display":"","site-post-title":"disabled","ast-breadcrumbs-content":"","ast-featured-img":"disabled","footer-sml-layout":"","theme-transparent-header-meta":"enabled","adv-header-id-meta":"","stick-header-meta":"","header-above-stick-meta":"","header-main-stick-meta":"","header-below-stick-meta":"","_glsr_average":0,"_glsr_ranking":0,"_glsr_reviews":0,"footnotes":""},"class_list":["post-14075","page","type-page","status-publish","hentry"],"yoast_head":"<!-- This site is optimized with the Yoast SEO Premium plugin v19.5 (Yoast SEO v26.8) - https:\/\/yoast.com\/product\/yoast-seo-premium-wordpress\/ -->\n<title>Taxi Lausanne Geneve Aeroport: Service Fiable et Abordable<\/title>\n<meta name=\"description\" content=\"Taxi Lausanne Geneve Aeroport, Transport fiable, rapide et abordable entre Lausanne et l&#039;a\u00e9roport de Gen\u00e8ve. R\u00e9servez maintenant\" \/>\n<meta name=\"robots\" content=\"index, follow, max-snippet:-1, max-image-preview:large, max-video-preview:-1\" \/>\n<link rel=\"canonical\" href=\"https:\/\/gettaxi.ch\/fr\/transfert-aeroportuaire\/\" \/>\n<meta property=\"og:locale\" content=\"fr_FR\" \/>\n<meta property=\"og:type\" content=\"article\" \/>\n<meta property=\"og:title\" content=\"Transfert a\u00e9roportuaire\" \/>\n<meta property=\"og:description\" content=\"Transfert a\u00e9roportuaire Taxi Lausanne Geneve Aeroport? Nous fournissons un service fiable de transport de passagers depuis l&#039;a\u00e9roport international de\" \/>\n<meta property=\"og:url\" content=\"https:\/\/gettaxi.ch\/fr\/transfert-aeroportuaire\/\" \/>\n<meta property=\"og:site_name\" content=\"Get Taxi\" \/>\n<meta property=\"article:publisher\" content=\"https:\/\/www.facebook.com\/gettaxi.ch\/\" \/>\n<meta property=\"article:modified_time\" content=\"2024-11-22T02:26:38+00:00\" \/>\n<meta property=\"og:image\" content=\"https:\/\/gettaxi.ch\/wp-content\/uploads\/2024\/11\/taxi-lausanne-geneve-aeroport-1024x1024.jpg\" \/>\n<meta name=\"twitter:card\" content=\"summary_large_image\" \/>\n<meta name=\"twitter:label1\" content=\"Dur\u00e9e de lecture estim\u00e9e\" \/>\n\t<meta name=\"twitter:data1\" content=\"1 minute\" \/>\n<script type=\"application\/ld+json\" class=\"yoast-schema-graph\">{\"@context\":\"https:\/\/schema.org\",\"@graph\":[{\"@type\":\"WebPage\",\"@id\":\"https:\/\/gettaxi.ch\/fr\/transfert-aeroportuaire\/\",\"url\":\"https:\/\/gettaxi.ch\/fr\/transfert-aeroportuaire\/\",\"name\":\"Taxi Lausanne Geneve Aeroport: Service Fiable et Abordable\",\"isPartOf\":{\"@id\":\"https:\/\/gettaxi.ch\/#website\"},\"primaryImageOfPage\":{\"@id\":\"https:\/\/gettaxi.ch\/fr\/transfert-aeroportuaire\/#primaryimage\"},\"image\":{\"@id\":\"https:\/\/gettaxi.ch\/fr\/transfert-aeroportuaire\/#primaryimage\"},\"thumbnailUrl\":\"https:\/\/gettaxi.ch\/wp-content\/uploads\/2024\/11\/taxi-lausanne-geneve-aeroport-1024x1024.jpg\",\"datePublished\":\"2021-05-13T07:38:29+00:00\",\"dateModified\":\"2024-11-22T02:26:38+00:00\",\"description\":\"Taxi Lausanne Geneve Aeroport, Transport fiable, rapide et abordable entre Lausanne et l'a\u00e9roport de Gen\u00e8ve. R\u00e9servez maintenant\",\"breadcrumb\":{\"@id\":\"https:\/\/gettaxi.ch\/fr\/transfert-aeroportuaire\/#breadcrumb\"},\"inLanguage\":\"fr-FR\",\"potentialAction\":[{\"@type\":\"ReadAction\",\"target\":[\"https:\/\/gettaxi.ch\/fr\/transfert-aeroportuaire\/\"]}]},{\"@type\":\"ImageObject\",\"inLanguage\":\"fr-FR\",\"@id\":\"https:\/\/gettaxi.ch\/fr\/transfert-aeroportuaire\/#primaryimage\",\"url\":\"https:\/\/gettaxi.ch\/wp-content\/uploads\/2024\/11\/taxi-lausanne-geneve-aeroport-1024x1024.jpg\",\"contentUrl\":\"https:\/\/gettaxi.ch\/wp-content\/uploads\/2024\/11\/taxi-lausanne-geneve-aeroport-1024x1024.jpg\"},{\"@type\":\"BreadcrumbList\",\"@id\":\"https:\/\/gettaxi.ch\/fr\/transfert-aeroportuaire\/#breadcrumb\",\"itemListElement\":[{\"@type\":\"ListItem\",\"position\":1,\"name\":\"Home\",\"item\":\"https:\/\/gettaxi.ch\/fr\/\"},{\"@type\":\"ListItem\",\"position\":2,\"name\":\"Transfert a\u00e9roportuaire\"}]},{\"@type\":\"WebSite\",\"@id\":\"https:\/\/gettaxi.ch\/#website\",\"url\":\"https:\/\/gettaxi.ch\/\",\"name\":\"Get Taxi - CH\",\"description\":\"Get the Relaxed Feeling\",\"publisher\":{\"@id\":\"https:\/\/gettaxi.ch\/#organization\"},\"alternateName\":\"Airport Transfers | Taxi Geneva Airport | Taxi Lausanne\",\"potentialAction\":[{\"@type\":\"SearchAction\",\"target\":{\"@type\":\"EntryPoint\",\"urlTemplate\":\"https:\/\/gettaxi.ch\/?s={search_term_string}\"},\"query-input\":{\"@type\":\"PropertyValueSpecification\",\"valueRequired\":true,\"valueName\":\"search_term_string\"}}],\"inLanguage\":\"fr-FR\"},{\"@type\":\"Organization\",\"@id\":\"https:\/\/gettaxi.ch\/#organization\",\"name\":\"Get Taxi\",\"alternateName\":\"Airport Transfers and Fast Taxi Service\",\"url\":\"https:\/\/gettaxi.ch\/\",\"logo\":{\"@type\":\"ImageObject\",\"inLanguage\":\"fr-FR\",\"@id\":\"https:\/\/gettaxi.ch\/#\/schema\/logo\/image\/\",\"url\":\"https:\/\/gettaxi.ch\/wp-content\/uploads\/2021\/05\/2-1.png\",\"contentUrl\":\"https:\/\/gettaxi.ch\/wp-content\/uploads\/2021\/05\/2-1.png\",\"width\":1563,\"height\":1563,\"caption\":\"Get Taxi\"},\"image\":{\"@id\":\"https:\/\/gettaxi.ch\/#\/schema\/logo\/image\/\"},\"sameAs\":[\"https:\/\/www.facebook.com\/gettaxi.ch\/\",\"https:\/\/instagram.com\/gettaxi_ch\/\"]}]}<\/script>\n<!-- \/ Yoast SEO Premium plugin. -->","yoast_head_json":{"title":"Taxi Lausanne Geneve Aeroport: Service Fiable et Abordable","description":"Taxi Lausanne Geneve Aeroport, Transport fiable, rapide et abordable entre Lausanne et l'a\u00e9roport de Gen\u00e8ve. R\u00e9servez maintenant","robots":{"index":"index","follow":"follow","max-snippet":"max-snippet:-1","max-image-preview":"max-image-preview:large","max-video-preview":"max-video-preview:-1"},"canonical":"https:\/\/gettaxi.ch\/fr\/transfert-aeroportuaire\/","og_locale":"fr_FR","og_type":"article","og_title":"Transfert a\u00e9roportuaire","og_description":"Transfert a\u00e9roportuaire Taxi Lausanne Geneve Aeroport? Nous fournissons un service fiable de transport de passagers depuis l'a\u00e9roport international de","og_url":"https:\/\/gettaxi.ch\/fr\/transfert-aeroportuaire\/","og_site_name":"Get Taxi","article_publisher":"https:\/\/www.facebook.com\/gettaxi.ch\/","article_modified_time":"2024-11-22T02:26:38+00:00","og_image":[{"url":"https:\/\/gettaxi.ch\/wp-content\/uploads\/2024\/11\/taxi-lausanne-geneve-aeroport-1024x1024.jpg","type":"","width":"","height":""}],"twitter_card":"summary_large_image","twitter_misc":{"Dur\u00e9e de lecture estim\u00e9e":"1 minute"},"schema":{"@context":"https:\/\/schema.org","@graph":[{"@type":"WebPage","@id":"https:\/\/gettaxi.ch\/fr\/transfert-aeroportuaire\/","url":"https:\/\/gettaxi.ch\/fr\/transfert-aeroportuaire\/","name":"Taxi Lausanne Geneve Aeroport: Service Fiable et Abordable","isPartOf":{"@id":"https:\/\/gettaxi.ch\/#website"},"primaryImageOfPage":{"@id":"https:\/\/gettaxi.ch\/fr\/transfert-aeroportuaire\/#primaryimage"},"image":{"@id":"https:\/\/gettaxi.ch\/fr\/transfert-aeroportuaire\/#primaryimage"},"thumbnailUrl":"https:\/\/gettaxi.ch\/wp-content\/uploads\/2024\/11\/taxi-lausanne-geneve-aeroport-1024x1024.jpg","datePublished":"2021-05-13T07:38:29+00:00","dateModified":"2024-11-22T02:26:38+00:00","description":"Taxi Lausanne Geneve Aeroport, Transport fiable, rapide et abordable entre Lausanne et l'a\u00e9roport de Gen\u00e8ve. R\u00e9servez maintenant","breadcrumb":{"@id":"https:\/\/gettaxi.ch\/fr\/transfert-aeroportuaire\/#breadcrumb"},"inLanguage":"fr-FR","potentialAction":[{"@type":"ReadAction","target":["https:\/\/gettaxi.ch\/fr\/transfert-aeroportuaire\/"]}]},{"@type":"ImageObject","inLanguage":"fr-FR","@id":"https:\/\/gettaxi.ch\/fr\/transfert-aeroportuaire\/#primaryimage","url":"https:\/\/gettaxi.ch\/wp-content\/uploads\/2024\/11\/taxi-lausanne-geneve-aeroport-1024x1024.jpg","contentUrl":"https:\/\/gettaxi.ch\/wp-content\/uploads\/2024\/11\/taxi-lausanne-geneve-aeroport-1024x1024.jpg"},{"@type":"BreadcrumbList","@id":"https:\/\/gettaxi.ch\/fr\/transfert-aeroportuaire\/#breadcrumb","itemListElement":[{"@type":"ListItem","position":1,"name":"Home","item":"https:\/\/gettaxi.ch\/fr\/"},{"@type":"ListItem","position":2,"name":"Transfert a\u00e9roportuaire"}]},{"@type":"WebSite","@id":"https:\/\/gettaxi.ch\/#website","url":"https:\/\/gettaxi.ch\/","name":"Get Taxi - CH","description":"Get the Relaxed Feeling","publisher":{"@id":"https:\/\/gettaxi.ch\/#organization"},"alternateName":"Airport Transfers | Taxi Geneva Airport | Taxi Lausanne","potentialAction":[{"@type":"SearchAction","target":{"@type":"EntryPoint","urlTemplate":"https:\/\/gettaxi.ch\/?s={search_term_string}"},"query-input":{"@type":"PropertyValueSpecification","valueRequired":true,"valueName":"search_term_string"}}],"inLanguage":"fr-FR"},{"@type":"Organization","@id":"https:\/\/gettaxi.ch\/#organization","name":"Get Taxi","alternateName":"Airport Transfers and Fast Taxi Service","url":"https:\/\/gettaxi.ch\/","logo":{"@type":"ImageObject","inLanguage":"fr-FR","@id":"https:\/\/gettaxi.ch\/#\/schema\/logo\/image\/","url":"https:\/\/gettaxi.ch\/wp-content\/uploads\/2021\/05\/2-1.png","contentUrl":"https:\/\/gettaxi.ch\/wp-content\/uploads\/2021\/05\/2-1.png","width":1563,"height":1563,"caption":"Get Taxi"},"image":{"@id":"https:\/\/gettaxi.ch\/#\/schema\/logo\/image\/"},"sameAs":["https:\/\/www.facebook.com\/gettaxi.ch\/","https:\/\/instagram.com\/gettaxi_ch\/"]}]}},"jetpack_sharing_enabled":true,"_links":{"self":[{"href":"https:\/\/gettaxi.ch\/fr\/wp-json\/wp\/v2\/pages\/14075","targetHints":{"allow":["GET"]}}],"collection":[{"href":"https:\/\/gettaxi.ch\/fr\/wp-json\/wp\/v2\/pages"}],"about":[{"href":"https:\/\/gettaxi.ch\/fr\/wp-json\/wp\/v2\/types\/page"}],"author":[{"embeddable":true,"href":"https:\/\/gettaxi.ch\/fr\/wp-json\/wp\/v2\/users\/2"}],"replies":[{"embeddable":true,"href":"https:\/\/gettaxi.ch\/fr\/wp-json\/wp\/v2\/comments?post=14075"}],"version-history":[{"count":17,"href":"https:\/\/gettaxi.ch\/fr\/wp-json\/wp\/v2\/pages\/14075\/revisions"}],"predecessor-version":[{"id":14510,"href":"https:\/\/gettaxi.ch\/fr\/wp-json\/wp\/v2\/pages\/14075\/revisions\/14510"}],"wp:attachment":[{"href":"https:\/\/gettaxi.ch\/fr\/wp-json\/wp\/v2\/media?parent=14075"}],"curies":[{"name":"wp","href":"https:\/\/api.w.org\/{rel}","templated":true}]}}