{"id":14077,"date":"2021-05-13T08:40:34","date_gmt":"2021-05-13T07:40:34","guid":{"rendered":"https:\/\/gettaxi.ch\/service-de-chauffeur\/"},"modified":"2024-11-21T15:44:47","modified_gmt":"2024-11-21T14:44:47","slug":"service-de-chauffeur","status":"publish","type":"page","link":"https:\/\/gettaxi.ch\/fr\/service-de-chauffeur\/","title":{"rendered":"Service de chauffeur"},"content":{"rendered":"\t\t<div data-elementor-type=\"wp-page\" data-elementor-id=\"14077\" class=\"elementor elementor-14077 elementor-1886\">\n\t\t\t\t\t\t<section class=\"elementor-section elementor-top-section elementor-element elementor-element-e04485e elementor-section-height-min-height elementor-section-boxed elementor-section-height-default elementor-section-items-middle\" data-id=\"e04485e\" data-element_type=\"section\" data-e-type=\"section\" data-settings=\"{&quot;background_background&quot;:&quot;classic&quot;}\">\n\t\t\t\t\t\t\t<div class=\"elementor-background-overlay\"><\/div>\n\t\t\t\t\t\t\t<div class=\"elementor-container elementor-column-gap-default\">\n\t\t\t\t\t<div class=\"elementor-column elementor-col-100 elementor-top-column elementor-element elementor-element-619cb85\" data-id=\"619cb85\" data-element_type=\"column\" data-e-type=\"column\">\n\t\t\t<div class=\"elementor-widget-wrap elementor-element-populated\">\n\t\t\t\t\t\t<div class=\"elementor-element elementor-element-e6af687 elementor-widget elementor-widget-heading\" data-id=\"e6af687\" data-element_type=\"widget\" data-e-type=\"widget\" data-widget_type=\"heading.default\">\n\t\t\t\t<div class=\"elementor-widget-container\">\n\t\t\t\t\t<h1 class=\"elementor-heading-title elementor-size-default\">Service de chauffeur<\/h1>\t\t\t\t<\/div>\n\t\t\t\t<\/div>\n\t\t\t\t\t<\/div>\n\t\t<\/div>\n\t\t\t\t\t<\/div>\n\t\t<\/section>\n\t\t\t\t<section class=\"elementor-section elementor-top-section elementor-element elementor-element-63202d3 elementor-section-boxed elementor-section-height-default elementor-section-height-default\" data-id=\"63202d3\" data-element_type=\"section\" data-e-type=\"section\">\n\t\t\t\t\t\t<div class=\"elementor-container elementor-column-gap-default\">\n\t\t\t\t\t<div class=\"elementor-column elementor-col-50 elementor-top-column elementor-element elementor-element-cde1ceb\" data-id=\"cde1ceb\" data-element_type=\"column\" data-e-type=\"column\">\n\t\t\t<div class=\"elementor-widget-wrap elementor-element-populated\">\n\t\t\t\t\t\t<div class=\"elementor-element elementor-element-388960f elementor-widget elementor-widget-text-editor\" data-id=\"388960f\" data-element_type=\"widget\" data-e-type=\"widget\" data-widget_type=\"text-editor.default\">\n\t\t\t\t<div class=\"elementor-widget-container\">\n\t\t\t\t\t\t\t\t\t<p><span style=\"font-weight: 400;\">Chauffeur Livreur Lausanne? Chaque entreprise a des besoins en mati\u00e8re de transport et nous r\u00e9pondons \u00e0 tous. Lorsqu&rsquo;il s&rsquo;agit de se d\u00e9placer d&rsquo;un endroit \u00e0 un autre pour des r\u00e9unions et des apparitions, la logistique peut poser probl\u00e8me, surtout si vous devez coordonner plusieurs personnes \u00e0 la fois. Que ce soit pour une personne ou un groupe, nous pouvons vous fournir un service de transport en taxi de groupe de mani\u00e8re pratique et nous nous occuperons de toute la logistique. <\/span><\/p><p><span style=\"font-weight: 400;\">Si jamais vous devez r\u00e9cup\u00e9rer un client important, laissez-nous nous en occuper et votre client sera trait\u00e9 avec le plus grand soin, en toute s\u00e9curit\u00e9 et confortablement. Nous nous assurons de faire bonne impression pour que cela refl\u00e8te positivement sur votre entreprise \u00e9galement. <\/span><\/p><p><span style=\"font-weight: 400;\"><a href=\"https:\/\/gettaxi.ch\/fr\/notre-flotte\/\">Nous proposons<\/a> une large gamme de v\u00e9hicules pour r\u00e9pondre aux besoins de votre entreprise, d&rsquo;une voiture de luxe \u00e0 un autocar, nous avons ce qu&rsquo;il vous faut. Nous sommes fiers de notre service et sommes toujours pr\u00eats \u00e0 r\u00e9pondre \u00e0 tous vos besoins en mati\u00e8re de transport d&rsquo;affaires. <\/span><\/p>\t\t\t\t\t\t\t\t<\/div>\n\t\t\t\t<\/div>\n\t\t\t\t\t<\/div>\n\t\t<\/div>\n\t\t\t\t<div class=\"elementor-column elementor-col-50 elementor-top-column elementor-element elementor-element-d3141e9\" data-id=\"d3141e9\" data-element_type=\"column\" data-e-type=\"column\">\n\t\t\t<div class=\"elementor-widget-wrap elementor-element-populated\">\n\t\t\t\t\t\t<div class=\"elementor-element elementor-element-ee0962b elementor-widget elementor-widget-image\" data-id=\"ee0962b\" data-element_type=\"widget\" data-e-type=\"widget\" data-widget_type=\"image.default\">\n\t\t\t\t<div class=\"elementor-widget-container\">\n\t\t\t\t\t\t\t\t\t\t\t\t\t\t\t<img fetchpriority=\"high\" decoding=\"async\" width=\"1024\" height=\"1024\" src=\"https:\/\/gettaxi.ch\/wp-content\/uploads\/2024\/11\/chauffeur-livreur-lausanne-1024x1024.jpg\" class=\"attachment-large size-large wp-image-14402\" alt=\"chauffeur livreur lausanne\" srcset=\"https:\/\/gettaxi.ch\/wp-content\/uploads\/2024\/11\/chauffeur-livreur-lausanne-1024x1024.jpg 1024w, https:\/\/gettaxi.ch\/wp-content\/uploads\/2024\/11\/chauffeur-livreur-lausanne-300x300.jpg 300w, https:\/\/gettaxi.ch\/wp-content\/uploads\/2024\/11\/chauffeur-livreur-lausanne-150x150.jpg 150w, https:\/\/gettaxi.ch\/wp-content\/uploads\/2024\/11\/chauffeur-livreur-lausanne-768x768.jpg 768w, https:\/\/gettaxi.ch\/wp-content\/uploads\/2024\/11\/chauffeur-livreur-lausanne-1536x1536.jpg 1536w, https:\/\/gettaxi.ch\/wp-content\/uploads\/2024\/11\/chauffeur-livreur-lausanne-306x306.jpg 306w, https:\/\/gettaxi.ch\/wp-content\/uploads\/2024\/11\/chauffeur-livreur-lausanne-533x533.jpg 533w, https:\/\/gettaxi.ch\/wp-content\/uploads\/2024\/11\/chauffeur-livreur-lausanne-600x600.jpg 600w, https:\/\/gettaxi.ch\/wp-content\/uploads\/2024\/11\/chauffeur-livreur-lausanne-100x100.jpg 100w, https:\/\/gettaxi.ch\/wp-content\/uploads\/2024\/11\/chauffeur-livreur-lausanne.jpg 2000w\" sizes=\"(max-width: 1024px) 100vw, 1024px\" \/>\t\t\t\t\t\t\t\t\t\t\t\t\t\t\t<\/div>\n\t\t\t\t<\/div>\n\t\t\t\t\t<\/div>\n\t\t<\/div>\n\t\t\t\t\t<\/div>\n\t\t<\/section>\n\t\t\t\t<\/div>\n\t\t","protected":false},"excerpt":{"rendered":"<p>Service de chauffeur Chauffeur Livreur Lausanne? Chaque entreprise a des besoins en mati\u00e8re de transport et nous r\u00e9pondons \u00e0 tous. Lorsqu&rsquo;il s&rsquo;agit de se d\u00e9placer d&rsquo;un endroit \u00e0 un autre pour des r\u00e9unions et des apparitions, la logistique peut poser probl\u00e8me, surtout si vous devez coordonner plusieurs personnes \u00e0 la fois. Que ce soit pour &hellip;<\/p>\n<p class=\"read-more\"> <a class=\"\" href=\"https:\/\/gettaxi.ch\/fr\/service-de-chauffeur\/\"> <span class=\"screen-reader-text\">Service de chauffeur<\/span> Lire la suite\u00a0\u00bb<\/a><\/p>\n","protected":false},"author":2,"featured_media":0,"parent":0,"menu_order":0,"comment_status":"closed","ping_status":"closed","template":"","meta":{"om_disable_all_campaigns":false,"_mi_skip_tracking":false,"site-sidebar-layout":"no-sidebar","site-content-layout":"page-builder","ast-global-header-display":"","ast-main-header-display":"","ast-hfb-above-header-display":"","ast-hfb-below-header-display":"","ast-hfb-mobile-header-display":"","site-post-title":"disabled","ast-breadcrumbs-content":"","ast-featured-img":"","footer-sml-layout":"","theme-transparent-header-meta":"default","adv-header-id-meta":"","stick-header-meta":"","header-above-stick-meta":"","header-main-stick-meta":"","header-below-stick-meta":"","_glsr_average":0,"_glsr_ranking":0,"_glsr_reviews":0,"footnotes":""},"class_list":["post-14077","page","type-page","status-publish","hentry"],"yoast_head":"<!-- This site is optimized with the Yoast SEO Premium plugin v19.5 (Yoast SEO v26.8) - https:\/\/yoast.com\/product\/yoast-seo-premium-wordpress\/ -->\n<title>Chauffeur Livreur Lausanne: Service Rapide et Fiable 24\/7<\/title>\n<meta name=\"description\" content=\"Chauffeur Livreur Lausanne : Service rapide, fiable et professionnel pour vos livraisons \u00e0 Lausanne, disponible 24\/7.\" \/>\n<meta name=\"robots\" content=\"index, follow, max-snippet:-1, max-image-preview:large, max-video-preview:-1\" \/>\n<link rel=\"canonical\" href=\"https:\/\/gettaxi.ch\/fr\/service-de-chauffeur\/\" \/>\n<meta property=\"og:locale\" content=\"fr_FR\" \/>\n<meta property=\"og:type\" content=\"article\" \/>\n<meta property=\"og:title\" content=\"Service de chauffeur\" \/>\n<meta property=\"og:description\" content=\"Service de chauffeur Chauffeur Livreur Lausanne? Chaque entreprise a des besoins en mati\u00e8re de transport et nous r\u00e9pondons \u00e0 tous. Lorsqu&#039;il s&#039;agit de se\" \/>\n<meta property=\"og:url\" content=\"https:\/\/gettaxi.ch\/fr\/service-de-chauffeur\/\" \/>\n<meta property=\"og:site_name\" content=\"Get Taxi\" \/>\n<meta property=\"article:publisher\" content=\"https:\/\/www.facebook.com\/gettaxi.ch\/\" \/>\n<meta property=\"article:modified_time\" content=\"2024-11-21T14:44:47+00:00\" \/>\n<meta property=\"og:image\" content=\"https:\/\/gettaxi.ch\/wp-content\/uploads\/2024\/11\/chauffeur-livreur-lausanne-1024x1024.jpg\" \/>\n<meta name=\"twitter:card\" content=\"summary_large_image\" \/>\n<meta name=\"twitter:label1\" content=\"Dur\u00e9e de lecture estim\u00e9e\" \/>\n\t<meta name=\"twitter:data1\" content=\"2 minutes\" \/>\n<script type=\"application\/ld+json\" class=\"yoast-schema-graph\">{\"@context\":\"https:\/\/schema.org\",\"@graph\":[{\"@type\":\"WebPage\",\"@id\":\"https:\/\/gettaxi.ch\/fr\/service-de-chauffeur\/\",\"url\":\"https:\/\/gettaxi.ch\/fr\/service-de-chauffeur\/\",\"name\":\"Chauffeur Livreur Lausanne: Service Rapide et Fiable 24\/7\",\"isPartOf\":{\"@id\":\"https:\/\/gettaxi.ch\/#website\"},\"primaryImageOfPage\":{\"@id\":\"https:\/\/gettaxi.ch\/fr\/service-de-chauffeur\/#primaryimage\"},\"image\":{\"@id\":\"https:\/\/gettaxi.ch\/fr\/service-de-chauffeur\/#primaryimage\"},\"thumbnailUrl\":\"https:\/\/gettaxi.ch\/wp-content\/uploads\/2024\/11\/chauffeur-livreur-lausanne-1024x1024.jpg\",\"datePublished\":\"2021-05-13T07:40:34+00:00\",\"dateModified\":\"2024-11-21T14:44:47+00:00\",\"description\":\"Chauffeur Livreur Lausanne : Service rapide, fiable et professionnel pour vos livraisons \u00e0 Lausanne, disponible 24\/7.\",\"breadcrumb\":{\"@id\":\"https:\/\/gettaxi.ch\/fr\/service-de-chauffeur\/#breadcrumb\"},\"inLanguage\":\"fr-FR\",\"potentialAction\":[{\"@type\":\"ReadAction\",\"target\":[\"https:\/\/gettaxi.ch\/fr\/service-de-chauffeur\/\"]}]},{\"@type\":\"ImageObject\",\"inLanguage\":\"fr-FR\",\"@id\":\"https:\/\/gettaxi.ch\/fr\/service-de-chauffeur\/#primaryimage\",\"url\":\"https:\/\/gettaxi.ch\/wp-content\/uploads\/2024\/11\/chauffeur-livreur-lausanne-1024x1024.jpg\",\"contentUrl\":\"https:\/\/gettaxi.ch\/wp-content\/uploads\/2024\/11\/chauffeur-livreur-lausanne-1024x1024.jpg\"},{\"@type\":\"BreadcrumbList\",\"@id\":\"https:\/\/gettaxi.ch\/fr\/service-de-chauffeur\/#breadcrumb\",\"itemListElement\":[{\"@type\":\"ListItem\",\"position\":1,\"name\":\"Home\",\"item\":\"https:\/\/gettaxi.ch\/fr\/\"},{\"@type\":\"ListItem\",\"position\":2,\"name\":\"Service de chauffeur\"}]},{\"@type\":\"WebSite\",\"@id\":\"https:\/\/gettaxi.ch\/#website\",\"url\":\"https:\/\/gettaxi.ch\/\",\"name\":\"Get Taxi - CH\",\"description\":\"Get the Relaxed Feeling\",\"publisher\":{\"@id\":\"https:\/\/gettaxi.ch\/#organization\"},\"alternateName\":\"Airport Transfers | Taxi Geneva Airport | Taxi Lausanne\",\"potentialAction\":[{\"@type\":\"SearchAction\",\"target\":{\"@type\":\"EntryPoint\",\"urlTemplate\":\"https:\/\/gettaxi.ch\/?s={search_term_string}\"},\"query-input\":{\"@type\":\"PropertyValueSpecification\",\"valueRequired\":true,\"valueName\":\"search_term_string\"}}],\"inLanguage\":\"fr-FR\"},{\"@type\":\"Organization\",\"@id\":\"https:\/\/gettaxi.ch\/#organization\",\"name\":\"Get Taxi\",\"alternateName\":\"Airport Transfers and Fast Taxi Service\",\"url\":\"https:\/\/gettaxi.ch\/\",\"logo\":{\"@type\":\"ImageObject\",\"inLanguage\":\"fr-FR\",\"@id\":\"https:\/\/gettaxi.ch\/#\/schema\/logo\/image\/\",\"url\":\"https:\/\/gettaxi.ch\/wp-content\/uploads\/2021\/05\/2-1.png\",\"contentUrl\":\"https:\/\/gettaxi.ch\/wp-content\/uploads\/2021\/05\/2-1.png\",\"width\":1563,\"height\":1563,\"caption\":\"Get Taxi\"},\"image\":{\"@id\":\"https:\/\/gettaxi.ch\/#\/schema\/logo\/image\/\"},\"sameAs\":[\"https:\/\/www.facebook.com\/gettaxi.ch\/\",\"https:\/\/instagram.com\/gettaxi_ch\/\"]}]}<\/script>\n<!-- \/ Yoast SEO Premium plugin. -->","yoast_head_json":{"title":"Chauffeur Livreur Lausanne: Service Rapide et Fiable 24\/7","description":"Chauffeur Livreur Lausanne : Service rapide, fiable et professionnel pour vos livraisons \u00e0 Lausanne, disponible 24\/7.","robots":{"index":"index","follow":"follow","max-snippet":"max-snippet:-1","max-image-preview":"max-image-preview:large","max-video-preview":"max-video-preview:-1"},"canonical":"https:\/\/gettaxi.ch\/fr\/service-de-chauffeur\/","og_locale":"fr_FR","og_type":"article","og_title":"Service de chauffeur","og_description":"Service de chauffeur Chauffeur Livreur Lausanne? Chaque entreprise a des besoins en mati\u00e8re de transport et nous r\u00e9pondons \u00e0 tous. Lorsqu'il s'agit de se","og_url":"https:\/\/gettaxi.ch\/fr\/service-de-chauffeur\/","og_site_name":"Get Taxi","article_publisher":"https:\/\/www.facebook.com\/gettaxi.ch\/","article_modified_time":"2024-11-21T14:44:47+00:00","og_image":[{"url":"https:\/\/gettaxi.ch\/wp-content\/uploads\/2024\/11\/chauffeur-livreur-lausanne-1024x1024.jpg","type":"","width":"","height":""}],"twitter_card":"summary_large_image","twitter_misc":{"Dur\u00e9e de lecture estim\u00e9e":"2 minutes"},"schema":{"@context":"https:\/\/schema.org","@graph":[{"@type":"WebPage","@id":"https:\/\/gettaxi.ch\/fr\/service-de-chauffeur\/","url":"https:\/\/gettaxi.ch\/fr\/service-de-chauffeur\/","name":"Chauffeur Livreur Lausanne: Service Rapide et Fiable 24\/7","isPartOf":{"@id":"https:\/\/gettaxi.ch\/#website"},"primaryImageOfPage":{"@id":"https:\/\/gettaxi.ch\/fr\/service-de-chauffeur\/#primaryimage"},"image":{"@id":"https:\/\/gettaxi.ch\/fr\/service-de-chauffeur\/#primaryimage"},"thumbnailUrl":"https:\/\/gettaxi.ch\/wp-content\/uploads\/2024\/11\/chauffeur-livreur-lausanne-1024x1024.jpg","datePublished":"2021-05-13T07:40:34+00:00","dateModified":"2024-11-21T14:44:47+00:00","description":"Chauffeur Livreur Lausanne : Service rapide, fiable et professionnel pour vos livraisons \u00e0 Lausanne, disponible 24\/7.","breadcrumb":{"@id":"https:\/\/gettaxi.ch\/fr\/service-de-chauffeur\/#breadcrumb"},"inLanguage":"fr-FR","potentialAction":[{"@type":"ReadAction","target":["https:\/\/gettaxi.ch\/fr\/service-de-chauffeur\/"]}]},{"@type":"ImageObject","inLanguage":"fr-FR","@id":"https:\/\/gettaxi.ch\/fr\/service-de-chauffeur\/#primaryimage","url":"https:\/\/gettaxi.ch\/wp-content\/uploads\/2024\/11\/chauffeur-livreur-lausanne-1024x1024.jpg","contentUrl":"https:\/\/gettaxi.ch\/wp-content\/uploads\/2024\/11\/chauffeur-livreur-lausanne-1024x1024.jpg"},{"@type":"BreadcrumbList","@id":"https:\/\/gettaxi.ch\/fr\/service-de-chauffeur\/#breadcrumb","itemListElement":[{"@type":"ListItem","position":1,"name":"Home","item":"https:\/\/gettaxi.ch\/fr\/"},{"@type":"ListItem","position":2,"name":"Service de chauffeur"}]},{"@type":"WebSite","@id":"https:\/\/gettaxi.ch\/#website","url":"https:\/\/gettaxi.ch\/","name":"Get Taxi - CH","description":"Get the Relaxed Feeling","publisher":{"@id":"https:\/\/gettaxi.ch\/#organization"},"alternateName":"Airport Transfers | Taxi Geneva Airport | Taxi Lausanne","potentialAction":[{"@type":"SearchAction","target":{"@type":"EntryPoint","urlTemplate":"https:\/\/gettaxi.ch\/?s={search_term_string}"},"query-input":{"@type":"PropertyValueSpecification","valueRequired":true,"valueName":"search_term_string"}}],"inLanguage":"fr-FR"},{"@type":"Organization","@id":"https:\/\/gettaxi.ch\/#organization","name":"Get Taxi","alternateName":"Airport Transfers and Fast Taxi Service","url":"https:\/\/gettaxi.ch\/","logo":{"@type":"ImageObject","inLanguage":"fr-FR","@id":"https:\/\/gettaxi.ch\/#\/schema\/logo\/image\/","url":"https:\/\/gettaxi.ch\/wp-content\/uploads\/2021\/05\/2-1.png","contentUrl":"https:\/\/gettaxi.ch\/wp-content\/uploads\/2021\/05\/2-1.png","width":1563,"height":1563,"caption":"Get Taxi"},"image":{"@id":"https:\/\/gettaxi.ch\/#\/schema\/logo\/image\/"},"sameAs":["https:\/\/www.facebook.com\/gettaxi.ch\/","https:\/\/instagram.com\/gettaxi_ch\/"]}]}},"jetpack_sharing_enabled":true,"_links":{"self":[{"href":"https:\/\/gettaxi.ch\/fr\/wp-json\/wp\/v2\/pages\/14077","targetHints":{"allow":["GET"]}}],"collection":[{"href":"https:\/\/gettaxi.ch\/fr\/wp-json\/wp\/v2\/pages"}],"about":[{"href":"https:\/\/gettaxi.ch\/fr\/wp-json\/wp\/v2\/types\/page"}],"author":[{"embeddable":true,"href":"https:\/\/gettaxi.ch\/fr\/wp-json\/wp\/v2\/users\/2"}],"replies":[{"embeddable":true,"href":"https:\/\/gettaxi.ch\/fr\/wp-json\/wp\/v2\/comments?post=14077"}],"version-history":[{"count":10,"href":"https:\/\/gettaxi.ch\/fr\/wp-json\/wp\/v2\/pages\/14077\/revisions"}],"predecessor-version":[{"id":14414,"href":"https:\/\/gettaxi.ch\/fr\/wp-json\/wp\/v2\/pages\/14077\/revisions\/14414"}],"wp:attachment":[{"href":"https:\/\/gettaxi.ch\/fr\/wp-json\/wp\/v2\/media?parent=14077"}],"curies":[{"name":"wp","href":"https:\/\/api.w.org\/{rel}","templated":true}]}}