{"id":14079,"date":"2021-05-13T08:41:52","date_gmt":"2021-05-13T07:41:52","guid":{"rendered":"https:\/\/gettaxi.ch\/transferts-en-ville\/"},"modified":"2024-11-21T15:33:04","modified_gmt":"2024-11-21T14:33:04","slug":"transferts-en-ville","status":"publish","type":"page","link":"https:\/\/gettaxi.ch\/fr\/transferts-en-ville\/","title":{"rendered":"Transferts en ville"},"content":{"rendered":"\t\t<div data-elementor-type=\"wp-page\" data-elementor-id=\"14079\" class=\"elementor elementor-14079 elementor-1891\">\n\t\t\t\t\t\t<section class=\"elementor-section elementor-top-section elementor-element elementor-element-140848f elementor-section-height-min-height elementor-section-boxed elementor-section-height-default elementor-section-items-middle\" data-id=\"140848f\" data-element_type=\"section\" data-e-type=\"section\" data-settings=\"{&quot;background_background&quot;:&quot;classic&quot;}\">\n\t\t\t\t\t\t\t<div class=\"elementor-background-overlay\"><\/div>\n\t\t\t\t\t\t\t<div class=\"elementor-container elementor-column-gap-default\">\n\t\t\t\t\t<div class=\"elementor-column elementor-col-100 elementor-top-column elementor-element elementor-element-2abc1a4\" data-id=\"2abc1a4\" data-element_type=\"column\" data-e-type=\"column\">\n\t\t\t<div class=\"elementor-widget-wrap elementor-element-populated\">\n\t\t\t\t\t\t<div class=\"elementor-element elementor-element-b1ecbd5 elementor-widget elementor-widget-heading\" data-id=\"b1ecbd5\" data-element_type=\"widget\" data-e-type=\"widget\" data-widget_type=\"heading.default\">\n\t\t\t\t<div class=\"elementor-widget-container\">\n\t\t\t\t\t<h1 class=\"elementor-heading-title elementor-size-default\">Transferts en ville<\/h1>\t\t\t\t<\/div>\n\t\t\t\t<\/div>\n\t\t\t\t\t<\/div>\n\t\t<\/div>\n\t\t\t\t\t<\/div>\n\t\t<\/section>\n\t\t\t\t<section class=\"elementor-section elementor-top-section elementor-element elementor-element-b89f290 elementor-section-boxed elementor-section-height-default elementor-section-height-default\" data-id=\"b89f290\" data-element_type=\"section\" data-e-type=\"section\">\n\t\t\t\t\t\t<div class=\"elementor-container elementor-column-gap-default\">\n\t\t\t\t\t<div class=\"elementor-column elementor-col-50 elementor-top-column elementor-element elementor-element-2b9a583\" data-id=\"2b9a583\" data-element_type=\"column\" data-e-type=\"column\">\n\t\t\t<div class=\"elementor-widget-wrap elementor-element-populated\">\n\t\t\t\t\t\t<div class=\"elementor-element elementor-element-730a1f4 elementor-widget elementor-widget-text-editor\" data-id=\"730a1f4\" data-element_type=\"widget\" data-e-type=\"widget\" data-widget_type=\"text-editor.default\">\n\t\t\t\t<div class=\"elementor-widget-container\">\n\t\t\t\t\t\t\t\t\t<p>Nous fournissons un service de <strong>taxi Lausanne pas cher<\/strong>, fiable et rapide dans le canton de Vaud et le canton de Gen\u00e8ve.<\/p><p>Notre flotte comprend des voitures neuves et confortables, avec des chauffeurs professionnels pr\u00eats \u00e0 vous conduire en toute s\u00e9curit\u00e9 \u00e0 votre destination \u00e0 un prix abordable !<\/p><p>Le service de <strong>taxi Lausanne pas cher<\/strong> <a href=\"https:\/\/gettaxi.ch\/fr\/contact\/\">est disponible<\/a> 24h\/24 et 7j\/7.<\/p>\t\t\t\t\t\t\t\t<\/div>\n\t\t\t\t<\/div>\n\t\t\t\t\t<\/div>\n\t\t<\/div>\n\t\t\t\t<div class=\"elementor-column elementor-col-50 elementor-top-column elementor-element elementor-element-a8906b6\" data-id=\"a8906b6\" data-element_type=\"column\" data-e-type=\"column\">\n\t\t\t<div class=\"elementor-widget-wrap elementor-element-populated\">\n\t\t\t\t\t\t<div class=\"elementor-element elementor-element-61e437b elementor-widget elementor-widget-image\" data-id=\"61e437b\" data-element_type=\"widget\" data-e-type=\"widget\" data-widget_type=\"image.default\">\n\t\t\t\t<div class=\"elementor-widget-container\">\n\t\t\t\t\t\t\t\t\t\t\t\t\t\t\t<img fetchpriority=\"high\" decoding=\"async\" width=\"1024\" height=\"1024\" src=\"https:\/\/gettaxi.ch\/wp-content\/uploads\/2024\/11\/taxi-lausanne-pas-cher-1024x1024.jpg\" class=\"attachment-large size-large wp-image-14396\" alt=\"taxi lausanne pas cher\" srcset=\"https:\/\/gettaxi.ch\/wp-content\/uploads\/2024\/11\/taxi-lausanne-pas-cher-1024x1024.jpg 1024w, https:\/\/gettaxi.ch\/wp-content\/uploads\/2024\/11\/taxi-lausanne-pas-cher-300x300.jpg 300w, https:\/\/gettaxi.ch\/wp-content\/uploads\/2024\/11\/taxi-lausanne-pas-cher-150x150.jpg 150w, https:\/\/gettaxi.ch\/wp-content\/uploads\/2024\/11\/taxi-lausanne-pas-cher-768x768.jpg 768w, https:\/\/gettaxi.ch\/wp-content\/uploads\/2024\/11\/taxi-lausanne-pas-cher-1536x1536.jpg 1536w, https:\/\/gettaxi.ch\/wp-content\/uploads\/2024\/11\/taxi-lausanne-pas-cher-306x306.jpg 306w, https:\/\/gettaxi.ch\/wp-content\/uploads\/2024\/11\/taxi-lausanne-pas-cher-533x533.jpg 533w, https:\/\/gettaxi.ch\/wp-content\/uploads\/2024\/11\/taxi-lausanne-pas-cher-600x600.jpg 600w, https:\/\/gettaxi.ch\/wp-content\/uploads\/2024\/11\/taxi-lausanne-pas-cher-100x100.jpg 100w, https:\/\/gettaxi.ch\/wp-content\/uploads\/2024\/11\/taxi-lausanne-pas-cher.jpg 2000w\" sizes=\"(max-width: 1024px) 100vw, 1024px\" \/>\t\t\t\t\t\t\t\t\t\t\t\t\t\t\t<\/div>\n\t\t\t\t<\/div>\n\t\t\t\t\t<\/div>\n\t\t<\/div>\n\t\t\t\t\t<\/div>\n\t\t<\/section>\n\t\t\t\t<\/div>\n\t\t","protected":false},"excerpt":{"rendered":"<p>Transferts en ville Nous fournissons un service de taxi Lausanne pas cher, fiable et rapide dans le canton de Vaud et le canton de Gen\u00e8ve. Notre flotte comprend des voitures neuves et confortables, avec des chauffeurs professionnels pr\u00eats \u00e0 vous conduire en toute s\u00e9curit\u00e9 \u00e0 votre destination \u00e0 un prix abordable ! Le service de &hellip;<\/p>\n<p class=\"read-more\"> <a class=\"\" href=\"https:\/\/gettaxi.ch\/fr\/transferts-en-ville\/\"> <span class=\"screen-reader-text\">Transferts en ville<\/span> Lire la suite\u00a0\u00bb<\/a><\/p>\n","protected":false},"author":2,"featured_media":0,"parent":0,"menu_order":0,"comment_status":"closed","ping_status":"closed","template":"","meta":{"om_disable_all_campaigns":false,"_mi_skip_tracking":false,"site-sidebar-layout":"no-sidebar","site-content-layout":"page-builder","ast-global-header-display":"","ast-main-header-display":"","ast-hfb-above-header-display":"","ast-hfb-below-header-display":"","ast-hfb-mobile-header-display":"","site-post-title":"disabled","ast-breadcrumbs-content":"","ast-featured-img":"disabled","footer-sml-layout":"","theme-transparent-header-meta":"enabled","adv-header-id-meta":"","stick-header-meta":"","header-above-stick-meta":"","header-main-stick-meta":"","header-below-stick-meta":"","_glsr_average":0,"_glsr_ranking":0,"_glsr_reviews":0,"footnotes":""},"class_list":["post-14079","page","type-page","status-publish","hentry"],"yoast_head":"<!-- This site is optimized with the Yoast SEO Premium plugin v19.5 (Yoast SEO v26.8) - https:\/\/yoast.com\/product\/yoast-seo-premium-wordpress\/ -->\n<title>Taxi lausanne pas cher: Transferts 24\/7 \u00e0 Gen\u00e8ve &amp; Vaud<\/title>\n<meta name=\"description\" content=\"Taxi Lausanne Pas Cher vous propose des transferts fiables, s\u00fbrs et abordables 24\/7 \u00e0 Lausanne, Gen\u00e8ve et Vaud.\" \/>\n<meta name=\"robots\" content=\"index, follow, max-snippet:-1, max-image-preview:large, max-video-preview:-1\" \/>\n<link rel=\"canonical\" href=\"https:\/\/gettaxi.ch\/fr\/transferts-en-ville\/\" \/>\n<meta property=\"og:locale\" content=\"fr_FR\" \/>\n<meta property=\"og:type\" content=\"article\" \/>\n<meta property=\"og:title\" content=\"Transferts en ville\" \/>\n<meta property=\"og:description\" content=\"Transferts en ville Nous fournissons un service de taxi Lausanne pas cher, fiable et rapide dans le canton de Vaud et le canton de Gen\u00e8ve.Notre flotte\" \/>\n<meta property=\"og:url\" content=\"https:\/\/gettaxi.ch\/fr\/transferts-en-ville\/\" \/>\n<meta property=\"og:site_name\" content=\"Get Taxi\" \/>\n<meta property=\"article:publisher\" content=\"https:\/\/www.facebook.com\/gettaxi.ch\/\" \/>\n<meta property=\"article:modified_time\" content=\"2024-11-21T14:33:04+00:00\" \/>\n<meta property=\"og:image\" content=\"https:\/\/gettaxi.ch\/wp-content\/uploads\/2024\/11\/taxi-lausanne-pas-cher-1024x1024.jpg\" \/>\n<meta name=\"twitter:card\" content=\"summary_large_image\" \/>\n<meta name=\"twitter:label1\" content=\"Dur\u00e9e de lecture estim\u00e9e\" \/>\n\t<meta name=\"twitter:data1\" content=\"1 minute\" \/>\n<script type=\"application\/ld+json\" class=\"yoast-schema-graph\">{\"@context\":\"https:\/\/schema.org\",\"@graph\":[{\"@type\":\"WebPage\",\"@id\":\"https:\/\/gettaxi.ch\/fr\/transferts-en-ville\/\",\"url\":\"https:\/\/gettaxi.ch\/fr\/transferts-en-ville\/\",\"name\":\"Taxi lausanne pas cher: Transferts 24\/7 \u00e0 Gen\u00e8ve & Vaud\",\"isPartOf\":{\"@id\":\"https:\/\/gettaxi.ch\/#website\"},\"primaryImageOfPage\":{\"@id\":\"https:\/\/gettaxi.ch\/fr\/transferts-en-ville\/#primaryimage\"},\"image\":{\"@id\":\"https:\/\/gettaxi.ch\/fr\/transferts-en-ville\/#primaryimage\"},\"thumbnailUrl\":\"https:\/\/gettaxi.ch\/wp-content\/uploads\/2024\/11\/taxi-lausanne-pas-cher-1024x1024.jpg\",\"datePublished\":\"2021-05-13T07:41:52+00:00\",\"dateModified\":\"2024-11-21T14:33:04+00:00\",\"description\":\"Taxi Lausanne Pas Cher vous propose des transferts fiables, s\u00fbrs et abordables 24\/7 \u00e0 Lausanne, Gen\u00e8ve et Vaud.\",\"breadcrumb\":{\"@id\":\"https:\/\/gettaxi.ch\/fr\/transferts-en-ville\/#breadcrumb\"},\"inLanguage\":\"fr-FR\",\"potentialAction\":[{\"@type\":\"ReadAction\",\"target\":[\"https:\/\/gettaxi.ch\/fr\/transferts-en-ville\/\"]}]},{\"@type\":\"ImageObject\",\"inLanguage\":\"fr-FR\",\"@id\":\"https:\/\/gettaxi.ch\/fr\/transferts-en-ville\/#primaryimage\",\"url\":\"https:\/\/gettaxi.ch\/wp-content\/uploads\/2024\/11\/taxi-lausanne-pas-cher-1024x1024.jpg\",\"contentUrl\":\"https:\/\/gettaxi.ch\/wp-content\/uploads\/2024\/11\/taxi-lausanne-pas-cher-1024x1024.jpg\"},{\"@type\":\"BreadcrumbList\",\"@id\":\"https:\/\/gettaxi.ch\/fr\/transferts-en-ville\/#breadcrumb\",\"itemListElement\":[{\"@type\":\"ListItem\",\"position\":1,\"name\":\"Home\",\"item\":\"https:\/\/gettaxi.ch\/fr\/\"},{\"@type\":\"ListItem\",\"position\":2,\"name\":\"Transferts en ville\"}]},{\"@type\":\"WebSite\",\"@id\":\"https:\/\/gettaxi.ch\/#website\",\"url\":\"https:\/\/gettaxi.ch\/\",\"name\":\"Get Taxi - CH\",\"description\":\"Get the Relaxed Feeling\",\"publisher\":{\"@id\":\"https:\/\/gettaxi.ch\/#organization\"},\"alternateName\":\"Airport Transfers | Taxi Geneva Airport | Taxi Lausanne\",\"potentialAction\":[{\"@type\":\"SearchAction\",\"target\":{\"@type\":\"EntryPoint\",\"urlTemplate\":\"https:\/\/gettaxi.ch\/?s={search_term_string}\"},\"query-input\":{\"@type\":\"PropertyValueSpecification\",\"valueRequired\":true,\"valueName\":\"search_term_string\"}}],\"inLanguage\":\"fr-FR\"},{\"@type\":\"Organization\",\"@id\":\"https:\/\/gettaxi.ch\/#organization\",\"name\":\"Get Taxi\",\"alternateName\":\"Airport Transfers and Fast Taxi Service\",\"url\":\"https:\/\/gettaxi.ch\/\",\"logo\":{\"@type\":\"ImageObject\",\"inLanguage\":\"fr-FR\",\"@id\":\"https:\/\/gettaxi.ch\/#\/schema\/logo\/image\/\",\"url\":\"https:\/\/gettaxi.ch\/wp-content\/uploads\/2021\/05\/2-1.png\",\"contentUrl\":\"https:\/\/gettaxi.ch\/wp-content\/uploads\/2021\/05\/2-1.png\",\"width\":1563,\"height\":1563,\"caption\":\"Get Taxi\"},\"image\":{\"@id\":\"https:\/\/gettaxi.ch\/#\/schema\/logo\/image\/\"},\"sameAs\":[\"https:\/\/www.facebook.com\/gettaxi.ch\/\",\"https:\/\/instagram.com\/gettaxi_ch\/\"]}]}<\/script>\n<!-- \/ Yoast SEO Premium plugin. -->","yoast_head_json":{"title":"Taxi lausanne pas cher: Transferts 24\/7 \u00e0 Gen\u00e8ve & Vaud","description":"Taxi Lausanne Pas Cher vous propose des transferts fiables, s\u00fbrs et abordables 24\/7 \u00e0 Lausanne, Gen\u00e8ve et Vaud.","robots":{"index":"index","follow":"follow","max-snippet":"max-snippet:-1","max-image-preview":"max-image-preview:large","max-video-preview":"max-video-preview:-1"},"canonical":"https:\/\/gettaxi.ch\/fr\/transferts-en-ville\/","og_locale":"fr_FR","og_type":"article","og_title":"Transferts en ville","og_description":"Transferts en ville Nous fournissons un service de taxi Lausanne pas cher, fiable et rapide dans le canton de Vaud et le canton de Gen\u00e8ve.Notre flotte","og_url":"https:\/\/gettaxi.ch\/fr\/transferts-en-ville\/","og_site_name":"Get Taxi","article_publisher":"https:\/\/www.facebook.com\/gettaxi.ch\/","article_modified_time":"2024-11-21T14:33:04+00:00","og_image":[{"url":"https:\/\/gettaxi.ch\/wp-content\/uploads\/2024\/11\/taxi-lausanne-pas-cher-1024x1024.jpg","type":"","width":"","height":""}],"twitter_card":"summary_large_image","twitter_misc":{"Dur\u00e9e de lecture estim\u00e9e":"1 minute"},"schema":{"@context":"https:\/\/schema.org","@graph":[{"@type":"WebPage","@id":"https:\/\/gettaxi.ch\/fr\/transferts-en-ville\/","url":"https:\/\/gettaxi.ch\/fr\/transferts-en-ville\/","name":"Taxi lausanne pas cher: Transferts 24\/7 \u00e0 Gen\u00e8ve & Vaud","isPartOf":{"@id":"https:\/\/gettaxi.ch\/#website"},"primaryImageOfPage":{"@id":"https:\/\/gettaxi.ch\/fr\/transferts-en-ville\/#primaryimage"},"image":{"@id":"https:\/\/gettaxi.ch\/fr\/transferts-en-ville\/#primaryimage"},"thumbnailUrl":"https:\/\/gettaxi.ch\/wp-content\/uploads\/2024\/11\/taxi-lausanne-pas-cher-1024x1024.jpg","datePublished":"2021-05-13T07:41:52+00:00","dateModified":"2024-11-21T14:33:04+00:00","description":"Taxi Lausanne Pas Cher vous propose des transferts fiables, s\u00fbrs et abordables 24\/7 \u00e0 Lausanne, Gen\u00e8ve et Vaud.","breadcrumb":{"@id":"https:\/\/gettaxi.ch\/fr\/transferts-en-ville\/#breadcrumb"},"inLanguage":"fr-FR","potentialAction":[{"@type":"ReadAction","target":["https:\/\/gettaxi.ch\/fr\/transferts-en-ville\/"]}]},{"@type":"ImageObject","inLanguage":"fr-FR","@id":"https:\/\/gettaxi.ch\/fr\/transferts-en-ville\/#primaryimage","url":"https:\/\/gettaxi.ch\/wp-content\/uploads\/2024\/11\/taxi-lausanne-pas-cher-1024x1024.jpg","contentUrl":"https:\/\/gettaxi.ch\/wp-content\/uploads\/2024\/11\/taxi-lausanne-pas-cher-1024x1024.jpg"},{"@type":"BreadcrumbList","@id":"https:\/\/gettaxi.ch\/fr\/transferts-en-ville\/#breadcrumb","itemListElement":[{"@type":"ListItem","position":1,"name":"Home","item":"https:\/\/gettaxi.ch\/fr\/"},{"@type":"ListItem","position":2,"name":"Transferts en ville"}]},{"@type":"WebSite","@id":"https:\/\/gettaxi.ch\/#website","url":"https:\/\/gettaxi.ch\/","name":"Get Taxi - CH","description":"Get the Relaxed Feeling","publisher":{"@id":"https:\/\/gettaxi.ch\/#organization"},"alternateName":"Airport Transfers | Taxi Geneva Airport | Taxi Lausanne","potentialAction":[{"@type":"SearchAction","target":{"@type":"EntryPoint","urlTemplate":"https:\/\/gettaxi.ch\/?s={search_term_string}"},"query-input":{"@type":"PropertyValueSpecification","valueRequired":true,"valueName":"search_term_string"}}],"inLanguage":"fr-FR"},{"@type":"Organization","@id":"https:\/\/gettaxi.ch\/#organization","name":"Get Taxi","alternateName":"Airport Transfers and Fast Taxi Service","url":"https:\/\/gettaxi.ch\/","logo":{"@type":"ImageObject","inLanguage":"fr-FR","@id":"https:\/\/gettaxi.ch\/#\/schema\/logo\/image\/","url":"https:\/\/gettaxi.ch\/wp-content\/uploads\/2021\/05\/2-1.png","contentUrl":"https:\/\/gettaxi.ch\/wp-content\/uploads\/2021\/05\/2-1.png","width":1563,"height":1563,"caption":"Get Taxi"},"image":{"@id":"https:\/\/gettaxi.ch\/#\/schema\/logo\/image\/"},"sameAs":["https:\/\/www.facebook.com\/gettaxi.ch\/","https:\/\/instagram.com\/gettaxi_ch\/"]}]}},"jetpack_sharing_enabled":true,"_links":{"self":[{"href":"https:\/\/gettaxi.ch\/fr\/wp-json\/wp\/v2\/pages\/14079","targetHints":{"allow":["GET"]}}],"collection":[{"href":"https:\/\/gettaxi.ch\/fr\/wp-json\/wp\/v2\/pages"}],"about":[{"href":"https:\/\/gettaxi.ch\/fr\/wp-json\/wp\/v2\/types\/page"}],"author":[{"embeddable":true,"href":"https:\/\/gettaxi.ch\/fr\/wp-json\/wp\/v2\/users\/2"}],"replies":[{"embeddable":true,"href":"https:\/\/gettaxi.ch\/fr\/wp-json\/wp\/v2\/comments?post=14079"}],"version-history":[{"count":13,"href":"https:\/\/gettaxi.ch\/fr\/wp-json\/wp\/v2\/pages\/14079\/revisions"}],"predecessor-version":[{"id":14401,"href":"https:\/\/gettaxi.ch\/fr\/wp-json\/wp\/v2\/pages\/14079\/revisions\/14401"}],"wp:attachment":[{"href":"https:\/\/gettaxi.ch\/fr\/wp-json\/wp\/v2\/media?parent=14079"}],"curies":[{"name":"wp","href":"https:\/\/api.w.org\/{rel}","templated":true}]}}