{"id":14120,"date":"2021-06-04T18:23:53","date_gmt":"2021-06-04T17:23:53","guid":{"rendered":"https:\/\/gettaxi.ch\/avis\/"},"modified":"2024-11-10T15:37:27","modified_gmt":"2024-11-10T14:37:27","slug":"avis","status":"publish","type":"page","link":"https:\/\/gettaxi.ch\/fr\/avis\/","title":{"rendered":"Avis"},"content":{"rendered":"\t\t<div data-elementor-type=\"wp-page\" data-elementor-id=\"14120\" class=\"elementor elementor-14120 elementor-2310\">\n\t\t\t\t\t\t<section class=\"elementor-section elementor-top-section elementor-element elementor-element-bf1691e elementor-section-height-min-height elementor-section-stretched elementor-section-boxed elementor-section-height-default elementor-section-items-middle\" data-id=\"bf1691e\" data-element_type=\"section\" data-e-type=\"section\" data-settings=\"{&quot;stretch_section&quot;:&quot;section-stretched&quot;,&quot;background_background&quot;:&quot;classic&quot;}\">\n\t\t\t\t\t\t\t<div class=\"elementor-background-overlay\"><\/div>\n\t\t\t\t\t\t\t<div class=\"elementor-container elementor-column-gap-default\">\n\t\t\t\t\t<div class=\"elementor-column elementor-col-100 elementor-top-column elementor-element elementor-element-f20ed52\" data-id=\"f20ed52\" data-element_type=\"column\" data-e-type=\"column\">\n\t\t\t<div class=\"elementor-widget-wrap elementor-element-populated\">\n\t\t\t\t\t\t<div class=\"elementor-element elementor-element-48b3b7f elementor-widget elementor-widget-heading\" data-id=\"48b3b7f\" data-element_type=\"widget\" data-e-type=\"widget\" data-widget_type=\"heading.default\">\n\t\t\t\t<div class=\"elementor-widget-container\">\n\t\t\t\t\t<h1 class=\"elementor-heading-title elementor-size-default\">Avis<\/h1>\t\t\t\t<\/div>\n\t\t\t\t<\/div>\n\t\t\t\t\t<\/div>\n\t\t<\/div>\n\t\t\t\t\t<\/div>\n\t\t<\/section>\n\t\t\t\t<section class=\"elementor-section elementor-top-section elementor-element elementor-element-a9a07c2 elementor-section-boxed elementor-section-height-default elementor-section-height-default\" data-id=\"a9a07c2\" data-element_type=\"section\" data-e-type=\"section\">\n\t\t\t\t\t\t<div class=\"elementor-container elementor-column-gap-default\">\n\t\t\t\t\t<div class=\"elementor-column elementor-col-50 elementor-top-column elementor-element elementor-element-5af2784\" data-id=\"5af2784\" data-element_type=\"column\" data-e-type=\"column\">\n\t\t\t<div class=\"elementor-widget-wrap elementor-element-populated\">\n\t\t\t\t\t\t<div class=\"elementor-element elementor-element-78cc3fb elementor-widget elementor-widget-shortcode\" data-id=\"78cc3fb\" data-element_type=\"widget\" data-e-type=\"widget\" data-widget_type=\"shortcode.default\">\n\t\t\t\t<div class=\"elementor-widget-container\">\n\t\t\t\t\t\t\t<div class=\"elementor-shortcode\"><div class=\"glsr glsr-default\" id=\"glsr_43311621\" data-from=\"shortcode\" data-shortcode=\"site_reviews\" data-display=\"20\"><div class=\"glsr-reviews-wrap\">\n    <div class=\"glsr-reviews\">\n        <div class=\"glsr-review\" data-type=\"local\" id=\"review-15250\" data-assigned='[]'>\n    <div class=\"glsr-review-title\"><h4 class=\"glsr-tag-value\">Great Service<\/h4><\/div>\n    <div class=\"glsr-review-rating\"><div class=\"glsr-star-rating glsr-stars\" role=\"img\" aria-label=\"Rated 5 out of 5 stars\" data-rating=\"5\" data-reviews=\"0\"><span class=\"glsr-star glsr-star-full\" aria-hidden=\"true\"><\/span><span class=\"glsr-star glsr-star-full\" aria-hidden=\"true\"><\/span><span class=\"glsr-star glsr-star-full\" aria-hidden=\"true\"><\/span><span class=\"glsr-star glsr-star-full\" aria-hidden=\"true\"><\/span><span class=\"glsr-star glsr-star-full\" aria-hidden=\"true\"><\/span><\/div><\/div> <div class=\"glsr-review-date\"><span class=\"glsr-tag-value\">f\u00e9vrier 10, 2026<\/span><\/div>\n    \n    <div class=\"glsr-review-content\"><div class=\"glsr-tag-value\" data-expanded=\"false\"><p><\/p><\/div><\/div>\n     <div class=\"glsr-review-author\"><span class=\"glsr-tag-value\">TestReviewer<\/span><\/div> \n    \n<\/div>\n<div class=\"glsr-review\" data-type=\"local\" id=\"review-12991\" data-assigned='[]'>\n    <div class=\"glsr-review-title\"><h4 class=\"glsr-tag-value\">Travelers arriving at Geneva Airport<\/h4><\/div>\n    <div class=\"glsr-review-rating\"><div class=\"glsr-star-rating glsr-stars\" role=\"img\" aria-label=\"Rated 5 out of 5 stars\" data-rating=\"5\" data-reviews=\"0\"><span class=\"glsr-star glsr-star-full\" aria-hidden=\"true\"><\/span><span class=\"glsr-star glsr-star-full\" aria-hidden=\"true\"><\/span><span class=\"glsr-star glsr-star-full\" aria-hidden=\"true\"><\/span><span class=\"glsr-star glsr-star-full\" aria-hidden=\"true\"><\/span><span class=\"glsr-star glsr-star-full\" aria-hidden=\"true\"><\/span><\/div><\/div> <div class=\"glsr-review-date\"><span class=\"glsr-tag-value\">juin 6, 2024<\/span><\/div>\n    \n    <div class=\"glsr-review-content\"><div class=\"glsr-tag-value\" data-expanded=\"false\"><p class=\"glsr-hidden-text\" data-show-less=\"Afficher moins\" data-show-more=\"Afficher plus\" data-trigger=\"expand\">Travelers arriving at Geneva Airport can conveniently find taxis readily available for their onward journey to various destinations. The taxi service from Geneva Airport offers a hassle-free transportation option, ensuring swift and comfortable transfers for passengers. Whether you&#8217;re heading to the city center, nearby hotels, or other locations, the taxi Geneva Airport<span class=\"glsr-hidden\"> service caters to your transportation needs efficiently.<\/span><\/p><\/div><\/div>\n     <div class=\"glsr-review-author\"><span class=\"glsr-tag-value\">airport-taxi-transfers<\/span><\/div> \n    \n<\/div>\n<div class=\"glsr-review\" data-type=\"local\" id=\"review-11640\" data-assigned='[]'>\n    <div class=\"glsr-review-title\"><h4 class=\"glsr-tag-value\">Lausanne - morges<\/h4><\/div>\n    <div class=\"glsr-review-rating\"><div class=\"glsr-star-rating glsr-stars\" role=\"img\" aria-label=\"Rated 5 out of 5 stars\" data-rating=\"5\" data-reviews=\"0\"><span class=\"glsr-star glsr-star-full\" aria-hidden=\"true\"><\/span><span class=\"glsr-star glsr-star-full\" aria-hidden=\"true\"><\/span><span class=\"glsr-star glsr-star-full\" aria-hidden=\"true\"><\/span><span class=\"glsr-star glsr-star-full\" aria-hidden=\"true\"><\/span><span class=\"glsr-star glsr-star-full\" aria-hidden=\"true\"><\/span><\/div><\/div> <div class=\"glsr-review-date\"><span class=\"glsr-tag-value\">mai 24, 2023<\/span><\/div>\n    \n    <div class=\"glsr-review-content\"><div class=\"glsr-tag-value\" data-expanded=\"false\"><p>Thanks Amine for the pleasant ride!<\/p><\/div><\/div>\n     <div class=\"glsr-review-author\"><span class=\"glsr-tag-value\">Valentina S<\/span><\/div> \n    \n<\/div>\n<div class=\"glsr-review\" data-type=\"local\" id=\"review-10642\" data-assigned='[]'>\n    <div class=\"glsr-review-title\"><h4 class=\"glsr-tag-value\">Lausanne<\/h4><\/div>\n    <div class=\"glsr-review-rating\"><div class=\"glsr-star-rating glsr-stars\" role=\"img\" aria-label=\"Rated 5 out of 5 stars\" data-rating=\"5\" data-reviews=\"0\"><span class=\"glsr-star glsr-star-full\" aria-hidden=\"true\"><\/span><span class=\"glsr-star glsr-star-full\" aria-hidden=\"true\"><\/span><span class=\"glsr-star glsr-star-full\" aria-hidden=\"true\"><\/span><span class=\"glsr-star glsr-star-full\" aria-hidden=\"true\"><\/span><span class=\"glsr-star glsr-star-full\" aria-hidden=\"true\"><\/span><\/div><\/div> <div class=\"glsr-review-date\"><span class=\"glsr-tag-value\">novembre 15, 2022<\/span><\/div>\n    \n    <div class=\"glsr-review-content\"><div class=\"glsr-tag-value\" data-expanded=\"false\"><p>Merci pour la conduite!<\/p>\n<p>A la prochaine \ud83d\ude42<\/p><\/div><\/div>\n     <div class=\"glsr-review-author\"><span class=\"glsr-tag-value\">Elise<\/span><\/div> \n    \n<\/div>\n<div class=\"glsr-review\" data-type=\"local\" id=\"review-9035\" data-assigned='[]'>\n    <div class=\"glsr-review-title\"><h4 class=\"glsr-tag-value\">Magnifique<\/h4><\/div>\n    <div class=\"glsr-review-rating\"><div class=\"glsr-star-rating glsr-stars\" role=\"img\" aria-label=\"Rated 5 out of 5 stars\" data-rating=\"5\" data-reviews=\"0\"><span class=\"glsr-star glsr-star-full\" aria-hidden=\"true\"><\/span><span class=\"glsr-star glsr-star-full\" aria-hidden=\"true\"><\/span><span class=\"glsr-star glsr-star-full\" aria-hidden=\"true\"><\/span><span class=\"glsr-star glsr-star-full\" aria-hidden=\"true\"><\/span><span class=\"glsr-star glsr-star-full\" aria-hidden=\"true\"><\/span><\/div><\/div> <div class=\"glsr-review-date\"><span class=\"glsr-tag-value\">septembre 25, 2022<\/span><\/div>\n    \n    <div class=\"glsr-review-content\"><div class=\"glsr-tag-value\" data-expanded=\"false\"><p>Voiture confortable et service pro. Je recommande \ud83d\ude0d<\/p><\/div><\/div>\n     <div class=\"glsr-review-author\"><span class=\"glsr-tag-value\">Youssef.M<\/span><\/div> \n    \n<\/div>\n    <\/div>\n    \n<\/div><\/div><\/div>\n\t\t\t\t\t\t<\/div>\n\t\t\t\t<\/div>\n\t\t\t\t\t<\/div>\n\t\t<\/div>\n\t\t\t\t<div class=\"elementor-column elementor-col-50 elementor-top-column elementor-element elementor-element-ff13421\" data-id=\"ff13421\" data-element_type=\"column\" data-e-type=\"column\">\n\t\t\t<div class=\"elementor-widget-wrap elementor-element-populated\">\n\t\t\t\t\t\t<div class=\"elementor-element elementor-element-4bbe859 elementor-widget elementor-widget-shortcode\" data-id=\"4bbe859\" data-element_type=\"widget\" data-e-type=\"widget\" data-widget_type=\"shortcode.default\">\n\t\t\t\t<div class=\"elementor-widget-container\">\n\t\t\t\t\t\t\t<div class=\"elementor-shortcode\"><div class=\"glsr glsr-default\" id=\"glsr_e40000a0\" data-from=\"shortcode\" data-shortcode=\"site_reviews_form\"><div class=\"glsr-form-wrap\">\n    <form class=\"glsr-review-form glsr-form\" method=\"post\" enctype=\"multipart\/form-data\">\n        <input type=\"hidden\" name=\"site-reviews[_action]\" value=\"submit-review\" \/>\n<input type=\"hidden\" name=\"site-reviews[_nonce]\" value=\"4101958d43\" \/>\n<input type=\"hidden\" name=\"site-reviews[_post_id]\" value=\"14120\" \/>\n<input type=\"hidden\" name=\"site-reviews[_referer]\" value=\"\" \/>\n<input type=\"hidden\" name=\"site-reviews[assigned_posts]\" value=\"\" \/>\n<input type=\"hidden\" name=\"site-reviews[assigned_terms]\" value=\"\" \/>\n<input type=\"hidden\" name=\"site-reviews[assigned_users]\" value=\"\" \/>\n<input type=\"hidden\" name=\"site-reviews[excluded]\" value=\"\" \/>\n<input type=\"hidden\" name=\"site-reviews[form_id]\" value=\"glsr_e40000a0\" \/>\n<input type=\"hidden\" name=\"site-reviews[terms_exist]\" value=\"1\" \/>\n<input type=\"hidden\" name=\"site-reviews[form_signature]\" value=\"JEQPY2If1vbKs11cQBECGrgjgbPm630XB2EzW8WvkkIftLVWS68fG1pZ-7m7SK1MI_0l93bjd2RFh2B8cJtmCjUGjOVj2sxf5yd17ylnQVlAk3mxKjR-kr6tI4rP2xdoBn4XtUX4D_7jJBvigjhA5E1FJo5sqmcxCtK7IE6O9C46M3jyeF9pl54NiLoQFG5VyQ1B64d_fV70ZYHhs1uY82mEgJW14TO_Bm1efq0QA-K3yGYSSBkV9rRzsci-lTKqvRbs4_qVRPkIJfArx2Bdf4gfpvo7ZQKOHVzdSLTCSwlRcFfmekhcdi7Up08ij8KaOII1uXvPOjeywPV6ZTYT9IpXVfjZlpkMjl2izHgiOk1APBhZPHHCh---tu_bG_dZ1S2451VwhI8X24kpvLaBz7u40gwj\" \/>\n<div class=\"glsr-field\" style=\"display:none;\"><label for=\"site-reviews-a61c9373-glsr_e40000a0\">Votre avis<\/label><input type=\"text\" class=\"glsr-input glsr-input-text\" id=\"site-reviews-a61c9373-glsr_e40000a0\" name=\"site-reviews[a61c9373]\" value=\"\" \/><\/div>\n<div class=\"glsr-field glsr-field-rating glsr-required\" data-field=\"rating\">\n    <label class=\"glsr-label\" for=\"glsr_e40000a0-rating\">\n    <span>Votre note globale<\/span>\n<\/label>\n    <select class=\"browser-default disable-select no_wrap no-wrap glsr-select\" id=\"glsr_e40000a0-rating\" name=\"site-reviews[rating]\" required><option value=\"\">S\u00e9lectionnez une note<\/option><option value=\"5\">5 \u00e9toiles<\/option><option value=\"4\">4 \u00e9toiles<\/option><option value=\"3\">3 \u00e9toiles<\/option><option value=\"2\">2 \u00e9toiles<\/option><option value=\"1\">1 \u00e9toile<\/option><\/select>\n    <div class=\"glsr-field-error\"><\/div>\n<\/div>\n<div class=\"glsr-field glsr-field-text glsr-required\" data-field=\"title\">\n    <label class=\"glsr-label\" for=\"glsr_e40000a0-title\">\n    <span>Titre de votre avis<\/span>\n<\/label>\n    <input type=\"text\" class=\"glsr-input glsr-input-text\" id=\"glsr_e40000a0-title\" name=\"site-reviews[title]\" required placeholder=\"R\u00e9sumez votre avis ou mettez en \u00e9vidence un d\u00e9tail int\u00e9ressant\" value=\"\" \/>\n    <div class=\"glsr-field-error\"><\/div>\n<\/div>\n<div class=\"glsr-field glsr-field-textarea glsr-required\" data-field=\"content\">\n    <label class=\"glsr-label\" for=\"glsr_e40000a0-content\">\n    <span>Votre avis<\/span>\n<\/label>\n    <textarea class=\"glsr-textarea\" id=\"glsr_e40000a0-content\" name=\"site-reviews[content]\" required placeholder=\"Donnez votre avis\" rows=\"5\"><\/textarea>\n    <div class=\"glsr-field-error\"><\/div>\n<\/div>\n<div class=\"glsr-field glsr-field-text glsr-required\" data-field=\"name\">\n    <label class=\"glsr-label\" for=\"glsr_e40000a0-name\">\n    <span>Votre nom<\/span>\n<\/label>\n    <input type=\"text\" class=\"glsr-input glsr-input-text\" id=\"glsr_e40000a0-name\" name=\"site-reviews[name]\" required placeholder=\"Donnez votre nom\" value=\"\" \/>\n    <div class=\"glsr-field-error\"><\/div>\n<\/div>\n<div class=\"glsr-field glsr-field-email glsr-required\" data-field=\"email\">\n    <label class=\"glsr-label\" for=\"glsr_e40000a0-email\">\n    <span>Votre e-mail<\/span>\n<\/label>\n    <input type=\"email\" class=\"glsr-input glsr-input-email\" id=\"glsr_e40000a0-email\" name=\"site-reviews[email]\" required placeholder=\"Donnez votre e-mail\" value=\"\" \/>\n    <div class=\"glsr-field-error\"><\/div>\n<\/div>\n<div class=\"glsr-field glsr-field-choice glsr-required\" data-field=\"terms\">\n    \n    <span class=\"glsr-field-toggle\">\n    <span class=\"glsr-toggle\">\n        <label for=\"glsr_e40000a0-terms-1\">Cette note est fond\u00e9e sur ma propre exp\u00e9rience et mon v\u00e9ritable avis.<\/label>\n        <span class=\"glsr-toggle-switch\">\n            <input type=\"checkbox\" class=\"glsr-input-toggle\" id=\"glsr_e40000a0-terms-1\" name=\"site-reviews[terms]\" required value=\"1\" \/> &#8203; <!-- zero-space character used for alignment -->\n            <span class=\"glsr-toggle-track\"><\/span>\n        <\/span>\n    <\/span>\n<\/span>\n    <div class=\"glsr-field-error\"><\/div>\n<\/div>\n        <div class=\"glsr-form-message\">\n    \n<\/div>\n        <div data-field=\"submit-button\">\n    <div class=\"wp-block-buttons is-layout-flex\">\n        <div class=\"wp-block-button\">\n            <button type=\"submit\" class=\"glsr-button wp-block-button__link wp-element-button\" aria-busy=\"false\" data-loading=\"Submitting, please wait...\">Envoyer un avis<\/button>\n        <\/div>\n    <\/div>\n<\/div>\n    <\/form>\n<\/div><\/div><\/div>\n\t\t\t\t\t\t<\/div>\n\t\t\t\t<\/div>\n\t\t\t\t\t<\/div>\n\t\t<\/div>\n\t\t\t\t\t<\/div>\n\t\t<\/section>\n\t\t\t\t<\/div>\n\t\t","protected":false},"excerpt":{"rendered":"<p>Avis<\/p>\n","protected":false},"author":2,"featured_media":0,"parent":0,"menu_order":0,"comment_status":"closed","ping_status":"closed","template":"","meta":{"om_disable_all_campaigns":false,"_mi_skip_tracking":false,"site-sidebar-layout":"no-sidebar","site-content-layout":"page-builder","ast-global-header-display":"","ast-main-header-display":"","ast-hfb-above-header-display":"","ast-hfb-below-header-display":"","ast-hfb-mobile-header-display":"","site-post-title":"disabled","ast-breadcrumbs-content":"","ast-featured-img":"disabled","footer-sml-layout":"","theme-transparent-header-meta":"enabled","adv-header-id-meta":"","stick-header-meta":"","header-above-stick-meta":"","header-main-stick-meta":"","header-below-stick-meta":"","_glsr_average":0,"_glsr_ranking":0,"_glsr_reviews":0,"footnotes":""},"class_list":["post-14120","page","type-page","status-publish","hentry"],"yoast_head":"<!-- This site is optimized with the Yoast SEO Premium plugin v19.5 (Yoast SEO v26.8) - https:\/\/yoast.com\/product\/yoast-seo-premium-wordpress\/ -->\n<title>Avis | Get Taxi<\/title>\n<meta name=\"description\" content=\"D\u00e9couvrez ce que nos clients disent de nous. Nous avons les voitures les plus r\u00e9centes avec des chauffeurs exp\u00e9riment\u00e9s \u00e0 votre service 24h\/24 et 7j\/7. R\u00e9servez Maintenant\" \/>\n<meta name=\"robots\" content=\"index, follow, max-snippet:-1, max-image-preview:large, max-video-preview:-1\" \/>\n<link rel=\"canonical\" href=\"https:\/\/gettaxi.ch\/fr\/avis\/\" \/>\n<meta property=\"og:locale\" content=\"fr_FR\" \/>\n<meta property=\"og:type\" content=\"article\" \/>\n<meta property=\"og:title\" content=\"Avis\" \/>\n<meta property=\"og:description\" content=\"Avis\" \/>\n<meta property=\"og:url\" content=\"https:\/\/gettaxi.ch\/fr\/avis\/\" \/>\n<meta property=\"og:site_name\" content=\"Get Taxi\" \/>\n<meta property=\"article:publisher\" content=\"https:\/\/www.facebook.com\/gettaxi.ch\/\" \/>\n<meta property=\"article:modified_time\" content=\"2024-11-10T14:37:27+00:00\" \/>\n<meta property=\"og:image\" content=\"https:\/\/gettaxi.ch\/wp-content\/uploads\/2021\/05\/SITE-GETTAXI.jpg\" \/>\n\t<meta property=\"og:image:width\" content=\"1200\" \/>\n\t<meta property=\"og:image:height\" content=\"675\" \/>\n\t<meta property=\"og:image:type\" content=\"image\/jpeg\" \/>\n<meta name=\"twitter:card\" content=\"summary_large_image\" \/>\n<script type=\"application\/ld+json\" class=\"yoast-schema-graph\">{\"@context\":\"https:\/\/schema.org\",\"@graph\":[{\"@type\":\"WebPage\",\"@id\":\"https:\/\/gettaxi.ch\/fr\/avis\/\",\"url\":\"https:\/\/gettaxi.ch\/fr\/avis\/\",\"name\":\"Avis | Get Taxi\",\"isPartOf\":{\"@id\":\"https:\/\/gettaxi.ch\/#website\"},\"datePublished\":\"2021-06-04T17:23:53+00:00\",\"dateModified\":\"2024-11-10T14:37:27+00:00\",\"description\":\"D\u00e9couvrez ce que nos clients disent de nous. Nous avons les voitures les plus r\u00e9centes avec des chauffeurs exp\u00e9riment\u00e9s \u00e0 votre service 24h\/24 et 7j\/7. R\u00e9servez Maintenant\",\"breadcrumb\":{\"@id\":\"https:\/\/gettaxi.ch\/fr\/avis\/#breadcrumb\"},\"inLanguage\":\"fr-FR\",\"potentialAction\":[{\"@type\":\"ReadAction\",\"target\":[\"https:\/\/gettaxi.ch\/fr\/avis\/\"]}]},{\"@type\":\"BreadcrumbList\",\"@id\":\"https:\/\/gettaxi.ch\/fr\/avis\/#breadcrumb\",\"itemListElement\":[{\"@type\":\"ListItem\",\"position\":1,\"name\":\"Home\",\"item\":\"https:\/\/gettaxi.ch\/fr\/\"},{\"@type\":\"ListItem\",\"position\":2,\"name\":\"Avis\"}]},{\"@type\":\"WebSite\",\"@id\":\"https:\/\/gettaxi.ch\/#website\",\"url\":\"https:\/\/gettaxi.ch\/\",\"name\":\"Get Taxi - CH\",\"description\":\"Get the Relaxed Feeling\",\"publisher\":{\"@id\":\"https:\/\/gettaxi.ch\/#organization\"},\"alternateName\":\"Airport Transfers | Taxi Geneva Airport | Taxi Lausanne\",\"potentialAction\":[{\"@type\":\"SearchAction\",\"target\":{\"@type\":\"EntryPoint\",\"urlTemplate\":\"https:\/\/gettaxi.ch\/?s={search_term_string}\"},\"query-input\":{\"@type\":\"PropertyValueSpecification\",\"valueRequired\":true,\"valueName\":\"search_term_string\"}}],\"inLanguage\":\"fr-FR\"},{\"@type\":\"Organization\",\"@id\":\"https:\/\/gettaxi.ch\/#organization\",\"name\":\"Get Taxi\",\"alternateName\":\"Airport Transfers and Fast Taxi Service\",\"url\":\"https:\/\/gettaxi.ch\/\",\"logo\":{\"@type\":\"ImageObject\",\"inLanguage\":\"fr-FR\",\"@id\":\"https:\/\/gettaxi.ch\/#\/schema\/logo\/image\/\",\"url\":\"https:\/\/gettaxi.ch\/wp-content\/uploads\/2021\/05\/2-1.png\",\"contentUrl\":\"https:\/\/gettaxi.ch\/wp-content\/uploads\/2021\/05\/2-1.png\",\"width\":1563,\"height\":1563,\"caption\":\"Get Taxi\"},\"image\":{\"@id\":\"https:\/\/gettaxi.ch\/#\/schema\/logo\/image\/\"},\"sameAs\":[\"https:\/\/www.facebook.com\/gettaxi.ch\/\",\"https:\/\/instagram.com\/gettaxi_ch\/\"]}]}<\/script>\n<!-- \/ Yoast SEO Premium plugin. -->","yoast_head_json":{"title":"Avis | Get Taxi","description":"D\u00e9couvrez ce que nos clients disent de nous. Nous avons les voitures les plus r\u00e9centes avec des chauffeurs exp\u00e9riment\u00e9s \u00e0 votre service 24h\/24 et 7j\/7. R\u00e9servez Maintenant","robots":{"index":"index","follow":"follow","max-snippet":"max-snippet:-1","max-image-preview":"max-image-preview:large","max-video-preview":"max-video-preview:-1"},"canonical":"https:\/\/gettaxi.ch\/fr\/avis\/","og_locale":"fr_FR","og_type":"article","og_title":"Avis","og_description":"Avis","og_url":"https:\/\/gettaxi.ch\/fr\/avis\/","og_site_name":"Get Taxi","article_publisher":"https:\/\/www.facebook.com\/gettaxi.ch\/","article_modified_time":"2024-11-10T14:37:27+00:00","og_image":[{"width":1200,"height":675,"url":"https:\/\/gettaxi.ch\/wp-content\/uploads\/2021\/05\/SITE-GETTAXI.jpg","type":"image\/jpeg"}],"twitter_card":"summary_large_image","schema":{"@context":"https:\/\/schema.org","@graph":[{"@type":"WebPage","@id":"https:\/\/gettaxi.ch\/fr\/avis\/","url":"https:\/\/gettaxi.ch\/fr\/avis\/","name":"Avis | Get Taxi","isPartOf":{"@id":"https:\/\/gettaxi.ch\/#website"},"datePublished":"2021-06-04T17:23:53+00:00","dateModified":"2024-11-10T14:37:27+00:00","description":"D\u00e9couvrez ce que nos clients disent de nous. Nous avons les voitures les plus r\u00e9centes avec des chauffeurs exp\u00e9riment\u00e9s \u00e0 votre service 24h\/24 et 7j\/7. R\u00e9servez Maintenant","breadcrumb":{"@id":"https:\/\/gettaxi.ch\/fr\/avis\/#breadcrumb"},"inLanguage":"fr-FR","potentialAction":[{"@type":"ReadAction","target":["https:\/\/gettaxi.ch\/fr\/avis\/"]}]},{"@type":"BreadcrumbList","@id":"https:\/\/gettaxi.ch\/fr\/avis\/#breadcrumb","itemListElement":[{"@type":"ListItem","position":1,"name":"Home","item":"https:\/\/gettaxi.ch\/fr\/"},{"@type":"ListItem","position":2,"name":"Avis"}]},{"@type":"WebSite","@id":"https:\/\/gettaxi.ch\/#website","url":"https:\/\/gettaxi.ch\/","name":"Get Taxi - CH","description":"Get the Relaxed Feeling","publisher":{"@id":"https:\/\/gettaxi.ch\/#organization"},"alternateName":"Airport Transfers | Taxi Geneva Airport | Taxi Lausanne","potentialAction":[{"@type":"SearchAction","target":{"@type":"EntryPoint","urlTemplate":"https:\/\/gettaxi.ch\/?s={search_term_string}"},"query-input":{"@type":"PropertyValueSpecification","valueRequired":true,"valueName":"search_term_string"}}],"inLanguage":"fr-FR"},{"@type":"Organization","@id":"https:\/\/gettaxi.ch\/#organization","name":"Get Taxi","alternateName":"Airport Transfers and Fast Taxi Service","url":"https:\/\/gettaxi.ch\/","logo":{"@type":"ImageObject","inLanguage":"fr-FR","@id":"https:\/\/gettaxi.ch\/#\/schema\/logo\/image\/","url":"https:\/\/gettaxi.ch\/wp-content\/uploads\/2021\/05\/2-1.png","contentUrl":"https:\/\/gettaxi.ch\/wp-content\/uploads\/2021\/05\/2-1.png","width":1563,"height":1563,"caption":"Get Taxi"},"image":{"@id":"https:\/\/gettaxi.ch\/#\/schema\/logo\/image\/"},"sameAs":["https:\/\/www.facebook.com\/gettaxi.ch\/","https:\/\/instagram.com\/gettaxi_ch\/"]}]}},"jetpack_sharing_enabled":true,"_links":{"self":[{"href":"https:\/\/gettaxi.ch\/fr\/wp-json\/wp\/v2\/pages\/14120","targetHints":{"allow":["GET"]}}],"collection":[{"href":"https:\/\/gettaxi.ch\/fr\/wp-json\/wp\/v2\/pages"}],"about":[{"href":"https:\/\/gettaxi.ch\/fr\/wp-json\/wp\/v2\/types\/page"}],"author":[{"embeddable":true,"href":"https:\/\/gettaxi.ch\/fr\/wp-json\/wp\/v2\/users\/2"}],"replies":[{"embeddable":true,"href":"https:\/\/gettaxi.ch\/fr\/wp-json\/wp\/v2\/comments?post=14120"}],"version-history":[{"count":3,"href":"https:\/\/gettaxi.ch\/fr\/wp-json\/wp\/v2\/pages\/14120\/revisions"}],"predecessor-version":[{"id":14123,"href":"https:\/\/gettaxi.ch\/fr\/wp-json\/wp\/v2\/pages\/14120\/revisions\/14123"}],"wp:attachment":[{"href":"https:\/\/gettaxi.ch\/fr\/wp-json\/wp\/v2\/media?parent=14120"}],"curies":[{"name":"wp","href":"https:\/\/api.w.org\/{rel}","templated":true}]}}