{"id":14125,"date":"2017-06-19T07:07:39","date_gmt":"2017-06-19T06:07:39","guid":{"rendered":"https:\/\/gettaxi.ch\/services\/"},"modified":"2024-11-22T03:30:57","modified_gmt":"2024-11-22T02:30:57","slug":"services","status":"publish","type":"page","link":"https:\/\/gettaxi.ch\/fr\/services\/","title":{"rendered":"Services"},"content":{"rendered":"\t\t<div data-elementor-type=\"wp-post\" data-elementor-id=\"14125\" class=\"elementor elementor-14125 elementor-21\">\n\t\t\t\t\t\t<section class=\"elementor-section elementor-top-section elementor-element elementor-element-2296c7ec elementor-section-stretched elementor-section-height-min-height elementor-section-boxed elementor-section-height-default elementor-section-items-middle elementor-invisible\" data-id=\"2296c7ec\" data-element_type=\"section\" data-e-type=\"section\" data-settings=\"{&quot;background_background&quot;:&quot;classic&quot;,&quot;stretch_section&quot;:&quot;section-stretched&quot;,&quot;animation&quot;:&quot;fadeIn&quot;}\">\n\t\t\t\t\t\t\t<div class=\"elementor-background-overlay\"><\/div>\n\t\t\t\t\t\t\t<div class=\"elementor-container elementor-column-gap-no\">\n\t\t\t\t\t<div class=\"elementor-column elementor-col-100 elementor-top-column elementor-element elementor-element-3b479c2e\" data-id=\"3b479c2e\" data-element_type=\"column\" data-e-type=\"column\">\n\t\t\t<div class=\"elementor-widget-wrap elementor-element-populated\">\n\t\t\t\t\t\t<div class=\"elementor-element elementor-element-61501058 elementor-widget elementor-widget-heading\" data-id=\"61501058\" data-element_type=\"widget\" data-e-type=\"widget\" data-widget_type=\"heading.default\">\n\t\t\t\t<div class=\"elementor-widget-container\">\n\t\t\t\t\t<h1 class=\"elementor-heading-title elementor-size-default\">Services<\/h1>\t\t\t\t<\/div>\n\t\t\t\t<\/div>\n\t\t\t\t<div class=\"elementor-element elementor-element-64750db3 elementor-widget elementor-widget-heading\" data-id=\"64750db3\" data-element_type=\"widget\" data-e-type=\"widget\" data-widget_type=\"heading.default\">\n\t\t\t\t<div class=\"elementor-widget-container\">\n\t\t\t\t\t<h4 class=\"elementor-heading-title elementor-size-default\">Nous fournissons le meilleur service de transfert en taxi<\/h4>\t\t\t\t<\/div>\n\t\t\t\t<\/div>\n\t\t\t\t\t<\/div>\n\t\t<\/div>\n\t\t\t\t\t<\/div>\n\t\t<\/section>\n\t\t\t\t<section class=\"elementor-section elementor-top-section elementor-element elementor-element-321138fc elementor-section-stretched elementor-section-boxed elementor-section-height-default elementor-section-height-default\" data-id=\"321138fc\" data-element_type=\"section\" data-e-type=\"section\" data-settings=\"{&quot;stretch_section&quot;:&quot;section-stretched&quot;,&quot;background_background&quot;:&quot;classic&quot;}\">\n\t\t\t\t\t\t<div class=\"elementor-container elementor-column-gap-no\">\n\t\t\t\t\t<div class=\"elementor-column elementor-col-100 elementor-top-column elementor-element elementor-element-6307ba6f\" data-id=\"6307ba6f\" data-element_type=\"column\" data-e-type=\"column\">\n\t\t\t<div class=\"elementor-widget-wrap elementor-element-populated\">\n\t\t\t\t\t\t<section class=\"elementor-section elementor-inner-section elementor-element elementor-element-53703a79 elementor-section-boxed elementor-section-height-default elementor-section-height-default\" data-id=\"53703a79\" data-element_type=\"section\" data-e-type=\"section\">\n\t\t\t\t\t\t<div class=\"elementor-container elementor-column-gap-no\">\n\t\t\t\t\t<div class=\"elementor-column elementor-col-100 elementor-inner-column elementor-element elementor-element-6c82d370\" data-id=\"6c82d370\" data-element_type=\"column\" data-e-type=\"column\">\n\t\t\t<div class=\"elementor-widget-wrap elementor-element-populated\">\n\t\t\t\t\t\t<div class=\"elementor-element elementor-element-7cd3c571 elementor-widget elementor-widget-heading\" data-id=\"7cd3c571\" data-element_type=\"widget\" data-e-type=\"widget\" data-widget_type=\"heading.default\">\n\t\t\t\t<div class=\"elementor-widget-container\">\n\t\t\t\t\t<h2 class=\"elementor-heading-title elementor-size-default\">Comment pouvons-nous vous aider ?<\/h2>\t\t\t\t<\/div>\n\t\t\t\t<\/div>\n\t\t\t\t<div class=\"elementor-element elementor-element-281729d4 elementor-widget elementor-widget-text-editor\" data-id=\"281729d4\" data-element_type=\"widget\" data-e-type=\"widget\" data-widget_type=\"text-editor.default\">\n\t\t\t\t<div class=\"elementor-widget-container\">\n\t\t\t\t\t\t\t\t\t<p>D\u00e9couvrez les services que nous proposons<\/p>\t\t\t\t\t\t\t\t<\/div>\n\t\t\t\t<\/div>\n\t\t\t\t\t<\/div>\n\t\t<\/div>\n\t\t\t\t\t<\/div>\n\t\t<\/section>\n\t\t\t\t<section class=\"elementor-section elementor-inner-section elementor-element elementor-element-6af7d45 elementor-section-boxed elementor-section-height-default elementor-section-height-default\" data-id=\"6af7d45\" data-element_type=\"section\" data-e-type=\"section\">\n\t\t\t\t\t\t<div class=\"elementor-container elementor-column-gap-default\">\n\t\t\t\t\t<div class=\"elementor-column elementor-col-33 elementor-inner-column elementor-element elementor-element-0d1cfa9\" data-id=\"0d1cfa9\" data-element_type=\"column\" data-e-type=\"column\" data-settings=\"{&quot;background_background&quot;:&quot;classic&quot;}\">\n\t\t\t<div class=\"elementor-widget-wrap elementor-element-populated\">\n\t\t\t\t\t\t<div class=\"elementor-element elementor-element-47b5784 elementor-view-default elementor-position-block-start elementor-mobile-position-block-start elementor-widget elementor-widget-icon-box\" data-id=\"47b5784\" data-element_type=\"widget\" data-e-type=\"widget\" data-widget_type=\"icon-box.default\">\n\t\t\t\t<div class=\"elementor-widget-container\">\n\t\t\t\t\t\t\t<div class=\"elementor-icon-box-wrapper\">\n\n\t\t\t\t\t\t<div class=\"elementor-icon-box-icon\">\n\t\t\t\t<a href=\"https:\/\/gettaxi.ch\/fr\/transfert-aeroportuaire\/\" class=\"elementor-icon\" tabindex=\"-1\" aria-label=\"Transferts a\u00e9roportuaires\">\n\t\t\t\t<i aria-hidden=\"true\" class=\"fas fa-plane-arrival\"><\/i>\t\t\t\t<\/a>\n\t\t\t<\/div>\n\t\t\t\n\t\t\t\t\t\t<div class=\"elementor-icon-box-content\">\n\n\t\t\t\t\t\t\t\t\t<h4 class=\"elementor-icon-box-title\">\n\t\t\t\t\t\t<a href=\"https:\/\/gettaxi.ch\/fr\/transfert-aeroportuaire\/\" >\n\t\t\t\t\t\t\tTransferts a\u00e9roportuaires\t\t\t\t\t\t<\/a>\n\t\t\t\t\t<\/h4>\n\t\t\t\t\n\t\t\t\t\t\t\t\t\t<p class=\"elementor-icon-box-description\">\n\t\t\t\t\t\tRencontre \u00e0 l'a\u00e9roport. Accueil VIP et FastTrack \u00e0 l'a\u00e9roport. \t\t\t\t\t<\/p>\n\t\t\t\t\n\t\t\t<\/div>\n\t\t\t\n\t\t<\/div>\n\t\t\t\t\t\t<\/div>\n\t\t\t\t<\/div>\n\t\t\t\t\t<\/div>\n\t\t<\/div>\n\t\t\t\t<div class=\"elementor-column elementor-col-33 elementor-inner-column elementor-element elementor-element-e85b5d4\" data-id=\"e85b5d4\" data-element_type=\"column\" data-e-type=\"column\" data-settings=\"{&quot;background_background&quot;:&quot;classic&quot;}\">\n\t\t\t<div class=\"elementor-widget-wrap elementor-element-populated\">\n\t\t\t\t\t\t<div class=\"elementor-element elementor-element-c59234d elementor-view-default elementor-position-block-start elementor-mobile-position-block-start elementor-widget elementor-widget-icon-box\" data-id=\"c59234d\" data-element_type=\"widget\" data-e-type=\"widget\" data-widget_type=\"icon-box.default\">\n\t\t\t\t<div class=\"elementor-widget-container\">\n\t\t\t\t\t\t\t<div class=\"elementor-icon-box-wrapper\">\n\n\t\t\t\t\t\t<div class=\"elementor-icon-box-icon\">\n\t\t\t\t<a href=\"https:\/\/gettaxi.ch\/fr\/transferts-en-ville\/\" class=\"elementor-icon\" tabindex=\"-1\" aria-label=\"Service de taxi\">\n\t\t\t\t<i aria-hidden=\"true\" class=\"fas fa-taxi\"><\/i>\t\t\t\t<\/a>\n\t\t\t<\/div>\n\t\t\t\n\t\t\t\t\t\t<div class=\"elementor-icon-box-content\">\n\n\t\t\t\t\t\t\t\t\t<h4 class=\"elementor-icon-box-title\">\n\t\t\t\t\t\t<a href=\"https:\/\/gettaxi.ch\/fr\/transferts-en-ville\/\" >\n\t\t\t\t\t\t\tService de taxi\t\t\t\t\t\t<\/a>\n\t\t\t\t\t<\/h4>\n\t\t\t\t\n\t\t\t\t\t\t\t\t\t<p class=\"elementor-icon-box-description\">\n\t\t\t\t\t\tNous vous emm\u00e8nerons partout dans le canton de Vaud et le canton de Gen\u00e8ve !\t\t\t\t\t<\/p>\n\t\t\t\t\n\t\t\t<\/div>\n\t\t\t\n\t\t<\/div>\n\t\t\t\t\t\t<\/div>\n\t\t\t\t<\/div>\n\t\t\t\t\t<\/div>\n\t\t<\/div>\n\t\t\t\t<div class=\"elementor-column elementor-col-33 elementor-inner-column elementor-element elementor-element-396dd42\" data-id=\"396dd42\" data-element_type=\"column\" data-e-type=\"column\" data-settings=\"{&quot;background_background&quot;:&quot;classic&quot;}\">\n\t\t\t<div class=\"elementor-widget-wrap elementor-element-populated\">\n\t\t\t\t\t\t<div class=\"elementor-element elementor-element-c4446a7 elementor-view-default elementor-position-block-start elementor-mobile-position-block-start elementor-widget elementor-widget-icon-box\" data-id=\"c4446a7\" data-element_type=\"widget\" data-e-type=\"widget\" data-widget_type=\"icon-box.default\">\n\t\t\t\t<div class=\"elementor-widget-container\">\n\t\t\t\t\t\t\t<div class=\"elementor-icon-box-wrapper\">\n\n\t\t\t\t\t\t<div class=\"elementor-icon-box-icon\">\n\t\t\t\t<a href=\"https:\/\/gettaxi.ch\/fr\/service-de-chauffeur\/\" class=\"elementor-icon\" tabindex=\"-1\" aria-label=\"Service de chauffeur\">\n\t\t\t\t<i aria-hidden=\"true\" class=\"fas fa-car\"><\/i>\t\t\t\t<\/a>\n\t\t\t<\/div>\n\t\t\t\n\t\t\t\t\t\t<div class=\"elementor-icon-box-content\">\n\n\t\t\t\t\t\t\t\t\t<h4 class=\"elementor-icon-box-title\">\n\t\t\t\t\t\t<a href=\"https:\/\/gettaxi.ch\/fr\/service-de-chauffeur\/\" >\n\t\t\t\t\t\t\tService de chauffeur\t\t\t\t\t\t<\/a>\n\t\t\t\t\t<\/h4>\n\t\t\t\t\n\t\t\t\t\t\t\t\t\t<p class=\"elementor-icon-box-description\">\n\t\t\t\t\t\tServices de chauffeur d'entreprise et pour les affaires. Les meilleurs chauffeurs et des voitures propres ! \t\t\t\t\t<\/p>\n\t\t\t\t\n\t\t\t<\/div>\n\t\t\t\n\t\t<\/div>\n\t\t\t\t\t\t<\/div>\n\t\t\t\t<\/div>\n\t\t\t\t\t<\/div>\n\t\t<\/div>\n\t\t\t\t\t<\/div>\n\t\t<\/section>\n\t\t\t\t<section class=\"elementor-section elementor-inner-section elementor-element elementor-element-c6a3da8 elementor-section-boxed elementor-section-height-default elementor-section-height-default\" data-id=\"c6a3da8\" data-element_type=\"section\" data-e-type=\"section\">\n\t\t\t\t\t\t<div class=\"elementor-container elementor-column-gap-default\">\n\t\t\t\t\t<div class=\"elementor-column elementor-col-33 elementor-inner-column elementor-element elementor-element-40ed9b9\" data-id=\"40ed9b9\" data-element_type=\"column\" data-e-type=\"column\" data-settings=\"{&quot;background_background&quot;:&quot;classic&quot;}\">\n\t\t\t<div class=\"elementor-widget-wrap elementor-element-populated\">\n\t\t\t\t\t\t<div class=\"elementor-element elementor-element-80f112a elementor-view-default elementor-position-block-start elementor-mobile-position-block-start elementor-widget elementor-widget-icon-box\" data-id=\"80f112a\" data-element_type=\"widget\" data-e-type=\"widget\" data-widget_type=\"icon-box.default\">\n\t\t\t\t<div class=\"elementor-widget-container\">\n\t\t\t\t\t\t\t<div class=\"elementor-icon-box-wrapper\">\n\n\t\t\t\t\t\t<div class=\"elementor-icon-box-icon\">\n\t\t\t\t<span  class=\"elementor-icon\">\n\t\t\t\t<i aria-hidden=\"true\" class=\"fas fa-glass-cheers\"><\/i>\t\t\t\t<\/span>\n\t\t\t<\/div>\n\t\t\t\n\t\t\t\t\t\t<div class=\"elementor-icon-box-content\">\n\n\t\t\t\t\t\t\t\t\t<h4 class=\"elementor-icon-box-title\">\n\t\t\t\t\t\t<span  >\n\t\t\t\t\t\t\tService de limousine pour mariage\t\t\t\t\t\t<\/span>\n\t\t\t\t\t<\/h4>\n\t\t\t\t\n\t\t\t\t\t\t\t\t\t<p class=\"elementor-icon-box-description\">\n\t\t\t\t\t\tLe meilleur transport pour votre jour le plus important!\t\t\t\t\t<\/p>\n\t\t\t\t\n\t\t\t<\/div>\n\t\t\t\n\t\t<\/div>\n\t\t\t\t\t\t<\/div>\n\t\t\t\t<\/div>\n\t\t\t\t\t<\/div>\n\t\t<\/div>\n\t\t\t\t<div class=\"elementor-column elementor-col-33 elementor-inner-column elementor-element elementor-element-cf96173\" data-id=\"cf96173\" data-element_type=\"column\" data-e-type=\"column\" data-settings=\"{&quot;background_background&quot;:&quot;classic&quot;}\">\n\t\t\t<div class=\"elementor-widget-wrap elementor-element-populated\">\n\t\t\t\t\t\t<div class=\"elementor-element elementor-element-08375e3 elementor-view-default elementor-position-block-start elementor-mobile-position-block-start elementor-widget elementor-widget-icon-box\" data-id=\"08375e3\" data-element_type=\"widget\" data-e-type=\"widget\" data-widget_type=\"icon-box.default\">\n\t\t\t\t<div class=\"elementor-widget-container\">\n\t\t\t\t\t\t\t<div class=\"elementor-icon-box-wrapper\">\n\n\t\t\t\t\t\t<div class=\"elementor-icon-box-icon\">\n\t\t\t\t<span  class=\"elementor-icon\">\n\t\t\t\t<i aria-hidden=\"true\" class=\"fas fa-map\"><\/i>\t\t\t\t<\/span>\n\t\t\t<\/div>\n\t\t\t\n\t\t\t\t\t\t<div class=\"elementor-icon-box-content\">\n\n\t\t\t\t\t\t\t\t\t<h4 class=\"elementor-icon-box-title\">\n\t\t\t\t\t\t<span  >\n\t\t\t\t\t\t\tVisites de la ville\t\t\t\t\t\t<\/span>\n\t\t\t\t\t<\/h4>\n\t\t\t\t\n\t\t\t\t\t\t\t\t\t<p class=\"elementor-icon-box-description\">\n\t\t\t\t\t\tCommandez notre service de transport !\t\t\t\t\t<\/p>\n\t\t\t\t\n\t\t\t<\/div>\n\t\t\t\n\t\t<\/div>\n\t\t\t\t\t\t<\/div>\n\t\t\t\t<\/div>\n\t\t\t\t\t<\/div>\n\t\t<\/div>\n\t\t\t\t<div class=\"elementor-column elementor-col-33 elementor-inner-column elementor-element elementor-element-c207b60\" data-id=\"c207b60\" data-element_type=\"column\" data-e-type=\"column\" data-settings=\"{&quot;background_background&quot;:&quot;classic&quot;}\">\n\t\t\t<div class=\"elementor-widget-wrap elementor-element-populated\">\n\t\t\t\t\t\t<div class=\"elementor-element elementor-element-d405415 elementor-view-default elementor-position-block-start elementor-mobile-position-block-start elementor-widget elementor-widget-icon-box\" data-id=\"d405415\" data-element_type=\"widget\" data-e-type=\"widget\" data-widget_type=\"icon-box.default\">\n\t\t\t\t<div class=\"elementor-widget-container\">\n\t\t\t\t\t\t\t<div class=\"elementor-icon-box-wrapper\">\n\n\t\t\t\t\t\t<div class=\"elementor-icon-box-icon\">\n\t\t\t\t<span  class=\"elementor-icon\">\n\t\t\t\t<i aria-hidden=\"true\" class=\"far fa-check-circle\"><\/i>\t\t\t\t<\/span>\n\t\t\t<\/div>\n\t\t\t\n\t\t\t\t\t\t<div class=\"elementor-icon-box-content\">\n\n\t\t\t\t\t\t\t\t\t<h4 class=\"elementor-icon-box-title\">\n\t\t\t\t\t\t<span  >\n\t\t\t\t\t\t\tTransferts d'\u00e9v\u00e9nements<br> <br>\t\t\t\t\t\t<\/span>\n\t\t\t\t\t<\/h4>\n\t\t\t\t\n\t\t\t\t\t\t\t\t\t<p class=\"elementor-icon-box-description\">\n\t\t\t\t\t\tCommandez notre service de transport !\t\t\t\t\t<\/p>\n\t\t\t\t\n\t\t\t<\/div>\n\t\t\t\n\t\t<\/div>\n\t\t\t\t\t\t<\/div>\n\t\t\t\t<\/div>\n\t\t\t\t\t<\/div>\n\t\t<\/div>\n\t\t\t\t\t<\/div>\n\t\t<\/section>\n\t\t\t\t\t<\/div>\n\t\t<\/div>\n\t\t\t\t\t<\/div>\n\t\t<\/section>\n\t\t\t\t<\/div>\n\t\t","protected":false},"excerpt":{"rendered":"<p>Services Nous fournissons le meilleur service de transfert en taxi Comment pouvons-nous vous aider ? D\u00e9couvrez les services que nous proposons \u00a0 Transferts a\u00e9roportuaires Rencontre \u00e0 l&rsquo;a\u00e9roport. Accueil VIP et FastTrack \u00e0 l&rsquo;a\u00e9roport. \u00a0 Service de taxi Nous vous emm\u00e8nerons partout dans le canton de Vaud et le canton de Gen\u00e8ve ! \u00a0 Service de &hellip;<\/p>\n<p class=\"read-more\"> <a class=\"\" href=\"https:\/\/gettaxi.ch\/fr\/services\/\"> <span class=\"screen-reader-text\">Services<\/span> Lire la suite\u00a0\u00bb<\/a><\/p>\n","protected":false},"author":2,"featured_media":14318,"parent":0,"menu_order":0,"comment_status":"closed","ping_status":"closed","template":"","meta":{"om_disable_all_campaigns":false,"_mi_skip_tracking":false,"site-sidebar-layout":"no-sidebar","site-content-layout":"page-builder","ast-global-header-display":"","ast-main-header-display":"","ast-hfb-above-header-display":"","ast-hfb-below-header-display":"","ast-hfb-mobile-header-display":"","site-post-title":"disabled","ast-breadcrumbs-content":"","ast-featured-img":"disabled","footer-sml-layout":"","theme-transparent-header-meta":"enabled","adv-header-id-meta":"","stick-header-meta":"","header-above-stick-meta":"","header-main-stick-meta":"","header-below-stick-meta":"","_glsr_average":0,"_glsr_ranking":0,"_glsr_reviews":0,"footnotes":""},"class_list":["post-14125","page","type-page","status-publish","has-post-thumbnail","hentry"],"yoast_head":"<!-- This site is optimized with the Yoast SEO Premium plugin v19.5 (Yoast SEO v26.8) - https:\/\/yoast.com\/product\/yoast-seo-premium-wordpress\/ -->\n<title>Services | Get Taxi<\/title>\n<meta name=\"description\" content=\"D\u00e9couvrez nos services de transport fiables avec une flotte moderne et confortable. R\u00e9servez facilement votre trajet 24\/7.\" \/>\n<meta name=\"robots\" content=\"index, follow, max-snippet:-1, max-image-preview:large, max-video-preview:-1\" \/>\n<link rel=\"canonical\" href=\"https:\/\/gettaxi.ch\/fr\/services\/\" \/>\n<meta property=\"og:locale\" content=\"fr_FR\" \/>\n<meta property=\"og:type\" content=\"article\" \/>\n<meta property=\"og:title\" content=\"Services\" \/>\n<meta property=\"og:description\" content=\"Services Nous fournissons le meilleur service de transfert en taxi Comment pouvons-nous vous aider ? D\u00e9couvrez les services que nous proposons \u00a0\" \/>\n<meta property=\"og:url\" content=\"https:\/\/gettaxi.ch\/fr\/services\/\" \/>\n<meta property=\"og:site_name\" content=\"Get Taxi\" \/>\n<meta property=\"article:publisher\" content=\"https:\/\/www.facebook.com\/gettaxi.ch\/\" \/>\n<meta property=\"article:modified_time\" content=\"2024-11-22T02:30:57+00:00\" \/>\n<meta property=\"og:image\" content=\"https:\/\/gettaxi.ch\/wp-content\/uploads\/2024\/11\/Taxi-Geneva-services3.png\" \/>\n\t<meta property=\"og:image:width\" content=\"800\" \/>\n\t<meta property=\"og:image:height\" content=\"600\" \/>\n\t<meta property=\"og:image:type\" content=\"image\/png\" \/>\n<meta name=\"twitter:card\" content=\"summary_large_image\" \/>\n<meta name=\"twitter:label1\" content=\"Dur\u00e9e de lecture estim\u00e9e\" \/>\n\t<meta name=\"twitter:data1\" content=\"1 minute\" \/>\n<script type=\"application\/ld+json\" class=\"yoast-schema-graph\">{\"@context\":\"https:\/\/schema.org\",\"@graph\":[{\"@type\":\"WebPage\",\"@id\":\"https:\/\/gettaxi.ch\/fr\/services\/\",\"url\":\"https:\/\/gettaxi.ch\/fr\/services\/\",\"name\":\"Services | Get Taxi\",\"isPartOf\":{\"@id\":\"https:\/\/gettaxi.ch\/#website\"},\"primaryImageOfPage\":{\"@id\":\"https:\/\/gettaxi.ch\/fr\/services\/#primaryimage\"},\"image\":{\"@id\":\"https:\/\/gettaxi.ch\/fr\/services\/#primaryimage\"},\"thumbnailUrl\":\"https:\/\/gettaxi.ch\/wp-content\/uploads\/2024\/11\/Taxi-Geneva-services3.png\",\"datePublished\":\"2017-06-19T06:07:39+00:00\",\"dateModified\":\"2024-11-22T02:30:57+00:00\",\"description\":\"D\u00e9couvrez nos services de transport fiables avec une flotte moderne et confortable. R\u00e9servez facilement votre trajet 24\/7.\",\"breadcrumb\":{\"@id\":\"https:\/\/gettaxi.ch\/fr\/services\/#breadcrumb\"},\"inLanguage\":\"fr-FR\",\"potentialAction\":[{\"@type\":\"ReadAction\",\"target\":[\"https:\/\/gettaxi.ch\/fr\/services\/\"]}]},{\"@type\":\"ImageObject\",\"inLanguage\":\"fr-FR\",\"@id\":\"https:\/\/gettaxi.ch\/fr\/services\/#primaryimage\",\"url\":\"https:\/\/gettaxi.ch\/wp-content\/uploads\/2024\/11\/Taxi-Geneva-services3.png\",\"contentUrl\":\"https:\/\/gettaxi.ch\/wp-content\/uploads\/2024\/11\/Taxi-Geneva-services3.png\",\"width\":800,\"height\":600,\"caption\":\"Taxi Geneva services\"},{\"@type\":\"BreadcrumbList\",\"@id\":\"https:\/\/gettaxi.ch\/fr\/services\/#breadcrumb\",\"itemListElement\":[{\"@type\":\"ListItem\",\"position\":1,\"name\":\"Home\",\"item\":\"https:\/\/gettaxi.ch\/fr\/\"},{\"@type\":\"ListItem\",\"position\":2,\"name\":\"Services\"}]},{\"@type\":\"WebSite\",\"@id\":\"https:\/\/gettaxi.ch\/#website\",\"url\":\"https:\/\/gettaxi.ch\/\",\"name\":\"Get Taxi - CH\",\"description\":\"Get the Relaxed Feeling\",\"publisher\":{\"@id\":\"https:\/\/gettaxi.ch\/#organization\"},\"alternateName\":\"Airport Transfers | Taxi Geneva Airport | Taxi Lausanne\",\"potentialAction\":[{\"@type\":\"SearchAction\",\"target\":{\"@type\":\"EntryPoint\",\"urlTemplate\":\"https:\/\/gettaxi.ch\/?s={search_term_string}\"},\"query-input\":{\"@type\":\"PropertyValueSpecification\",\"valueRequired\":true,\"valueName\":\"search_term_string\"}}],\"inLanguage\":\"fr-FR\"},{\"@type\":\"Organization\",\"@id\":\"https:\/\/gettaxi.ch\/#organization\",\"name\":\"Get Taxi\",\"alternateName\":\"Airport Transfers and Fast Taxi Service\",\"url\":\"https:\/\/gettaxi.ch\/\",\"logo\":{\"@type\":\"ImageObject\",\"inLanguage\":\"fr-FR\",\"@id\":\"https:\/\/gettaxi.ch\/#\/schema\/logo\/image\/\",\"url\":\"https:\/\/gettaxi.ch\/wp-content\/uploads\/2021\/05\/2-1.png\",\"contentUrl\":\"https:\/\/gettaxi.ch\/wp-content\/uploads\/2021\/05\/2-1.png\",\"width\":1563,\"height\":1563,\"caption\":\"Get Taxi\"},\"image\":{\"@id\":\"https:\/\/gettaxi.ch\/#\/schema\/logo\/image\/\"},\"sameAs\":[\"https:\/\/www.facebook.com\/gettaxi.ch\/\",\"https:\/\/instagram.com\/gettaxi_ch\/\"]}]}<\/script>\n<!-- \/ Yoast SEO Premium plugin. -->","yoast_head_json":{"title":"Services | Get Taxi","description":"D\u00e9couvrez nos services de transport fiables avec une flotte moderne et confortable. R\u00e9servez facilement votre trajet 24\/7.","robots":{"index":"index","follow":"follow","max-snippet":"max-snippet:-1","max-image-preview":"max-image-preview:large","max-video-preview":"max-video-preview:-1"},"canonical":"https:\/\/gettaxi.ch\/fr\/services\/","og_locale":"fr_FR","og_type":"article","og_title":"Services","og_description":"Services Nous fournissons le meilleur service de transfert en taxi Comment pouvons-nous vous aider ? D\u00e9couvrez les services que nous proposons \u00a0","og_url":"https:\/\/gettaxi.ch\/fr\/services\/","og_site_name":"Get Taxi","article_publisher":"https:\/\/www.facebook.com\/gettaxi.ch\/","article_modified_time":"2024-11-22T02:30:57+00:00","og_image":[{"width":800,"height":600,"url":"https:\/\/gettaxi.ch\/wp-content\/uploads\/2024\/11\/Taxi-Geneva-services3.png","type":"image\/png"}],"twitter_card":"summary_large_image","twitter_misc":{"Dur\u00e9e de lecture estim\u00e9e":"1 minute"},"schema":{"@context":"https:\/\/schema.org","@graph":[{"@type":"WebPage","@id":"https:\/\/gettaxi.ch\/fr\/services\/","url":"https:\/\/gettaxi.ch\/fr\/services\/","name":"Services | Get Taxi","isPartOf":{"@id":"https:\/\/gettaxi.ch\/#website"},"primaryImageOfPage":{"@id":"https:\/\/gettaxi.ch\/fr\/services\/#primaryimage"},"image":{"@id":"https:\/\/gettaxi.ch\/fr\/services\/#primaryimage"},"thumbnailUrl":"https:\/\/gettaxi.ch\/wp-content\/uploads\/2024\/11\/Taxi-Geneva-services3.png","datePublished":"2017-06-19T06:07:39+00:00","dateModified":"2024-11-22T02:30:57+00:00","description":"D\u00e9couvrez nos services de transport fiables avec une flotte moderne et confortable. R\u00e9servez facilement votre trajet 24\/7.","breadcrumb":{"@id":"https:\/\/gettaxi.ch\/fr\/services\/#breadcrumb"},"inLanguage":"fr-FR","potentialAction":[{"@type":"ReadAction","target":["https:\/\/gettaxi.ch\/fr\/services\/"]}]},{"@type":"ImageObject","inLanguage":"fr-FR","@id":"https:\/\/gettaxi.ch\/fr\/services\/#primaryimage","url":"https:\/\/gettaxi.ch\/wp-content\/uploads\/2024\/11\/Taxi-Geneva-services3.png","contentUrl":"https:\/\/gettaxi.ch\/wp-content\/uploads\/2024\/11\/Taxi-Geneva-services3.png","width":800,"height":600,"caption":"Taxi Geneva services"},{"@type":"BreadcrumbList","@id":"https:\/\/gettaxi.ch\/fr\/services\/#breadcrumb","itemListElement":[{"@type":"ListItem","position":1,"name":"Home","item":"https:\/\/gettaxi.ch\/fr\/"},{"@type":"ListItem","position":2,"name":"Services"}]},{"@type":"WebSite","@id":"https:\/\/gettaxi.ch\/#website","url":"https:\/\/gettaxi.ch\/","name":"Get Taxi - CH","description":"Get the Relaxed Feeling","publisher":{"@id":"https:\/\/gettaxi.ch\/#organization"},"alternateName":"Airport Transfers | Taxi Geneva Airport | Taxi Lausanne","potentialAction":[{"@type":"SearchAction","target":{"@type":"EntryPoint","urlTemplate":"https:\/\/gettaxi.ch\/?s={search_term_string}"},"query-input":{"@type":"PropertyValueSpecification","valueRequired":true,"valueName":"search_term_string"}}],"inLanguage":"fr-FR"},{"@type":"Organization","@id":"https:\/\/gettaxi.ch\/#organization","name":"Get Taxi","alternateName":"Airport Transfers and Fast Taxi Service","url":"https:\/\/gettaxi.ch\/","logo":{"@type":"ImageObject","inLanguage":"fr-FR","@id":"https:\/\/gettaxi.ch\/#\/schema\/logo\/image\/","url":"https:\/\/gettaxi.ch\/wp-content\/uploads\/2021\/05\/2-1.png","contentUrl":"https:\/\/gettaxi.ch\/wp-content\/uploads\/2021\/05\/2-1.png","width":1563,"height":1563,"caption":"Get Taxi"},"image":{"@id":"https:\/\/gettaxi.ch\/#\/schema\/logo\/image\/"},"sameAs":["https:\/\/www.facebook.com\/gettaxi.ch\/","https:\/\/instagram.com\/gettaxi_ch\/"]}]}},"jetpack_sharing_enabled":true,"_links":{"self":[{"href":"https:\/\/gettaxi.ch\/fr\/wp-json\/wp\/v2\/pages\/14125","targetHints":{"allow":["GET"]}}],"collection":[{"href":"https:\/\/gettaxi.ch\/fr\/wp-json\/wp\/v2\/pages"}],"about":[{"href":"https:\/\/gettaxi.ch\/fr\/wp-json\/wp\/v2\/types\/page"}],"author":[{"embeddable":true,"href":"https:\/\/gettaxi.ch\/fr\/wp-json\/wp\/v2\/users\/2"}],"replies":[{"embeddable":true,"href":"https:\/\/gettaxi.ch\/fr\/wp-json\/wp\/v2\/comments?post=14125"}],"version-history":[{"count":2,"href":"https:\/\/gettaxi.ch\/fr\/wp-json\/wp\/v2\/pages\/14125\/revisions"}],"predecessor-version":[{"id":14511,"href":"https:\/\/gettaxi.ch\/fr\/wp-json\/wp\/v2\/pages\/14125\/revisions\/14511"}],"wp:featuredmedia":[{"embeddable":true,"href":"https:\/\/gettaxi.ch\/fr\/wp-json\/wp\/v2\/media\/14318"}],"wp:attachment":[{"href":"https:\/\/gettaxi.ch\/fr\/wp-json\/wp\/v2\/media?parent=14125"}],"curies":[{"name":"wp","href":"https:\/\/api.w.org\/{rel}","templated":true}]}}